{"id":148309,"date":"2021-01-15T10:57:08","date_gmt":"2021-01-15T10:57:08","guid":{"rendered":"https:\/\/codengine3.ch\/?product=import-placeholder-for-206332"},"modified":"2025-10-28T17:03:27","modified_gmt":"2025-10-28T16:03:27","slug":"die-anfaenge-des-alpinen-skirennsports-the-golden-age-of-alpine-ski-ing","status":"publish","type":"product","link":"https:\/\/pizbube.ch\/en\/shop\/die-anfaenge-des-alpinen-skirennsports-the-golden-age-of-alpine-ski-ing\/","title":{"rendered":"Die Anf\u00e4nge des alpinen Skirennsports \/ The Golden Age of Alpine Ski-ing"},"content":{"rendered":"<p>Dieses Buch beschreibt die Entwicklung des Skilaufs von seinen Urspr\u00fcngen in<br \/>\nSkandinavien \u00fcber die ersten Versuche im alpinen Gel\u00e4nde durch Mathias Zdarsky<br \/>\nbis hin zur Anerkennung des alpinen Skirennsports durch die FIS und das<br \/>\nOlympische Komitee in den Jahren zwischen 1924 und 1936. Im Januar 1924 hatte<br \/>\nSir Arnold Lunn den Kandahar Ski-Club in M\u00fcrren gegr\u00fcndet. In Chamonix fanden<br \/>\nzu dieser Zeit die ersten Internationalen Wintersportwochen statt, welche<br \/>\nsp\u00e4ter als erste Winterolympiade anerkannt wurden. Zur Austragung gelangten<br \/>\njedoch nur die nordischen Disziplinen Langlauf und Sprunglauf. Inspiriert<br \/>\ndurch die Initiative von Arnold Lunn gr\u00fcndete Walter Amstutz am 26. November<br \/>\n1924 mit seinen Freunden den Schweizerischen Akademischen Ski-Club (SAS).<\/p>\n<p>Die Geburtsstunden dieser beiden Ski-Clubs sind jedoch mehr als nur<br \/>\nhistorische Reminiszenzen. Sie bildeten den Startpunkt f\u00fcr eine Kampagne mit<br \/>\ndem Ziel, das Monopol des nordischen Skisports in der FIS zu brechen und dem<br \/>\nalpinen Skisport zum Durchbruch zu verhelfen. R\u00fcckblickend erstaunt, innert<br \/>\nwelch kurzer Zeit es dem Gespann Lunn-Amstutz gelang, mit Hilfe weiterer<br \/>\nWeggef\u00e4hrten, wie Hannes Schneider in St. Anton, die Anerkennung des alpinen<br \/>\nSkilaufs international durchzusetzen. Nur sechs Jahre sp\u00e4ter konnte sich die<br \/>\nFIS dem Druck aus den Alpenl\u00e4nder und der zunehmender Verbreitung des alpinen<br \/>\nSkilaufs nicht weiter widersetzen und anerkannte am Kongress von 1930 in Oslo<br \/>\nAbfahrt und Slalom als neue offizielle FIS-Disziplinen. Schon 1931 fanden in<br \/>\nM\u00fcrren die ersten FIS-Meisterschaften in Abfahrt und Slalom statt. 1936 fanden<br \/>\ndie alpinen Disziplinen Aufnahme in das Programm der Olympischen Winterspiele<br \/>\nin Garmisch-Patenkirchen. Damit war der Durchbruch des alpinen Skisports auf<br \/>\ninternationaler Ebene erreicht. Danach setzte eine Entwicklung ein, welche den<br \/>\nWintersport, die Olympische Bewegung und die touristische Entwicklung im<br \/>\nAlpengebiet massgeblich<\/p>","protected":false},"excerpt":{"rendered":"<p>Dieses Buch beschreibt die Entwicklung des Skilaufs von seinen Urspr\u00fcngen in Skandinavien \u00fcber die ersten Versuche im alpinen Gel\u00e4nde durch Mathias Zdarsky bis hin zur Anerkennung des alpinen Skirennsports durch die FIS und das Olympische Komitee in den Jahren zwischen 1924 und 1936. Im Januar 1924 hatte Sir Arnold Lunn den Kandahar Ski-Club in M\u00fcrren [&#8230;]\n","protected":false},"featured_media":35332,"template":"","meta":[],"product_brand":[],"product_cat":[21542],"product_tag":[],"class_list":{"0":"post-148309","1":"product","2":"type-product","3":"status-publish","4":"has-post-thumbnail","6":"product_cat-sachbuecher-dokumentationen","7":"pa_autor-amstutz","8":"pa_erscheinungsjahr-21830","9":"pa_region-schweiz","10":"pa_sprache-de","12":"first","13":"outofstock","14":"taxable","15":"shipping-taxable","16":"purchasable","17":"product-type-simple"},"_links":{"self":[{"href":"https:\/\/pizbube.ch\/en\/wp-json\/wp\/v2\/product\/148309","targetHints":{"allow":["GET"]}}],"collection":[{"href":"https:\/\/pizbube.ch\/en\/wp-json\/wp\/v2\/product"}],"about":[{"href":"https:\/\/pizbube.ch\/en\/wp-json\/wp\/v2\/types\/product"}],"wp:featuredmedia":[{"embeddable":true,"href":"https:\/\/pizbube.ch\/en\/wp-json\/wp\/v2\/media\/35332"}],"wp:attachment":[{"href":"https:\/\/pizbube.ch\/en\/wp-json\/wp\/v2\/media?parent=148309"}],"wp:term":[{"taxonomy":"product_brand","embeddable":true,"href":"https:\/\/pizbube.ch\/en\/wp-json\/wp\/v2\/product_brand?post=148309"},{"taxonomy":"product_cat","embeddable":true,"href":"https:\/\/pizbube.ch\/en\/wp-json\/wp\/v2\/product_cat?post=148309"},{"taxonomy":"product_tag","embeddable":true,"href":"https:\/\/pizbube.ch\/en\/wp-json\/wp\/v2\/product_tag?post=148309"}],"curies":[{"name":"wp","href":"https:\/\/api.w.org\/{rel}","templated":true}]}}