{"id":148310,"date":"2021-01-15T10:57:08","date_gmt":"2021-01-15T10:57:08","guid":{"rendered":"https:\/\/codengine3.ch\/?product=import-placeholder-for-207488"},"modified":"2024-01-25T11:29:35","modified_gmt":"2024-01-25T10:29:35","slug":"sans-limite-photographies-de-montagne","status":"publish","type":"product","link":"https:\/\/pizbube.ch\/en\/shop\/sans-limite-photographies-de-montagne\/","title":{"rendered":"Sans limite &#8211; Photographies de montagne"},"content":{"rendered":"<p>Le paysage de montagne est un domaine dans lequel la photographie a r\u00e9ellement<br \/>\npu innover, tout en s\u2019inscrivant dans une tradition picturale, scientifique et<br \/>\nculturelle n\u00e9e au XVIIIe si\u00e8cle. La force de repr\u00e9sentation de la photographie<br \/>\ntranscrit le caract\u00e8re hi\u00e9ratique, path\u00e9tique, fascinant et solitaire de la<br \/>\nhaute montagne. Esth\u00e9tiquement elle tente d\u2019en restituer le sentiment du<br \/>\nsublime.<\/p>\n<p>Ce n\u2019est qu\u2019en 1861 que les fr\u00e8res Bisson et Joseph Tairraz r\u00e9alisent leurs<br \/>\npremi\u00e8res photographies dans le massif du Mont-Blanc, un exploit sans<br \/>\npr\u00e9c\u00e9dent, en raison des conditions extr\u00eames et du caract\u00e8re p\u00e9rilleux de<br \/>\nl\u2019entreprise. Le terme \u00ab alpinisme \u00bb appara\u00eet en 1876, augurant d\u2019une autre<br \/>\napproche photographique, celle qui traduit l\u2019esprit de conqu\u00eate et le<br \/>\nd\u00e9passement d\u2019une vision mystique et spirituelle de la montagne.<\/p>\n<p>Les principaux photographes de paysage du XIXe si\u00e8cle ont su traduire avec<br \/>\ntalent cette approche nouvelle de la montagne. L\u2019ensemble culturel et<br \/>\nesth\u00e9tique qu\u2019ils ont propos\u00e9 rend aussi compte de la transformation radicale<br \/>\net parfois brutale du paysage suisse. Durant tout le XXe si\u00e8cle, le regard des<br \/>\nphotographes de montagne se d\u00e9veloppe de mani\u00e8re spectaculaire ; le num\u00e9rique<br \/>\npermet de nouvelles approches qui ont renouvel\u00e9 le genre de mani\u00e8re cr\u00e9ative<br \/>\net originale.<\/p>\n<p>En grande partie issues des collections du mus\u00e9e de l\u2019Elys\u00e9e, deux cents<br \/>\nphotographies permettent de comprendre les directions dans lesquelles s\u2019est<br \/>\nd\u00e9velopp\u00e9e la photographie de montagne (la science, le tourisme, l\u2019alpinisme,<br \/>\nl\u2019art) et les aspects formels utilis\u00e9s par les photographes de 1840 \u00e0 nos<br \/>\njours (la frontalit\u00e9, la verticalit\u00e9, la contre-plong\u00e9e par exemple).<\/p>\n<p>La publication comprend un texte de Daniel Girardin sur la photographie de<br \/>\nmontagne et un entretien avec le photographe Maurice Schobinger.<\/p>","protected":false},"excerpt":{"rendered":"<p>Le paysage de montagne est un domaine dans lequel la photographie a r\u00e9ellement pu innover, tout en s\u2019inscrivant dans une tradition picturale, scientifique et culturelle n\u00e9e au XVIIIe si\u00e8cle. La force de repr\u00e9sentation de la photographie transcrit le caract\u00e8re hi\u00e9ratique, path\u00e9tique, fascinant et solitaire de la haute montagne. Esth\u00e9tiquement elle tente d\u2019en restituer le sentiment [&#8230;]\n","protected":false},"featured_media":171336,"template":"","meta":[],"product_brand":[],"product_cat":[21580],"product_tag":[],"class_list":{"0":"post-148310","1":"product","2":"type-product","3":"status-publish","4":"has-post-thumbnail","6":"product_cat-kunst-kultur","7":"pa_autor-girardin","8":"pa_erscheinungsjahr-21574","9":"pa_region-schweiz","10":"pa_sprache-fr","12":"first","13":"instock","14":"taxable","15":"shipping-taxable","16":"purchasable","17":"product-type-simple"},"_links":{"self":[{"href":"https:\/\/pizbube.ch\/en\/wp-json\/wp\/v2\/product\/148310","targetHints":{"allow":["GET"]}}],"collection":[{"href":"https:\/\/pizbube.ch\/en\/wp-json\/wp\/v2\/product"}],"about":[{"href":"https:\/\/pizbube.ch\/en\/wp-json\/wp\/v2\/types\/product"}],"wp:featuredmedia":[{"embeddable":true,"href":"https:\/\/pizbube.ch\/en\/wp-json\/wp\/v2\/media\/171336"}],"wp:attachment":[{"href":"https:\/\/pizbube.ch\/en\/wp-json\/wp\/v2\/media?parent=148310"}],"wp:term":[{"taxonomy":"product_brand","embeddable":true,"href":"https:\/\/pizbube.ch\/en\/wp-json\/wp\/v2\/product_brand?post=148310"},{"taxonomy":"product_cat","embeddable":true,"href":"https:\/\/pizbube.ch\/en\/wp-json\/wp\/v2\/product_cat?post=148310"},{"taxonomy":"product_tag","embeddable":true,"href":"https:\/\/pizbube.ch\/en\/wp-json\/wp\/v2\/product_tag?post=148310"}],"curies":[{"name":"wp","href":"https:\/\/api.w.org\/{rel}","templated":true}]}}