{"id":148317,"date":"2021-01-15T10:57:08","date_gmt":"2021-01-15T10:57:08","guid":{"rendered":"https:\/\/codengine3.ch\/?product=import-placeholder-for-207538"},"modified":"2021-01-15T16:04:25","modified_gmt":"2021-01-15T16:04:25","slug":"gratwanderung-vom-ueberlebensinstinkt-bekannter-alpinisten","status":"publish","type":"product","link":"https:\/\/pizbube.ch\/en\/shop\/gratwanderung-vom-ueberlebensinstinkt-bekannter-alpinisten\/","title":{"rendered":"Gratwanderung &#8211; Vom \u00dcberlebensinstinkt bekannter Alpinisten"},"content":{"rendered":"<p>Das Gesp\u00fcr f\u00fcr den Berg<\/p>\n<p>Bergsteigen ist eine Gratwanderung zwischen Risiko und Verantwortung.<br \/>\nErfahrung, Wissen und Intuition sichern das \u00dcberleben in Extremsituationen.<br \/>\nNamhafte Bergf\u00fchrer und Alpinisten wie Peter Habeler oder Thomas Huber<br \/>\nerz\u00e4hlen wie es ihnen gelang Gefahren zu entrinnen, Schwierigkeiten zu<br \/>\nmeistern und den Elementen zu trotzen. Ein spannendes Lesebuch mit<br \/>\nbeeindruckenden Bildern und wertvollen Tipps f\u00fcr alle Bergsportler.<\/p>\n<p>224 Seiten, ca. 70 Abbildungen, Format 14,3 x 22,3 cm, Hardcover mit<br \/>\nSchutzumschlag<\/p>","protected":false},"excerpt":{"rendered":"<p>Das Gesp\u00fcr f\u00fcr den Berg Bergsteigen ist eine Gratwanderung zwischen Risiko und Verantwortung. Erfahrung, Wissen und Intuition sichern das \u00dcberleben in Extremsituationen. Namhafte Bergf\u00fchrer und Alpinisten wie Peter Habeler oder Thomas Huber erz\u00e4hlen wie es ihnen gelang Gefahren zu entrinnen, Schwierigkeiten zu meistern und den Elementen zu trotzen. Ein spannendes Lesebuch mit beeindruckenden Bildern und [&#8230;]\n","protected":false},"featured_media":37752,"template":"","meta":[],"product_brand":[],"product_cat":[21542],"product_tag":[],"class_list":{"0":"post-148317","1":"product","2":"type-product","3":"status-publish","4":"has-post-thumbnail","6":"product_cat-sachbuecher-dokumentationen","7":"pa_autor-auffermann","8":"pa_erscheinungsjahr-21568","9":"pa_region-deutschland","10":"pa_sprache-de","12":"first","13":"outofstock","14":"taxable","15":"shipping-taxable","16":"purchasable","17":"product-type-simple"},"_links":{"self":[{"href":"https:\/\/pizbube.ch\/en\/wp-json\/wp\/v2\/product\/148317","targetHints":{"allow":["GET"]}}],"collection":[{"href":"https:\/\/pizbube.ch\/en\/wp-json\/wp\/v2\/product"}],"about":[{"href":"https:\/\/pizbube.ch\/en\/wp-json\/wp\/v2\/types\/product"}],"wp:featuredmedia":[{"embeddable":true,"href":"https:\/\/pizbube.ch\/en\/wp-json\/wp\/v2\/media\/37752"}],"wp:attachment":[{"href":"https:\/\/pizbube.ch\/en\/wp-json\/wp\/v2\/media?parent=148317"}],"wp:term":[{"taxonomy":"product_brand","embeddable":true,"href":"https:\/\/pizbube.ch\/en\/wp-json\/wp\/v2\/product_brand?post=148317"},{"taxonomy":"product_cat","embeddable":true,"href":"https:\/\/pizbube.ch\/en\/wp-json\/wp\/v2\/product_cat?post=148317"},{"taxonomy":"product_tag","embeddable":true,"href":"https:\/\/pizbube.ch\/en\/wp-json\/wp\/v2\/product_tag?post=148317"}],"curies":[{"name":"wp","href":"https:\/\/api.w.org\/{rel}","templated":true}]}}