{"id":148321,"date":"2021-01-15T10:57:08","date_gmt":"2021-01-15T10:57:08","guid":{"rendered":"https:\/\/codengine3.ch\/?product=import-placeholder-for-205515"},"modified":"2024-12-14T15:10:31","modified_gmt":"2024-12-14T14:10:31","slug":"greina","status":"publish","type":"product","link":"https:\/\/pizbube.ch\/en\/shop\/greina\/","title":{"rendered":"Greina"},"content":{"rendered":"<p>Spazio &#8211; Raum &#8211; Spazi &#8211; Greina<\/p>\n<p>Die weitl\u00e4ufige Alpen-Hochebene bildet die Grenze zwischen den beiden Kantonen Tessin und Graub\u00fcnden und geh\u00f6rt zu den einzigartigsten und faszinierendsten &#8218;Landschaften&#8216; des gesamten Alpenraums. Manch einer spricht von einem &#8218;kleinen Tibet&#8216;, andere von &#8218;unserer Tundra&#8216; oder von einer &#8218;W\u00fcste&#8216; &#8230; aus Gras, Fels und Schnee. Diese letzte Bezeichnung trifft vielleicht am ehesten zu.<\/p>\n<p>Dieser Fotoband mit einer Einf\u00fchrung von Leo Tuor ist sowohl aufgrund seiner Bilder wie auch durch den grafischen Aufbau ein anspruchsvolles Werk. Durch das grossz\u00fcgige Format \u00f6ffnen sich grosse Fenster &#8211; eine deutliche Einladung, sich ohne bestimmtes Ziel durch das Buch zu bewegen, eine Seite nach der andern. Es bleiben weitere W\u00fcsten zu entdecken.<\/p>\n<p>Bildband, 220 Seiten, Deutsch\/Italienisch.<br \/>\nFormat: 32 x 23 cm<\/p>\n<p>&nbsp;<\/p>","protected":false},"excerpt":{"rendered":"<p>Spazio &#8211; Raum &#8211; Spazi &#8211; Greina Die weitl\u00e4ufige Alpen-Hochebene bildet die Grenze zwischen den beiden Kantonen Tessin und Graub\u00fcnden und geh\u00f6rt zu den einzigartigsten und faszinierendsten &#8218;Landschaften&#8216; des gesamten Alpenraums. Manch einer spricht von einem &#8218;kleinen Tibet&#8216;, andere von &#8218;unserer Tundra&#8216; oder von einer &#8218;W\u00fcste&#8216; &#8230; aus Gras, Fels und Schnee. Diese letzte Bezeichnung [&#8230;]\n","protected":false},"featured_media":176774,"template":"","meta":[],"product_brand":[],"product_cat":[21542],"product_tag":[],"class_list":{"0":"post-148321","1":"product","2":"type-product","3":"status-publish","4":"has-post-thumbnail","6":"product_cat-sachbuecher-dokumentationen","7":"pa_autor-buzzini-crivelli-grizzi-lanfranconi-luban-volken","8":"pa_erscheinungsjahr-21591","9":"pa_region-schweiz","10":"pa_sprache-de-it-rumantsch","12":"first","13":"outofstock","14":"taxable","15":"shipping-taxable","16":"purchasable","17":"product-type-simple"},"_links":{"self":[{"href":"https:\/\/pizbube.ch\/en\/wp-json\/wp\/v2\/product\/148321","targetHints":{"allow":["GET"]}}],"collection":[{"href":"https:\/\/pizbube.ch\/en\/wp-json\/wp\/v2\/product"}],"about":[{"href":"https:\/\/pizbube.ch\/en\/wp-json\/wp\/v2\/types\/product"}],"wp:featuredmedia":[{"embeddable":true,"href":"https:\/\/pizbube.ch\/en\/wp-json\/wp\/v2\/media\/176774"}],"wp:attachment":[{"href":"https:\/\/pizbube.ch\/en\/wp-json\/wp\/v2\/media?parent=148321"}],"wp:term":[{"taxonomy":"product_brand","embeddable":true,"href":"https:\/\/pizbube.ch\/en\/wp-json\/wp\/v2\/product_brand?post=148321"},{"taxonomy":"product_cat","embeddable":true,"href":"https:\/\/pizbube.ch\/en\/wp-json\/wp\/v2\/product_cat?post=148321"},{"taxonomy":"product_tag","embeddable":true,"href":"https:\/\/pizbube.ch\/en\/wp-json\/wp\/v2\/product_tag?post=148321"}],"curies":[{"name":"wp","href":"https:\/\/api.w.org\/{rel}","templated":true}]}}