{"id":148325,"date":"2021-01-15T10:57:08","date_gmt":"2021-01-15T10:57:08","guid":{"rendered":"https:\/\/codengine3.ch\/?product=import-placeholder-for-203712"},"modified":"2021-01-15T14:25:55","modified_gmt":"2021-01-15T14:25:55","slug":"pirineo-aragones-montana-de-los-hombres","status":"publish","type":"product","link":"https:\/\/pizbube.ch\/en\/shop\/pirineo-aragones-montana-de-los-hombres\/","title":{"rendered":"Pirineo aragon\u00e9s Monta\u00f1a de los hombres"},"content":{"rendered":"<p>Ilustrado con m\u00e1s de 150 im\u00e1genes a todo color, este libro constituye un<br \/>\nsingular testimonio del pasado y del presente del Alto Arag\u00f3n, tejido a partir<br \/>\nde encuentros con sus habitantes que se agarran todav\u00eda a la tierra de sus<br \/>\nancestros.<br \/>\nPirineo aragon\u00e9s habla de la dificultad de vivir en esta tierra, del<br \/>\ncataclismo de la Guerra Civil y del desgarro del exilio, de la inmigraci\u00f3n, de<br \/>\nlos planes hidrol\u00f3gicos de la \u00e9poca desarrollista. Pero sobre todo ofrece un<br \/>\nretrato lleno de sentimiento de un espacio natural fuera de lo com\u00fan, de sus<br \/>\ninnumerables maravillas geol\u00f3gicas y paisaj\u00edsticas: Ordesa y Monte Perdido,<br \/>\nsierra de Guara, picos de Aneto y La Madaleta, los Mallos de Riglos&#8230;<\/p>","protected":false},"excerpt":{"rendered":"<p>Ilustrado con m\u00e1s de 150 im\u00e1genes a todo color, este libro constituye un singular testimonio del pasado y del presente del Alto Arag\u00f3n, tejido a partir de encuentros con sus habitantes que se agarran todav\u00eda a la tierra de sus ancestros. Pirineo aragon\u00e9s habla de la dificultad de vivir en esta tierra, del cataclismo de [&#8230;]\n","protected":false},"featured_media":31376,"template":"","meta":[],"product_brand":[],"product_cat":[21542],"product_tag":[],"class_list":{"0":"post-148325","1":"product","2":"type-product","3":"status-publish","4":"has-post-thumbnail","6":"product_cat-sachbuecher-dokumentationen","7":"pa_autor-follet-mendieta","8":"pa_erscheinungsjahr-22242","9":"pa_region-spanien","10":"pa_sprache-sp","12":"first","13":"instock","14":"taxable","15":"shipping-taxable","16":"purchasable","17":"product-type-simple"},"_links":{"self":[{"href":"https:\/\/pizbube.ch\/en\/wp-json\/wp\/v2\/product\/148325","targetHints":{"allow":["GET"]}}],"collection":[{"href":"https:\/\/pizbube.ch\/en\/wp-json\/wp\/v2\/product"}],"about":[{"href":"https:\/\/pizbube.ch\/en\/wp-json\/wp\/v2\/types\/product"}],"wp:featuredmedia":[{"embeddable":true,"href":"https:\/\/pizbube.ch\/en\/wp-json\/wp\/v2\/media\/31376"}],"wp:attachment":[{"href":"https:\/\/pizbube.ch\/en\/wp-json\/wp\/v2\/media?parent=148325"}],"wp:term":[{"taxonomy":"product_brand","embeddable":true,"href":"https:\/\/pizbube.ch\/en\/wp-json\/wp\/v2\/product_brand?post=148325"},{"taxonomy":"product_cat","embeddable":true,"href":"https:\/\/pizbube.ch\/en\/wp-json\/wp\/v2\/product_cat?post=148325"},{"taxonomy":"product_tag","embeddable":true,"href":"https:\/\/pizbube.ch\/en\/wp-json\/wp\/v2\/product_tag?post=148325"}],"curies":[{"name":"wp","href":"https:\/\/api.w.org\/{rel}","templated":true}]}}