{"id":148326,"date":"2021-01-15T10:57:08","date_gmt":"2021-01-15T10:57:08","guid":{"rendered":"https:\/\/codengine3.ch\/?product=import-placeholder-for-205807"},"modified":"2021-01-15T14:44:03","modified_gmt":"2021-01-15T14:44:03","slug":"aneto-5-vias-a-la-cumbre","status":"publish","type":"product","link":"https:\/\/pizbube.ch\/en\/shop\/aneto-5-vias-a-la-cumbre\/","title":{"rendered":"Aneto &#8211; 5 v\u00edas a la cumbre."},"content":{"rendered":"<p>Aneto, 5 v\u00edas a la cumbre inaugura una nueva colecci\u00f3n de gu\u00edas monta\u00f1eras<br \/>\nreferidas a las cumbres m\u00e1s emblem\u00e1ticas de nuestra geograf\u00eda. En esta ocasi\u00f3n<br \/>\nes David Atela quien nos acompa\u00f1ar\u00e1 en nuestro ascenso por las 5 principales<br \/>\nv\u00edas: .- Por los Postillones y el glaciar .- Por Vallibierna y Coronas .-<br \/>\nCresta suroeste del Aneto .- Desde la Maladeta al Aneto .- Integral Palenques-<br \/>\nTempestades Sin duda se trata de una gu\u00eda absolutamente pr\u00e1ctica, pensada<br \/>\nmonta\u00f1eros no excesivamente entrenados, que adem\u00e1s nos permitir\u00e1 elegir la<br \/>\nactividad, o el camino de ascenso que m\u00e1s se adapte a nuestra forma f\u00edsica y a<br \/>\nnuestras preferencias.  <\/p>","protected":false},"excerpt":{"rendered":"<p>Aneto, 5 v\u00edas a la cumbre inaugura una nueva colecci\u00f3n de gu\u00edas monta\u00f1eras referidas a las cumbres m\u00e1s emblem\u00e1ticas de nuestra geograf\u00eda. En esta ocasi\u00f3n es David Atela quien nos acompa\u00f1ar\u00e1 en nuestro ascenso por las 5 principales v\u00edas: .- Por los Postillones y el glaciar .- Por Vallibierna y Coronas .- Cresta suroeste del [&#8230;]\n","protected":false},"featured_media":34632,"template":"","meta":[],"product_brand":[],"product_cat":[21544],"product_tag":[],"class_list":{"0":"post-148326","1":"product","2":"type-product","3":"status-publish","4":"has-post-thumbnail","6":"product_cat-fuehrerliteratur-alpin-sommer","7":"pa_autor-atela","8":"pa_erscheinungsjahr-21693","9":"pa_region-spanien","10":"pa_sprache-sp","12":"first","13":"instock","14":"taxable","15":"shipping-taxable","16":"purchasable","17":"product-type-simple"},"_links":{"self":[{"href":"https:\/\/pizbube.ch\/en\/wp-json\/wp\/v2\/product\/148326","targetHints":{"allow":["GET"]}}],"collection":[{"href":"https:\/\/pizbube.ch\/en\/wp-json\/wp\/v2\/product"}],"about":[{"href":"https:\/\/pizbube.ch\/en\/wp-json\/wp\/v2\/types\/product"}],"wp:featuredmedia":[{"embeddable":true,"href":"https:\/\/pizbube.ch\/en\/wp-json\/wp\/v2\/media\/34632"}],"wp:attachment":[{"href":"https:\/\/pizbube.ch\/en\/wp-json\/wp\/v2\/media?parent=148326"}],"wp:term":[{"taxonomy":"product_brand","embeddable":true,"href":"https:\/\/pizbube.ch\/en\/wp-json\/wp\/v2\/product_brand?post=148326"},{"taxonomy":"product_cat","embeddable":true,"href":"https:\/\/pizbube.ch\/en\/wp-json\/wp\/v2\/product_cat?post=148326"},{"taxonomy":"product_tag","embeddable":true,"href":"https:\/\/pizbube.ch\/en\/wp-json\/wp\/v2\/product_tag?post=148326"}],"curies":[{"name":"wp","href":"https:\/\/api.w.org\/{rel}","templated":true}]}}