{"id":148327,"date":"2021-01-15T10:57:08","date_gmt":"2021-01-15T10:57:08","guid":{"rendered":"https:\/\/codengine3.ch\/?product=import-placeholder-for-206779"},"modified":"2024-07-17T12:18:21","modified_gmt":"2024-07-17T10:18:21","slug":"bocchette-weg-und-klettersteige-der-brentagruppe","status":"publish","type":"product","link":"https:\/\/pizbube.ch\/en\/shop\/bocchette-weg-und-klettersteige-der-brentagruppe\/","title":{"rendered":"Bocchette-Weg und Klettersteige der Brentagruppe"},"content":{"rendered":"<p>Durch die einzigartige, an Sch\u00f6nheit nicht zu \u00fcberbietende Felsandschaft der Brenta ziehen sich endlose Wanderwege, zahllose gesicherte Steige und Klettersteige, die jedes Jahr von Hunderten von Wanderern und Alpinisten aufgesucht werden.<\/p>\n<p>Die \u201cVia delle Bocchette\u201d \u00fcbt sicherlich die gr\u00f6\u00dfte Anziehungskraft von allen aus. Sie stellt einen der waghalsigsten Steige \u00fcber B\u00e4nder und Grate in den gesamten Dolomiten dar, eine lange Tour zwischen Himmel und Erde durch die gesamte Brentagruppe, die bis in die engsten und intimsten Winkel des Gebirges dringt und die Geschichte vieler Alpinisten und Pers\u00f6nlichkeiten erz\u00e4hlt.<\/p>\n<p>Liste der Routen:<\/p>\n<p>1 &#8211; Via ferrata Ettore Castiglioni<br \/>\n2 &#8211; Sentiero dell&#8217;Ideale<br \/>\n3 &#8211; Sentiero alpinistico attrezzato Daniele Martinazzi<br \/>\n4 &#8211; Sentiero attrezzato Ottone Brentari<br \/>\n5 &#8211; Sentiero attrezzato Elio Palmieri Alto<br \/>\n6 &#8211; Via ferrata delle Bocchette Centrali<br \/>\n7 &#8211; Via ferrata Felice Spellini<br \/>\n8 &#8211; Via ferrata delle Bocchette Alte<br \/>\n9 &#8211; Sentiero attrezzato Osvaldo Orsi<br \/>\n10 &#8211; Via ferrata Oliva Detassis<br \/>\n11 &#8211; Sentiero attrezzato SOSAT<br \/>\n12 &#8211; Sentiero attrezzato Alfredo Benini<br \/>\n13 &#8211; Sentiero attrezzato Antonio Dallagiacoma<br \/>\n14 &#8211; Sentiero attrezzato Gustavo Vidi<br \/>\n15 &#8211; Sentiero alpinistico attrezzato C. Costanzi<br \/>\n16 &#8211; Sentiero attrezzato delle Palete<br \/>\n17 &#8211; Sentiero attrezzato della Val Gelada di Tenno<br \/>\n18 &#8211; Sentiero attrezzato del Monte Peller<br \/>\n19 &#8211; Sentiero attrezzato Celestino Donini<br \/>\n20 &#8211; Sentiero attrezzato delle Grotte<br \/>\n21 &#8211; Sentiero attrezzato delle Val Perse<br \/>\n22 &#8211; Sentiero attrezzato della Val di Sacco<br \/>\n23 &#8211; Sentiero attrezzato della Scala Santa<br \/>\n24 &#8211; Via ferrata Bocca di Brenta<br \/>\n25 &#8211; Sentiero Arnaldo Bogani<\/p>","protected":false},"excerpt":{"rendered":"<p>Durch die einzigartige, an Sch\u00f6nheit nicht zu \u00fcberbietende Felsandschaft der Brenta ziehen sich endlose Wanderwege, zahllose gesicherte Steige und Klettersteige, die jedes Jahr von Hunderten von Wanderern und Alpinisten aufgesucht werden. Die \u201cVia delle Bocchette\u201d \u00fcbt sicherlich die gr\u00f6\u00dfte Anziehungskraft von allen aus. Sie stellt einen der waghalsigsten Steige \u00fcber B\u00e4nder und Grate in den [&#8230;]\n","protected":false},"featured_media":173961,"template":"","meta":[],"product_brand":[],"product_cat":[21544],"product_tag":[],"class_list":{"0":"post-148327","1":"product","2":"type-product","3":"status-publish","4":"has-post-thumbnail","6":"product_cat-fuehrerliteratur-alpin-sommer","7":"pa_autor-ciri","8":"pa_erscheinungsjahr-21586","9":"pa_region-italien","10":"pa_sprache-de","12":"first","13":"onbackorder","14":"taxable","15":"shipping-taxable","16":"purchasable","17":"product-type-simple"},"_links":{"self":[{"href":"https:\/\/pizbube.ch\/en\/wp-json\/wp\/v2\/product\/148327","targetHints":{"allow":["GET"]}}],"collection":[{"href":"https:\/\/pizbube.ch\/en\/wp-json\/wp\/v2\/product"}],"about":[{"href":"https:\/\/pizbube.ch\/en\/wp-json\/wp\/v2\/types\/product"}],"wp:featuredmedia":[{"embeddable":true,"href":"https:\/\/pizbube.ch\/en\/wp-json\/wp\/v2\/media\/173961"}],"wp:attachment":[{"href":"https:\/\/pizbube.ch\/en\/wp-json\/wp\/v2\/media?parent=148327"}],"wp:term":[{"taxonomy":"product_brand","embeddable":true,"href":"https:\/\/pizbube.ch\/en\/wp-json\/wp\/v2\/product_brand?post=148327"},{"taxonomy":"product_cat","embeddable":true,"href":"https:\/\/pizbube.ch\/en\/wp-json\/wp\/v2\/product_cat?post=148327"},{"taxonomy":"product_tag","embeddable":true,"href":"https:\/\/pizbube.ch\/en\/wp-json\/wp\/v2\/product_tag?post=148327"}],"curies":[{"name":"wp","href":"https:\/\/api.w.org\/{rel}","templated":true}]}}