{"id":148328,"date":"2021-01-15T10:57:09","date_gmt":"2021-01-15T10:57:09","guid":{"rendered":"https:\/\/codengine3.ch\/?product=import-placeholder-for-208348"},"modified":"2021-01-15T17:53:01","modified_gmt":"2021-01-15T17:53:01","slug":"huettentrekking-ostalpen","status":"publish","type":"product","link":"https:\/\/pizbube.ch\/en\/shop\/huettentrekking-ostalpen\/","title":{"rendered":"H\u00fcttentrekking Ostalpen"},"content":{"rendered":"<p>32 Mehrtagestouren von H\u00fctte zu H\u00fctte  <\/p>\n<p>Dieses Buch zeigt, welch abwechslungsreiche Trekkingtouren die Ostalpen zu<br \/>\nbieten haben. Aus den gro\u00dfen und bedeutenden Gebirgsgruppen wurden die<br \/>\nsch\u00f6nsten und repr\u00e4sentativsten Touren aufgenommen. Dabei sind Klassiker, wie<br \/>\nder Venediger-H\u00f6henweg und der Berliner H\u00f6henweg, doch es werden auch einige<br \/>\nGeheimtipps vorgestellt, wie zum Beispiel der Sentiero delle Orobie Orientale.  <\/p>\n<p>Die Bandbreite reicht von kurzen Wochenendausfl\u00fcgen bis zu zweiw\u00f6chigen<br \/>\nTrekkingtouren. Der Schwerpunkt liegt bei vier- bis f\u00fcnft\u00e4gigen Wanderungen.<br \/>\nGut beraten ist jedoch, wer immer etwas mehr Zeit einplant \u2013 f\u00fcr entspannte<br \/>\nRuhetage in den H\u00fctten, erholsame Stunden an einem der zahlreichen Bergseen<br \/>\nund die Besteigung einiger \u00bbam Wegrand\u00ab liegenden Gipfel.  <\/p>\n<p>Die Schwierigkeit der Touren reicht von einfachen Wanderungen f\u00fcr<br \/>\nH\u00fcttentrekking-Einsteiger und Familien mit Kindern bis zu Routen, die ein<br \/>\nhohes Ma\u00df an Trittsicherheit in alpinem Gel\u00e4nde und Gletschererfahrung<br \/>\nvoraussetzen. Auch f\u00fcr Klettersteiggeher wird etwas geboten: Wer es gerne<br \/>\nluftig unter den Sohlen mag, wird auf den Bocchette-Wegen in der Brenta seine<br \/>\nHerausforderung finden.  <\/p>\n<p>Ralf Gantzhorn und Andreas Seeger sind f\u00fcr dieses Buch Tausende von<br \/>\nH\u00f6henmetern in den gesamten Ostalpen abgelaufen und haben zahlreiche H\u00fctten<br \/>\ngetestet. Die Essenz, die 32 sch\u00f6nsten Touren, finden sich exakt recherchiert<br \/>\nin diesem Band. Eine \u00fcbersichtliche Kurzinfo, ausf\u00fchrliche<br \/>\nRoutenbeschreibungen, H\u00f6henprofile und Wanderkarten zu jeder Tour machen<br \/>\ndieses Buch zu einer unverzichtbaren Planungshilfe. Es bleibt lediglich, sich<br \/>\ndurch die fantastischen Farbfotos inspirieren zu lassen, den Rucksack zu<br \/>\npacken und loszuziehen.<br \/>\n5. Auflage 2014; 248 Seiten mit 163 Farbabbildungen, 44 Tourenkarten im<br \/>\nMa\u00dfstab 1:75.000, 41 H\u00f6henprofile, 1 \u00dcbersichtskarte<\/p>","protected":false},"excerpt":{"rendered":"<ul>\n<li><a href=\"https:\/\/pizbube.ch\/wp-content\/uploads\/attachments\/a_029\/D7211B07D81D15E5C1665FFA0403DC69.pdf\" target=\"_blank\" rel=\"noopener\">PDF: H\u00dcTTENTREKKING OSTALPEN_inhalt<\/a><\/li>\n<\/ul>","protected":false},"featured_media":41111,"template":"","meta":[],"product_brand":[],"product_cat":[21605],"product_tag":[],"class_list":{"0":"post-148328","1":"product","2":"type-product","3":"status-publish","4":"has-post-thumbnail","6":"product_cat-wanderfuehrer-trekking","7":"pa_autor-gantzhorn-seeger","8":"pa_erscheinungsjahr-21550","9":"pa_region-oesterreich","10":"pa_sprache-de","12":"first","13":"instock","14":"taxable","15":"shipping-taxable","16":"purchasable","17":"product-type-simple"},"_links":{"self":[{"href":"https:\/\/pizbube.ch\/en\/wp-json\/wp\/v2\/product\/148328","targetHints":{"allow":["GET"]}}],"collection":[{"href":"https:\/\/pizbube.ch\/en\/wp-json\/wp\/v2\/product"}],"about":[{"href":"https:\/\/pizbube.ch\/en\/wp-json\/wp\/v2\/types\/product"}],"wp:featuredmedia":[{"embeddable":true,"href":"https:\/\/pizbube.ch\/en\/wp-json\/wp\/v2\/media\/41111"}],"wp:attachment":[{"href":"https:\/\/pizbube.ch\/en\/wp-json\/wp\/v2\/media?parent=148328"}],"wp:term":[{"taxonomy":"product_brand","embeddable":true,"href":"https:\/\/pizbube.ch\/en\/wp-json\/wp\/v2\/product_brand?post=148328"},{"taxonomy":"product_cat","embeddable":true,"href":"https:\/\/pizbube.ch\/en\/wp-json\/wp\/v2\/product_cat?post=148328"},{"taxonomy":"product_tag","embeddable":true,"href":"https:\/\/pizbube.ch\/en\/wp-json\/wp\/v2\/product_tag?post=148328"}],"curies":[{"name":"wp","href":"https:\/\/api.w.org\/{rel}","templated":true}]}}