{"id":148329,"date":"2021-01-15T10:57:09","date_gmt":"2021-01-15T10:57:09","guid":{"rendered":"https:\/\/codengine3.ch\/?product=import-placeholder-for-200400"},"modified":"2022-03-30T10:28:03","modified_gmt":"2022-03-30T08:28:03","slug":"rund-um-zuerich","status":"publish","type":"product","link":"https:\/\/pizbube.ch\/en\/shop\/rund-um-zuerich\/","title":{"rendered":"Rund um Z\u00fcrich"},"content":{"rendered":"<p>Raus aus der Stadt! Die Landschaften rund um Z\u00fcrich bilden das Kernst\u00fcck der<br \/>\nSchweiz \u2013 sie liegen zwischen Furkapass und Hochrhein und er\u00f6ffnen dem<br \/>\nWanderer gro\u00dfartige Erlebnisse, sowohl in den Alpenkantonen Uri, Schwyz, Ob-<br \/>\nund Nidwalden, Luzern und Glarus, als auch in den Mittelland-Kantonen Z\u00fcrich,<br \/>\nAargau, Thurgau, St. Gallen und Zug.<\/p>\n<p>Dieses Wanderbuch beschreibt die sch\u00f6nsten Touren f\u00fcr jeden Geschmack und f\u00fcr<br \/>\ndas ganze Jahr: von rassigen Gipfeltouren und H\u00fcttenaufstiegen \u00fcber<br \/>\natemberaubende Passwanderungen bis zu gem\u00fctlichen Kulturspazierg\u00e4ngen.<\/p>\n<p>216 Seiten mit 149 Farbabbildungen, 53 Wanderk\u00e4rtchen im Ma\u00dfstab 1:50.000,<br \/>\n53 H\u00f6henprofile, GPS-Daten zum Download, eine \u00dcbersichtskarte<\/p>\n<p>2. Auflage 2019<\/p>","protected":false},"excerpt":{"rendered":"<ul>\n<li><a href=\"https:\/\/pizbube.ch\/wp-content\/uploads\/attachments\/a_023\/7ED5D263C367A85F7ABFD09C489FC1E7.pdf\" target=\"_blank\" rel=\"noopener\">PDF: rund_um_zuerich_inhalt.pdf<\/a><\/li>\n<\/ul>","protected":false},"featured_media":161257,"template":"","meta":[],"product_brand":[],"product_cat":[21605],"product_tag":[],"class_list":{"0":"post-148329","1":"product","2":"type-product","3":"status-publish","4":"has-post-thumbnail","6":"product_cat-wanderfuehrer-trekking","7":"pa_autor-moor","8":"pa_erscheinungsjahr-21586","9":"pa_region-schweiz","10":"pa_sprache-de","12":"first","13":"instock","14":"taxable","15":"shipping-taxable","16":"purchasable","17":"product-type-simple"},"_links":{"self":[{"href":"https:\/\/pizbube.ch\/en\/wp-json\/wp\/v2\/product\/148329","targetHints":{"allow":["GET"]}}],"collection":[{"href":"https:\/\/pizbube.ch\/en\/wp-json\/wp\/v2\/product"}],"about":[{"href":"https:\/\/pizbube.ch\/en\/wp-json\/wp\/v2\/types\/product"}],"wp:featuredmedia":[{"embeddable":true,"href":"https:\/\/pizbube.ch\/en\/wp-json\/wp\/v2\/media\/161257"}],"wp:attachment":[{"href":"https:\/\/pizbube.ch\/en\/wp-json\/wp\/v2\/media?parent=148329"}],"wp:term":[{"taxonomy":"product_brand","embeddable":true,"href":"https:\/\/pizbube.ch\/en\/wp-json\/wp\/v2\/product_brand?post=148329"},{"taxonomy":"product_cat","embeddable":true,"href":"https:\/\/pizbube.ch\/en\/wp-json\/wp\/v2\/product_cat?post=148329"},{"taxonomy":"product_tag","embeddable":true,"href":"https:\/\/pizbube.ch\/en\/wp-json\/wp\/v2\/product_tag?post=148329"}],"curies":[{"name":"wp","href":"https:\/\/api.w.org\/{rel}","templated":true}]}}