{"id":148331,"date":"2021-01-15T10:57:09","date_gmt":"2021-01-15T10:57:09","guid":{"rendered":"https:\/\/codengine3.ch\/?product=import-placeholder-for-202390"},"modified":"2022-11-23T10:15:10","modified_gmt":"2022-11-23T09:15:10","slug":"rund-um-den-zuerichsee-mit-zugerland","status":"publish","type":"product","link":"https:\/\/pizbube.ch\/en\/shop\/rund-um-den-zuerichsee-mit-zugerland\/","title":{"rendered":"Rund um den Z\u00fcrichsee mit Zugerland"},"content":{"rendered":"<p><span class=\"value\">Die Weltstadt Z\u00fcrich bietet Highlights aus Kunst, Architektur und Kultur \u2013 und viel Natur! Direkt vor den Toren der entspannten Metropole finden sich ungez\u00e4hlte M\u00f6glichkeiten f\u00fcr Ausfl\u00fcge und Wanderungen. Der Rother Wanderf\u00fchrer \u00bbRund um den Z\u00fcrichsee\u00ab stellt die 50 sch\u00f6nsten Wanderungen f\u00fcr jeden Geschmack vor.<\/span><\/p>\n<p>Rund um den Z\u00fcrichsee zeigt die Landschaft einen abwechslungsreichen Charakter. W\u00e4hrend im Nordosten bewaldete Anh\u00f6hen, Talsenken, Riedland, Weinh\u00e4nge und schmucke D\u00f6rfer das Bild bestimmen, steigen im S\u00fcden kurze Seitent\u00e4ler zur Gipfelwelt der Voralpen empor. Die Wanderm\u00f6glichkeiten reichen von ruhigen Uferpromenaden \u00fcber romantische Tobelstege bis zu aussichtsreichen Kammwegen und luftigen Bergpfaden. Die Autoren haben f\u00fcr diesen Rother Wanderf\u00fchrer vorwiegend einfache, im Alpenbereich auch einige anspruchsvolle Rund- und Streckenwanderungen ausgew\u00e4hlt. Diese liegen im Z\u00fcrcher Unter- und Oberland, zwischen Z\u00fcrichsee, Reuss und Alpenkamm sowie im Zugerland. Alle Ausgangspunkte sind auch mit \u00f6ffentlichen Verkehrsmitteln erreichbar.<\/p>\n<p>Jede Wanderung wird mit einer Kurzinfo mit allen wichtigen Angaben (inkl. Einkehrm\u00f6glichkeiten und Varianten), einer ausf\u00fchrlichen Wegbeschreibung, einem Kartenausschnitt mit eingezeichnetem Wegverlauf und einem aussagekr\u00e4ftigen H\u00f6henprofil vorgestellt. GPS-Daten stehen zum Download bereit.<\/p>\n<p>50 H\u00f6henprofile, 50 Wanderk\u00e4rtchen im Ma\u00dfstab 1:50.000, 1:75.000 und 1:100.000,<br \/>\n\u00dcbersichtskarten im Ma\u00dfstab 1:450.000 und 1:800.000<br \/>\n144 Seiten<\/p>\n<p>7. aktualis. Auflg. 2022<\/p>","protected":false},"excerpt":{"rendered":"<ul>\n<li><a href=\"https:\/\/pizbube.ch\/wp-content\/uploads\/attachments\/a_028\/BDC72BE0BC3B2779126EB83B150584BC.pdf\" target=\"_blank\" rel=\"noopener\">PDF: Rund um den Z\u00fcrichsee Beispieltour<\/a><\/li>\n<\/ul>","protected":false},"featured_media":164612,"template":"","meta":[],"product_brand":[],"product_cat":[21605],"product_tag":[],"class_list":{"0":"post-148331","1":"product","2":"type-product","3":"status-publish","4":"has-post-thumbnail","6":"product_cat-wanderfuehrer-trekking","7":"pa_autor-schrammel-tubbesing","8":"pa_erscheinungsjahr-27013","9":"pa_region-schweiz","10":"pa_sprache-de","12":"first","13":"instock","14":"taxable","15":"shipping-taxable","16":"purchasable","17":"product-type-simple"},"_links":{"self":[{"href":"https:\/\/pizbube.ch\/en\/wp-json\/wp\/v2\/product\/148331","targetHints":{"allow":["GET"]}}],"collection":[{"href":"https:\/\/pizbube.ch\/en\/wp-json\/wp\/v2\/product"}],"about":[{"href":"https:\/\/pizbube.ch\/en\/wp-json\/wp\/v2\/types\/product"}],"wp:featuredmedia":[{"embeddable":true,"href":"https:\/\/pizbube.ch\/en\/wp-json\/wp\/v2\/media\/164612"}],"wp:attachment":[{"href":"https:\/\/pizbube.ch\/en\/wp-json\/wp\/v2\/media?parent=148331"}],"wp:term":[{"taxonomy":"product_brand","embeddable":true,"href":"https:\/\/pizbube.ch\/en\/wp-json\/wp\/v2\/product_brand?post=148331"},{"taxonomy":"product_cat","embeddable":true,"href":"https:\/\/pizbube.ch\/en\/wp-json\/wp\/v2\/product_cat?post=148331"},{"taxonomy":"product_tag","embeddable":true,"href":"https:\/\/pizbube.ch\/en\/wp-json\/wp\/v2\/product_tag?post=148331"}],"curies":[{"name":"wp","href":"https:\/\/api.w.org\/{rel}","templated":true}]}}