{"id":148333,"date":"2021-01-15T10:57:09","date_gmt":"2021-01-15T10:57:09","guid":{"rendered":"https:\/\/codengine3.ch\/?product=import-placeholder-for-206748"},"modified":"2024-09-05T13:52:32","modified_gmt":"2024-09-05T11:52:32","slug":"zuercher-hausberge-2","status":"publish","type":"product","link":"https:\/\/pizbube.ch\/en\/shop\/zuercher-hausberge-2\/","title":{"rendered":"Z\u00fcrcher Hausberge"},"content":{"rendered":"<p>&#8211; 60 Wandergipfel zwischen Bodensee und Brienzersee.<br \/>\n&#8211; Mit Bahn und Bus von Z\u00fcrich aus in die Berge.<br \/>\n&#8211; Mit Hinweisen zu Wanderzeit, Verpflegungsm\u00f6glichkeit, Karten sowie<br \/>\nBesonderheiten.<\/p>\n<p>Als \u00bbZ\u00fcrcher Hausberge\u00ab gelten hier Gipfel, die sich von Z\u00fcrich aus mit<br \/>\n\u00f6ffentlichen Verkehrsmitteln in einem Tag erwandern lassen. Neben bekannten<br \/>\nwie S\u00e4ntis, Titlis und Pizol finden sich auch unbekanntere Ziele wie Gross<br \/>\nG\u00fcslen, Salistock und Sunnig Grat. Nicht fehlen d\u00fcrfen die Z\u00fcrcher Berge im<br \/>\nengeren Sinn: \u00dcetliberg und Etzel, Bachtel und Schnebelhorn, die auf wenig<br \/>\nbekannten Routen neu zu entdecken sind.<\/p>\n<p>Zu jedem Gipfel gibt es einen informativen Text und alle notwendigen<br \/>\npraktischen Informationen zu Ausgangspunkten, Schwierigkeit, Wegverlauf,<br \/>\nWanderzeit, Verpflegungsm\u00f6glichkeiten sowie eine \u00dcbersichtskarte. \u00dcber 100<br \/>\nprachtvolle Farbfotos verf\u00fchren zu attraktiven Wanderungen im Umkreis von<br \/>\nZ\u00fcrich.<\/p>\n<p>Einband: Broschur mit Klappe<br \/>\nUmfang: 280 Seiten; Format: 14.5 cm x 22 cm<\/p>","protected":false},"excerpt":{"rendered":"<p><strong>NEUAUFLAGE LAUT VERLAG GEPLANT, TERMIN UNBESTIMMT.<\/strong><\/p>","protected":false},"featured_media":161262,"template":"","meta":[],"product_brand":[],"product_cat":[21605],"product_tag":[],"class_list":{"0":"post-148333","1":"product","2":"type-product","3":"status-publish","4":"has-post-thumbnail","6":"product_cat-wanderfuehrer-trekking","7":"pa_autor-volken-kundert","8":"pa_erscheinungsjahr-21586","9":"pa_region-schweiz","10":"pa_sprache-de","12":"first","13":"outofstock","14":"taxable","15":"shipping-taxable","16":"purchasable","17":"product-type-simple"},"_links":{"self":[{"href":"https:\/\/pizbube.ch\/en\/wp-json\/wp\/v2\/product\/148333","targetHints":{"allow":["GET"]}}],"collection":[{"href":"https:\/\/pizbube.ch\/en\/wp-json\/wp\/v2\/product"}],"about":[{"href":"https:\/\/pizbube.ch\/en\/wp-json\/wp\/v2\/types\/product"}],"wp:featuredmedia":[{"embeddable":true,"href":"https:\/\/pizbube.ch\/en\/wp-json\/wp\/v2\/media\/161262"}],"wp:attachment":[{"href":"https:\/\/pizbube.ch\/en\/wp-json\/wp\/v2\/media?parent=148333"}],"wp:term":[{"taxonomy":"product_brand","embeddable":true,"href":"https:\/\/pizbube.ch\/en\/wp-json\/wp\/v2\/product_brand?post=148333"},{"taxonomy":"product_cat","embeddable":true,"href":"https:\/\/pizbube.ch\/en\/wp-json\/wp\/v2\/product_cat?post=148333"},{"taxonomy":"product_tag","embeddable":true,"href":"https:\/\/pizbube.ch\/en\/wp-json\/wp\/v2\/product_tag?post=148333"}],"curies":[{"name":"wp","href":"https:\/\/api.w.org\/{rel}","templated":true}]}}