{"id":148347,"date":"2021-01-15T10:57:09","date_gmt":"2021-01-15T10:57:09","guid":{"rendered":"https:\/\/codengine3.ch\/?product=import-placeholder-for-205104"},"modified":"2021-01-15T14:38:42","modified_gmt":"2021-01-15T14:38:42","slug":"committed-dvd-vol-1","status":"publish","type":"product","link":"https:\/\/pizbube.ch\/en\/shop\/committed-dvd-vol-1\/","title":{"rendered":"Committed DVD vol. 1"},"content":{"rendered":"<p>Committed heisst das neue Werk der E11 Macher, ein klasse gemachter<br \/>\nQuerschnitt durch authentisches britisches Klettern bei dem auch die<br \/>\nCharaktere deutlich werden. Committed ist quasi &#8218;Hard Grit, Version 2007&#8216;,<br \/>\ndenn die Kletterszenen sind etxrem spannend weil die Konsequenzen im Falle<br \/>\neines Sturzes so schauderhaft sind. Committed beschr\u00e4nkt sich dabei nicht nur<br \/>\nauf Grit, oder ein Gebiet, sondern deckt das gesamte Ph\u00e4nomen des &#8218;Head<br \/>\npointings&#8216; auf den britischen Inseln ab, von Irland \u00fcbers Peak zu den \u00e4u\u00dferen<br \/>\nHebriden, weit draussen im Atlantik. Ein fantastischer Film!  <\/p>\n<p>The multi award winning Hot Aches team present &#8211; a year at the cutting edge of<br \/>\nhardcore trad climbing.<br \/>\nFeaturing Britain&#8217;s best rock climbers, plus top overseas visitors, Committed<br \/>\npacks in over 200 &#8218;E&#8216; points of action: The hardest and most dangerous ascents<br \/>\nthat have been grabbing the climbing headlines across the world.<br \/>\nIt examines the diversity of climbing style and locations that together, make<br \/>\nthe British Trad scene unique and respected around the world.<br \/>\nThe featured climbs include numerous hard first ascents, audacious repeats and<br \/>\nbold solos<br \/>\nFrom the sea cliffs of Scotland, to the gritstone test pieces of England, to<br \/>\nthe mountains in Ireland and Wales&#8230;<br \/>\nConsistent is one theme: Committed. 78 min. DVD<\/p>","protected":false},"excerpt":{"rendered":"<p>Committed heisst das neue Werk der E11 Macher, ein klasse gemachter Querschnitt durch authentisches britisches Klettern bei dem auch die Charaktere deutlich werden. Committed ist quasi &#8218;Hard Grit, Version 2007&#8216;, denn die Kletterszenen sind etxrem spannend weil die Konsequenzen im Falle eines Sturzes so schauderhaft sind. Committed beschr\u00e4nkt sich dabei nicht nur auf Grit, oder [&#8230;]\n","protected":false},"featured_media":33714,"template":"","meta":[],"product_brand":[],"product_cat":[21628],"product_tag":[],"class_list":{"0":"post-148347","1":"product","2":"type-product","3":"status-publish","4":"has-post-thumbnail","6":"product_cat-video-dvd-multimedia","7":"pa_autor-diffley-brown","8":"pa_erscheinungsjahr-21842","9":"pa_region-grossbritannien-scottland","10":"pa_sprache-en","12":"first","13":"instock","14":"taxable","15":"shipping-taxable","16":"purchasable","17":"product-type-simple"},"_links":{"self":[{"href":"https:\/\/pizbube.ch\/en\/wp-json\/wp\/v2\/product\/148347","targetHints":{"allow":["GET"]}}],"collection":[{"href":"https:\/\/pizbube.ch\/en\/wp-json\/wp\/v2\/product"}],"about":[{"href":"https:\/\/pizbube.ch\/en\/wp-json\/wp\/v2\/types\/product"}],"wp:featuredmedia":[{"embeddable":true,"href":"https:\/\/pizbube.ch\/en\/wp-json\/wp\/v2\/media\/33714"}],"wp:attachment":[{"href":"https:\/\/pizbube.ch\/en\/wp-json\/wp\/v2\/media?parent=148347"}],"wp:term":[{"taxonomy":"product_brand","embeddable":true,"href":"https:\/\/pizbube.ch\/en\/wp-json\/wp\/v2\/product_brand?post=148347"},{"taxonomy":"product_cat","embeddable":true,"href":"https:\/\/pizbube.ch\/en\/wp-json\/wp\/v2\/product_cat?post=148347"},{"taxonomy":"product_tag","embeddable":true,"href":"https:\/\/pizbube.ch\/en\/wp-json\/wp\/v2\/product_tag?post=148347"}],"curies":[{"name":"wp","href":"https:\/\/api.w.org\/{rel}","templated":true}]}}