{"id":148357,"date":"2021-01-15T10:57:10","date_gmt":"2021-01-15T10:57:10","guid":{"rendered":"https:\/\/codengine3.ch\/?product=import-placeholder-for-207305"},"modified":"2021-12-22T13:58:59","modified_gmt":"2021-12-22T12:58:59","slug":"baffin-babes","status":"publish","type":"product","link":"https:\/\/pizbube.ch\/en\/shop\/baffin-babes\/","title":{"rendered":"Baffin Babes"},"content":{"rendered":"<p>In 80 Tagen auf Skiern durch die Arktis<\/p>\n<p>G\u00e4nsehaut bei -40 Grad: Vier Frauen k\u00e4mpfen sich auf Baffin Island mit \u00fcber<br \/>\n400 Kilo Gep\u00e4ck durch das kanadische Packeis. In 80 Tagen wollen sie die 1200<br \/>\nKilometer bis zum Pond Inlet im Norden zur\u00fccklegen. Ein Jahr haben sie hierf\u00fcr<br \/>\ntrainiert &#8211; ihr Motto: `Train to get fit and eat to get fat!`<\/p>\n<p>Die Tour wird zum H\u00e4rtetest, bei dem die Freundinnen Schneest\u00fcrmen und Eiszapfen im<br \/>\nSchlafsack trotzen, den 32-Kilo-Vorrat Schokolade strengstens einteilen und<br \/>\nst\u00e4ndig auf der Hut vor Eisb\u00e4ren sein m\u00fcssen. Doch auch Eislochbaden, Trekking<br \/>\nim Bikini und Aerobic im Schnee geh\u00f6ren dazu. Und am Ende stehen sie ganz ohne<br \/>\ngefrorene B\u00e4rte und Expeditionsleiter ihren Mann.<\/p>","protected":false},"excerpt":{"rendered":"<p>In 80 Tagen auf Skiern durch die Arktis G\u00e4nsehaut bei -40 Grad: Vier Frauen k\u00e4mpfen sich auf Baffin Island mit \u00fcber 400 Kilo Gep\u00e4ck durch das kanadische Packeis. In 80 Tagen wollen sie die 1200 Kilometer bis zum Pond Inlet im Norden zur\u00fccklegen. Ein Jahr haben sie hierf\u00fcr trainiert &#8211; ihr Motto: `Train to get [&#8230;]\n","protected":false},"featured_media":37078,"template":"","meta":[],"product_brand":[],"product_cat":[21542],"product_tag":[],"class_list":{"0":"post-148357","1":"product","2":"type-product","3":"status-publish","4":"has-post-thumbnail","6":"product_cat-sachbuecher-dokumentationen","7":"pa_autor-olsen","8":"pa_erscheinungsjahr-21621","9":"pa_region-arktis-antarktis-groenland-island","10":"pa_sprache-de","12":"first","13":"outofstock","14":"taxable","15":"shipping-taxable","16":"purchasable","17":"product-type-simple"},"_links":{"self":[{"href":"https:\/\/pizbube.ch\/en\/wp-json\/wp\/v2\/product\/148357","targetHints":{"allow":["GET"]}}],"collection":[{"href":"https:\/\/pizbube.ch\/en\/wp-json\/wp\/v2\/product"}],"about":[{"href":"https:\/\/pizbube.ch\/en\/wp-json\/wp\/v2\/types\/product"}],"wp:featuredmedia":[{"embeddable":true,"href":"https:\/\/pizbube.ch\/en\/wp-json\/wp\/v2\/media\/37078"}],"wp:attachment":[{"href":"https:\/\/pizbube.ch\/en\/wp-json\/wp\/v2\/media?parent=148357"}],"wp:term":[{"taxonomy":"product_brand","embeddable":true,"href":"https:\/\/pizbube.ch\/en\/wp-json\/wp\/v2\/product_brand?post=148357"},{"taxonomy":"product_cat","embeddable":true,"href":"https:\/\/pizbube.ch\/en\/wp-json\/wp\/v2\/product_cat?post=148357"},{"taxonomy":"product_tag","embeddable":true,"href":"https:\/\/pizbube.ch\/en\/wp-json\/wp\/v2\/product_tag?post=148357"}],"curies":[{"name":"wp","href":"https:\/\/api.w.org\/{rel}","templated":true}]}}