{"id":148359,"date":"2021-01-15T10:57:10","date_gmt":"2021-01-15T10:57:10","guid":{"rendered":"https:\/\/codengine3.ch\/?product=import-placeholder-for-208672"},"modified":"2021-01-15T17:56:35","modified_gmt":"2021-01-15T17:56:35","slug":"alpinist-64","status":"publish","type":"product","link":"https:\/\/pizbube.ch\/en\/shop\/alpinist-64\/","title":{"rendered":"ALPINIST 64"},"content":{"rendered":"<p>Alpinist Magazine Issue 64 &#8211; Winter 2018 \/ 2019 &#8211; An Invisible Compass<\/p>\n<p>Features:<br \/>\nAll from Nothing<br \/>\nForty years ago, Jim Donini, Michael Kennedy, George Lowe and Jeff Lowe made<br \/>\nan attempt on the North Ridge of Latok I that became a legend. Decades later,<br \/>\nthe peak has dominated headlines again: in July 2018, Alexander Gukov and<br \/>\nSergey Glazunov reached a new highpoint before an accident resulted in<br \/>\nGlazunov&#8217;s death; in early August, Ale\u0161 \u010cesen, Luka Stra\u017ear and Tom<br \/>\nLivingstone summited the mountain by a variation of the North Ridge; and later<br \/>\nthat month, back in Colorado, Jeff Lowe passed away, after a long struggle<br \/>\nwith illness. Herein, Livingstone, Gukov and Donini reflect on the events of<br \/>\nthis season and some of the history that continues to reverberate in the<br \/>\nclimbing world today.<\/p>\n<p>The Elixir<br \/>\nAs climbing artist Sarah Uhl paints mountains, she seeks to capture more than<br \/>\njust their physical outlines\u2014the essence of the wild itself.<\/p>\n<p>The Secret of Silence<br \/>\nFrom the muting of opposition by the Communist regime of 1970s Poland, to the<br \/>\nquiet of remote wild places in the Himalaya and the Arctic, Polish big-wall<br \/>\nclimber Marek Raganowicz has experienced many different varieties of silence.<br \/>\nIn 2017, during a winter expedition to the vast granite of Baffin Island, amid<br \/>\nthe intense cold and frequent solitude, he encountered his most moving<br \/>\nexperience of stillness yet.<\/p>\n<p>Life Compass<br \/>\nIn March 2018, Brette Harrington&#8217;s life partner, Marc-Andr\u00e9 Leclerc, died in<br \/>\nthe Mendenhall Towers of Alaska, with Ryan Johnson. About a month later, she<br \/>\ntraveled to the Canadian Rockies to immerse herself in the wintry alpine<br \/>\nlandscapes that remind her most of him. Exploring unclimbed terrain on Mt.<br \/>\nBlane, accompanied by Rose Pearson, she tries to reorient herself within the<br \/>\nvoid of all she has lost.  <\/p>\n<p>Departments:<br \/>\nSharp End<br \/>\nOur editor-in-chief considers the joint legacy of Tom Frost and Jeff Lowe.<\/p>\n<p>Letters<br \/>\nDoug Robinson continues the correspondence with Terry Gifford (begun in<br \/>\nAlpinist 62).<\/p>\n<p>On Belay<br \/>\nAfter recovering from a severe illness in the wake of the Gulf War, veteran<br \/>\nScott Coldiron returns to his long-abandoned climbing dreams\u2014exploring new ice<br \/>\nin remote parts of Montana&#8217;s Cabinet Mountains Wilderness.<\/p>\n<p>Tool Users<br \/>\nOur assistant editor examines Western mountaineers&#8216; lengthy quest for<br \/>\nwaterproof, breathable fabrics\u2014a problem that Inuit people had solved for<br \/>\nthemselves centuries ago.<\/p>\n<p>Climbing Life<br \/>\nMike Getlin contemplates the history of the rock that fell on him. Kelly Sokol<br \/>\nexplores the multiple meanings of exposure. Claire Giordano paints on permits.<br \/>\nKatherine Indermaur claws her way toward the light. Alexandra Lev learns the<br \/>\nhaunting stories behind a mysterious volume in her father&#8217;s bookshelf. And the<br \/>\nunstoppable Tami Knight presents &#171;8000m\u2014The Game.&#187;<\/p>\n<p>Full Value<br \/>\nAfter his climbing partner nearly dies in an accident on Cerro Torre, Quentin<br \/>\nLindfield Roberts confronts the long journey home and the occasionally even-<br \/>\ngreater dangers of daily life.<\/p>\n<p>Wired<br \/>\nA Navajo (Din\u00e9) climber, Len Necefer, takes a white mountaineer, Brody Leven,<br \/>\non a winter attempt of Sisnaajin\u00ed (Blanca Peak), one of the four major sacred<br \/>\npeaks of Din\u00e9tah, the Din\u00e9 homeland. In the process, Necefer hopes to discuss<br \/>\na more inclusive and effective approach to the environmental threats that all<br \/>\ncommunities now face.<\/p>\n<p>Local Hero<br \/>\nIn search of more climbing stories that are about healing instead of conquest,<br \/>\nTeresa Baker contributes her own tale of Stacy Bare.<\/p>\n<p>Off Belay<br \/>\nPaula Wright presents &#171;Trad Libs.&#187;  <\/p>","protected":false},"excerpt":{"rendered":"<p>Alpinist Magazine Issue 64 &#8211; Winter 2018 \/ 2019 &#8211; An Invisible Compass Features: All from Nothing Forty years ago, Jim Donini, Michael Kennedy, George Lowe and Jeff Lowe made an attempt on the North Ridge of Latok I that became a legend. Decades later, the peak has dominated headlines again: in July 2018, Alexander [&#8230;]\n","protected":false},"featured_media":40888,"template":"","meta":[],"product_brand":[],"product_cat":[21541],"product_tag":[],"class_list":{"0":"post-148359","1":"product","2":"type-product","3":"status-publish","4":"has-post-thumbnail","6":"product_cat-zeitschriften","7":"pa_autor-alpinist-magazine","8":"pa_erscheinungsjahr-21546","9":"pa_region-amerika-nord","10":"pa_sprache-en","12":"first","13":"instock","14":"taxable","15":"shipping-taxable","16":"purchasable","17":"product-type-simple"},"_links":{"self":[{"href":"https:\/\/pizbube.ch\/en\/wp-json\/wp\/v2\/product\/148359","targetHints":{"allow":["GET"]}}],"collection":[{"href":"https:\/\/pizbube.ch\/en\/wp-json\/wp\/v2\/product"}],"about":[{"href":"https:\/\/pizbube.ch\/en\/wp-json\/wp\/v2\/types\/product"}],"wp:featuredmedia":[{"embeddable":true,"href":"https:\/\/pizbube.ch\/en\/wp-json\/wp\/v2\/media\/40888"}],"wp:attachment":[{"href":"https:\/\/pizbube.ch\/en\/wp-json\/wp\/v2\/media?parent=148359"}],"wp:term":[{"taxonomy":"product_brand","embeddable":true,"href":"https:\/\/pizbube.ch\/en\/wp-json\/wp\/v2\/product_brand?post=148359"},{"taxonomy":"product_cat","embeddable":true,"href":"https:\/\/pizbube.ch\/en\/wp-json\/wp\/v2\/product_cat?post=148359"},{"taxonomy":"product_tag","embeddable":true,"href":"https:\/\/pizbube.ch\/en\/wp-json\/wp\/v2\/product_tag?post=148359"}],"curies":[{"name":"wp","href":"https:\/\/api.w.org\/{rel}","templated":true}]}}