{"id":148360,"date":"2021-01-15T10:57:10","date_gmt":"2021-01-15T10:57:10","guid":{"rendered":"https:\/\/codengine3.ch\/?product=import-placeholder-for-203567"},"modified":"2021-01-15T14:24:31","modified_gmt":"2021-01-15T14:24:31","slug":"eisklettern-in-oberkaernten","status":"publish","type":"product","link":"https:\/\/pizbube.ch\/en\/shop\/eisklettern-in-oberkaernten\/","title":{"rendered":"Eisklettern in Oberk\u00e4rnten"},"content":{"rendered":"<p>Die besten Eisf\u00e4lle vom M\u00f6lltal bis zum Maltatal: 60 ausgew\u00e4hlte Routen mit<br \/>\nbis zu 7 Seill\u00e4ngen sowie einige gut abgesicherte \u00dcbungsgebiete.<br \/>\nUmfangreiche Informationen, in komprimierter Form,<br \/>\nzahlreiche Pl\u00e4ne und Grafiken f\u00fcp eine leichte Orientierung im Gel\u00e4nde,<br \/>\nbreite Tourenpalette f\u00fcr Neulinge wie auch Routiniers,<br \/>\njede Menge spannende, anregende Fotos,<br \/>\nalle Texte und Angaben in deutsch, italienisch und englisch.  <\/p>","protected":false},"excerpt":{"rendered":"<p>Die besten Eisf\u00e4lle vom M\u00f6lltal bis zum Maltatal: 60 ausgew\u00e4hlte Routen mit bis zu 7 Seill\u00e4ngen sowie einige gut abgesicherte \u00dcbungsgebiete. Umfangreiche Informationen, in komprimierter Form, zahlreiche Pl\u00e4ne und Grafiken f\u00fcp eine leichte Orientierung im Gel\u00e4nde, breite Tourenpalette f\u00fcr Neulinge wie auch Routiniers, jede Menge spannende, anregende Fotos, alle Texte und Angaben in deutsch, italienisch [&#8230;]\n","protected":false},"featured_media":31210,"template":"","meta":[],"product_brand":[],"product_cat":[21540],"product_tag":[],"class_list":{"0":"post-148360","1":"product","2":"type-product","3":"status-publish","4":"has-post-thumbnail","6":"product_cat-fuehrerliteratur-alpin-winter","7":"pa_autor-karger-neumann","8":"pa_erscheinungsjahr-21920","9":"pa_region-oesterreich","10":"pa_sprache-d","11":"pa_sprache-e","12":"pa_sprache-i","14":"first","15":"instock","16":"taxable","17":"shipping-taxable","18":"purchasable","19":"product-type-simple"},"_links":{"self":[{"href":"https:\/\/pizbube.ch\/en\/wp-json\/wp\/v2\/product\/148360","targetHints":{"allow":["GET"]}}],"collection":[{"href":"https:\/\/pizbube.ch\/en\/wp-json\/wp\/v2\/product"}],"about":[{"href":"https:\/\/pizbube.ch\/en\/wp-json\/wp\/v2\/types\/product"}],"wp:featuredmedia":[{"embeddable":true,"href":"https:\/\/pizbube.ch\/en\/wp-json\/wp\/v2\/media\/31210"}],"wp:attachment":[{"href":"https:\/\/pizbube.ch\/en\/wp-json\/wp\/v2\/media?parent=148360"}],"wp:term":[{"taxonomy":"product_brand","embeddable":true,"href":"https:\/\/pizbube.ch\/en\/wp-json\/wp\/v2\/product_brand?post=148360"},{"taxonomy":"product_cat","embeddable":true,"href":"https:\/\/pizbube.ch\/en\/wp-json\/wp\/v2\/product_cat?post=148360"},{"taxonomy":"product_tag","embeddable":true,"href":"https:\/\/pizbube.ch\/en\/wp-json\/wp\/v2\/product_tag?post=148360"}],"curies":[{"name":"wp","href":"https:\/\/api.w.org\/{rel}","templated":true}]}}