{"id":148361,"date":"2021-01-15T10:57:10","date_gmt":"2021-01-15T10:57:10","guid":{"rendered":"https:\/\/codengine3.ch\/?product=import-placeholder-for-200835"},"modified":"2021-01-15T11:01:19","modified_gmt":"2021-01-15T11:01:19","slug":"eiskletterfuehrer-salzburgerland","status":"publish","type":"product","link":"https:\/\/pizbube.ch\/en\/shop\/eiskletterfuehrer-salzburgerland\/","title":{"rendered":"Eiskletterf\u00fchrer Salzburgerland"},"content":{"rendered":"<p>Es bleibt dabei: das Salzburger Land ist einer der absoluten Eisklettert-<br \/>\nTopspots der Alpen. Das Gebiet umfasst die lohnendsten Eisklettereien im<br \/>\nBerchtesgadener Land sowie die besten Gebiete im Land Salzburg: Saalbach und<br \/>\nUmgebung, Rauriser Tal, Tennengebirge sowie die Radst\u00e4dter Tauern. Und<br \/>\nnat\u00fcrlich das Eiskletterdorado Gasteiner Tal. Hier reiht sich vom Eingang weg<br \/>\nWasserfall an Wasserfall bis ganz hinten hin zu dem Fall, den es nur einmal<br \/>\ngeben kann: Der `Highlander` in Sportgastein geh\u00f6rt zu den impossantesten<br \/>\nEisklettereien im Alpenraum \u00fcberhaupt.<br \/>\nWie in den vorausgegangenen Auflagen werden nat\u00fcrlich auch die M\u00f6glichkeiten<br \/>\num die beliebte Rudolfsh\u00fctte beschrieben.<br \/>\nDie 3.Auflage ist nochmals v\u00f6llig \u00fcberarbeitet und erg\u00e4nzt worden. Das<br \/>\ninzwischen richtig fette Teil ist Panico typisch mit vielen genauen<br \/>\n\u00dcbersichts- bzw. Detailkarten, Wand- und Actionbildern ausgestatten \u2013 und<br \/>\njetzt nat\u00fcrlich auch komplett vierfarbig. 384 Seiten, 3. Auflage  <\/p>","protected":false},"excerpt":{"rendered":"<ul>\n<li><a href=\"https:\/\/pizbube.ch\/wp-content\/uploads\/attachments\/a_025\/9EF668E4072EE89D4BF35FE7C456F489.pdf\" target=\"_blank\" rel=\"noopener\">PDF: Salzburger Land Leseprobe<\/a><\/li>\n<\/ul>","protected":false},"featured_media":27919,"template":"","meta":[],"product_brand":[],"product_cat":[21540],"product_tag":[],"class_list":{"0":"post-148361","1":"product","2":"type-product","3":"status-publish","4":"has-post-thumbnail","6":"product_cat-fuehrerliteratur-alpin-winter","7":"pa_autor-inhoeger-zloebl","8":"pa_erscheinungsjahr-21621","9":"pa_region-oesterreich","10":"pa_sprache-de","12":"first","13":"instock","14":"taxable","15":"shipping-taxable","16":"purchasable","17":"product-type-simple"},"_links":{"self":[{"href":"https:\/\/pizbube.ch\/en\/wp-json\/wp\/v2\/product\/148361","targetHints":{"allow":["GET"]}}],"collection":[{"href":"https:\/\/pizbube.ch\/en\/wp-json\/wp\/v2\/product"}],"about":[{"href":"https:\/\/pizbube.ch\/en\/wp-json\/wp\/v2\/types\/product"}],"wp:featuredmedia":[{"embeddable":true,"href":"https:\/\/pizbube.ch\/en\/wp-json\/wp\/v2\/media\/27919"}],"wp:attachment":[{"href":"https:\/\/pizbube.ch\/en\/wp-json\/wp\/v2\/media?parent=148361"}],"wp:term":[{"taxonomy":"product_brand","embeddable":true,"href":"https:\/\/pizbube.ch\/en\/wp-json\/wp\/v2\/product_brand?post=148361"},{"taxonomy":"product_cat","embeddable":true,"href":"https:\/\/pizbube.ch\/en\/wp-json\/wp\/v2\/product_cat?post=148361"},{"taxonomy":"product_tag","embeddable":true,"href":"https:\/\/pizbube.ch\/en\/wp-json\/wp\/v2\/product_tag?post=148361"}],"curies":[{"name":"wp","href":"https:\/\/api.w.org\/{rel}","templated":true}]}}