{"id":148362,"date":"2021-01-15T10:57:10","date_gmt":"2021-01-15T10:57:10","guid":{"rendered":"https:\/\/codengine3.ch\/?product=import-placeholder-for-203168"},"modified":"2021-01-15T12:54:44","modified_gmt":"2021-01-15T12:54:44","slug":"firn-und-eisklettern-in-den-ostalpen","status":"publish","type":"product","link":"https:\/\/pizbube.ch\/en\/shop\/firn-und-eisklettern-in-den-ostalpen\/","title":{"rendered":"Firn- und Eisklettern in den Ostalpen"},"content":{"rendered":"<p>Auswahlf\u00fchrer mit 105 Tourenvorschl\u00e4gen f\u00fcr \u00d6sterreich, Bayern, S\u00fcdtirol und<br \/>\ndie Schweiz:<br \/>\nVon der Ortler Nordwand, der Pallavicini Rinne am Grossglockner und dem Bianco<br \/>\nGrat bis zur Piz Roseg Nordwand. Auch Wasserf\u00e4lle sind beschrieben. Genaue<br \/>\nAngaben zu jeder Tour, Infoteil zu Tourenplanung, Sicherheit und Taktik.  <\/p>\n<p>In der zweiten Auflage dieses Auswahlf\u00fchrers werden \u00fcber 100 sch\u00f6ne und<br \/>\ninteressante Firn- und Eistouren sowie Wasserf\u00e4lle in den Ostalpen genau<br \/>\nbeschrieben. Das Spektrum reicht von der Ortler Nordwand, der Pallavicini<br \/>\nRinne am Gro\u00dfglockner und dem Bianco Grat bis hin zu einigen langen<br \/>\nEiswasserf\u00e4llen. Neben bekannten Klassikern werden auch Geheimtipps, wie die<br \/>\nK\u00f6nigspitze Ostrinne, das Wildspitze S\u00fcdcouloir oder die Prijakt Nordrinne<br \/>\nausf\u00fchrlich vorgestellt. Da sich die Tourensaison der Firn- und Eisnordw\u00e4nde<br \/>\nmehr und mehr in den Winter verlagert, wurde die M\u00f6glichkeit einer<br \/>\nSkibefahrung bei den meisten Touren ber\u00fccksichtigt.<\/p>\n<p>Zu jeder Tour gibt es genaue Infos \u00fcber Zu- und Abstieg, Charakter, Wandh\u00f6he,<br \/>\nKletterzeit, erforderliches Material, Gefahren und Wand\u00fcbersichten sowie min.<br \/>\nf\u00fcnf Farbfotos von jeder Route und eine englische Kurzzusammenfassung. In<br \/>\neinem umfassenden, reich illustrierten Infoteil geben Experten Tipps zur<br \/>\nTourenplanung, Sicherheit und Taktik. Bei einigen Touren gibt es zus\u00e4tzliche<br \/>\nToureninformationen (GPS-Daten, Topos&#8230;) als Download.<\/p>\n<p>Eine Pflichtlekt\u00fcre f\u00fcr jeden Eiskletterer, Hochtourengeher und<br \/>\nSteilwandtourengeher (im Buch sind auch viele leichtere Anstiege).<\/p>\n<p>240 Seiten, kompl. vierf\u00e4rbig gedruckt, stabile Bindung, mit 104 Karten bzw<br \/>\nTopos und \u00fcber 570 Farbfotos!<\/p>","protected":false},"excerpt":{"rendered":"<p>Auswahlf\u00fchrer mit 105 Tourenvorschl\u00e4gen f\u00fcr \u00d6sterreich, Bayern, S\u00fcdtirol und die Schweiz: Von der Ortler Nordwand, der Pallavicini Rinne am Grossglockner und dem Bianco Grat bis zur Piz Roseg Nordwand. Auch Wasserf\u00e4lle sind beschrieben. Genaue Angaben zu jeder Tour, Infoteil zu Tourenplanung, Sicherheit und Taktik. In der zweiten Auflage dieses Auswahlf\u00fchrers werden \u00fcber 100 sch\u00f6ne und [&#8230;]\n","protected":false},"featured_media":40941,"template":"","meta":[],"product_brand":[],"product_cat":[21544],"product_tag":[],"class_list":{"0":"post-148362","1":"product","2":"type-product","3":"status-publish","4":"has-post-thumbnail","6":"product_cat-fuehrerliteratur-alpin-sommer","7":"pa_autor-jentzsch-jentzsch-rabl","8":"pa_erscheinungsjahr-21571","9":"pa_region-oesterreich","10":"pa_sprache-de-en","12":"first","13":"instock","14":"taxable","15":"shipping-taxable","16":"purchasable","17":"product-type-simple"},"_links":{"self":[{"href":"https:\/\/pizbube.ch\/en\/wp-json\/wp\/v2\/product\/148362","targetHints":{"allow":["GET"]}}],"collection":[{"href":"https:\/\/pizbube.ch\/en\/wp-json\/wp\/v2\/product"}],"about":[{"href":"https:\/\/pizbube.ch\/en\/wp-json\/wp\/v2\/types\/product"}],"wp:featuredmedia":[{"embeddable":true,"href":"https:\/\/pizbube.ch\/en\/wp-json\/wp\/v2\/media\/40941"}],"wp:attachment":[{"href":"https:\/\/pizbube.ch\/en\/wp-json\/wp\/v2\/media?parent=148362"}],"wp:term":[{"taxonomy":"product_brand","embeddable":true,"href":"https:\/\/pizbube.ch\/en\/wp-json\/wp\/v2\/product_brand?post=148362"},{"taxonomy":"product_cat","embeddable":true,"href":"https:\/\/pizbube.ch\/en\/wp-json\/wp\/v2\/product_cat?post=148362"},{"taxonomy":"product_tag","embeddable":true,"href":"https:\/\/pizbube.ch\/en\/wp-json\/wp\/v2\/product_tag?post=148362"}],"curies":[{"name":"wp","href":"https:\/\/api.w.org\/{rel}","templated":true}]}}