{"id":148363,"date":"2021-01-15T10:57:10","date_gmt":"2021-01-15T10:57:10","guid":{"rendered":"https:\/\/codengine3.ch\/?product=import-placeholder-for-203971"},"modified":"2021-01-15T14:28:26","modified_gmt":"2021-01-15T14:28:26","slug":"eisklettern-oesterreich-ost","status":"publish","type":"product","link":"https:\/\/pizbube.ch\/en\/shop\/eisklettern-oesterreich-ost\/","title":{"rendered":"Eisklettern \u00d6sterreich Ost"},"content":{"rendered":"<p>Gebietsf\u00fchrer mit fast allen Eisf\u00e4llen und Mixedrouten zwischen Wien und<br \/>\nSalzkammergut<\/p>\n<p>Die besten Eis &#8211; und Mixedklettereien von den Wiener Hausbergen \u00fcber die<br \/>\nSteiermark bis hin zum Salzkammergut in einem Band! Farbige Wand- und<br \/>\nKletterfotos, Topos und Lageskizzen erleichtern die Auswahl und f\u00fchren einen<br \/>\nschnell zum Ziel und spiegeln visuell gut wieder, was einen erwartet.<\/p>\n<p>Ein kurzer Informationsteil zur Sicherheit, Schwierigkeitsbewertung und<br \/>\nAusr\u00fcstung runden das Werk ab. Erstmals wurde auch die Ernsthaftigkeit mit<br \/>\neiner extra E-Bewertung ber\u00fccksichtigt. Durch bew\u00e4hrte Kurzdarstellungen mit<br \/>\nButtons, deren Legende ins Englische \u00fcbersetzt wurde, ist das Buch auch<br \/>\ninternational verst\u00e4ndlich.<\/p>\n<p>304 Seiten, kompl. vierf\u00e4rbig gedruckt, stabile fadenheftung, mit<br \/>\nKartenskizzen, ca. 470 Farbfotos und Topos.<\/p>","protected":false},"excerpt":{"rendered":"<ul>\n<li><a href=\"https:\/\/pizbube.ch\/wp-content\/uploads\/attachments\/a_003\/27578492D15ED3333E3994A4E3F558C7.pdf\" target=\"_blank\" rel=\"noopener\">PDF: inhalt_eisklettern_ost.pdf<\/a><\/li>\n<\/ul>","protected":false},"featured_media":31694,"template":"","meta":[],"product_brand":[],"product_cat":[21540],"product_tag":[],"class_list":{"0":"post-148363","1":"product","2":"type-product","3":"status-publish","4":"has-post-thumbnail","6":"product_cat-fuehrerliteratur-alpin-winter","7":"pa_autor-jentzsch-fluch","8":"pa_erscheinungsjahr-21763","9":"pa_region-oesterreich","10":"pa_sprache-de","12":"first","13":"instock","14":"taxable","15":"shipping-taxable","16":"purchasable","17":"product-type-simple"},"_links":{"self":[{"href":"https:\/\/pizbube.ch\/en\/wp-json\/wp\/v2\/product\/148363","targetHints":{"allow":["GET"]}}],"collection":[{"href":"https:\/\/pizbube.ch\/en\/wp-json\/wp\/v2\/product"}],"about":[{"href":"https:\/\/pizbube.ch\/en\/wp-json\/wp\/v2\/types\/product"}],"wp:featuredmedia":[{"embeddable":true,"href":"https:\/\/pizbube.ch\/en\/wp-json\/wp\/v2\/media\/31694"}],"wp:attachment":[{"href":"https:\/\/pizbube.ch\/en\/wp-json\/wp\/v2\/media?parent=148363"}],"wp:term":[{"taxonomy":"product_brand","embeddable":true,"href":"https:\/\/pizbube.ch\/en\/wp-json\/wp\/v2\/product_brand?post=148363"},{"taxonomy":"product_cat","embeddable":true,"href":"https:\/\/pizbube.ch\/en\/wp-json\/wp\/v2\/product_cat?post=148363"},{"taxonomy":"product_tag","embeddable":true,"href":"https:\/\/pizbube.ch\/en\/wp-json\/wp\/v2\/product_tag?post=148363"}],"curies":[{"name":"wp","href":"https:\/\/api.w.org\/{rel}","templated":true}]}}