{"id":148364,"date":"2021-01-15T10:57:10","date_gmt":"2021-01-15T10:57:10","guid":{"rendered":"https:\/\/codengine3.ch\/?product=import-placeholder-for-206763"},"modified":"2024-08-15T12:05:23","modified_gmt":"2024-08-15T10:05:23","slug":"osttirol-alpinklettern-klettergaerten-und-klettersteige","status":"publish","type":"product","link":"https:\/\/pizbube.ch\/en\/shop\/osttirol-alpinklettern-klettergaerten-und-klettersteige\/","title":{"rendered":"OSTTIROL &#8211; Alpinklettern, Kletterg\u00e4rten und Klettersteige"},"content":{"rendered":"<p>Obwohl Osttirol nur ein Bezirk von Tirol und kein eigenes Bundesland ist,<br \/>\nunterscheidet sich diese kleine Region sehr von seinen Nachbarn Nordtirol und<br \/>\nS\u00fcdtirol. Die kalkigen Karnischen Alpen und die Lienzer Dolomiten im S\u00fcden und<br \/>\ndie Dreitausender der Hohen Tauern, mit ihren Gr\u00fcnschiefer und Gneisw\u00e4nden<br \/>\nwerden, mit Ausnahme der h\u00f6chsten Gipfeln, deutlich weniger von Kletterern und<br \/>\nBergsteigern frequentiert.<\/p>\n<p>Dies mag zum einen an der scheinbaren verkehrstechnischen Abgeschiedenheit<br \/>\nOsttirols oder vielleicht auch an das Fehlen einer symbolisierenden Wand<br \/>\nliegen. Fakt ist, dass ausw\u00e4rtigen Kletterern viele Osttiroler Kletterperlen<br \/>\nbis dato verborgen gebliebenen sind.<\/p>\n<p>Dieser Kletterf\u00fchrer soll einen \u00dcberblick \u00fcber alle Mehrseill\u00e4ngenw\u00e4nde, vom<br \/>\nLaserzkessel oberhalb von Lienz bis zu den steilen Gr\u00fcnschieferw\u00e4nden im<br \/>\nVirgental, sowie \u00fcber die meisten Kletterg\u00e4rten Osttirols, von der<br \/>\nDolomitenh\u00fctte bis zum Falkenstein und deren angrenzenden Regionen geben.<\/p>","protected":false},"excerpt":{"rendered":"<p>Obwohl Osttirol nur ein Bezirk von Tirol und kein eigenes Bundesland ist, unterscheidet sich diese kleine Region sehr von seinen Nachbarn Nordtirol und S\u00fcdtirol. Die kalkigen Karnischen Alpen und die Lienzer Dolomiten im S\u00fcden und die Dreitausender der Hohen Tauern, mit ihren Gr\u00fcnschiefer und Gneisw\u00e4nden werden, mit Ausnahme der h\u00f6chsten Gipfeln, deutlich weniger von Kletterern [&#8230;]\n","protected":false},"featured_media":174413,"template":"","meta":[],"product_brand":[],"product_cat":[21539],"product_tag":[],"class_list":{"0":"post-148364","1":"product","2":"type-product","3":"status-publish","4":"has-post-thumbnail","6":"product_cat-fuehrerliteratur-sportklettern-bouldern","7":"pa_autor-messini","8":"pa_erscheinungsjahr-21586","9":"pa_region-oesterreich","10":"pa_sprache-de","12":"first","13":"onbackorder","14":"taxable","15":"shipping-taxable","16":"purchasable","17":"product-type-simple"},"_links":{"self":[{"href":"https:\/\/pizbube.ch\/en\/wp-json\/wp\/v2\/product\/148364","targetHints":{"allow":["GET"]}}],"collection":[{"href":"https:\/\/pizbube.ch\/en\/wp-json\/wp\/v2\/product"}],"about":[{"href":"https:\/\/pizbube.ch\/en\/wp-json\/wp\/v2\/types\/product"}],"wp:featuredmedia":[{"embeddable":true,"href":"https:\/\/pizbube.ch\/en\/wp-json\/wp\/v2\/media\/174413"}],"wp:attachment":[{"href":"https:\/\/pizbube.ch\/en\/wp-json\/wp\/v2\/media?parent=148364"}],"wp:term":[{"taxonomy":"product_brand","embeddable":true,"href":"https:\/\/pizbube.ch\/en\/wp-json\/wp\/v2\/product_brand?post=148364"},{"taxonomy":"product_cat","embeddable":true,"href":"https:\/\/pizbube.ch\/en\/wp-json\/wp\/v2\/product_cat?post=148364"},{"taxonomy":"product_tag","embeddable":true,"href":"https:\/\/pizbube.ch\/en\/wp-json\/wp\/v2\/product_tag?post=148364"}],"curies":[{"name":"wp","href":"https:\/\/api.w.org\/{rel}","templated":true}]}}