{"id":148365,"date":"2021-01-15T10:57:10","date_gmt":"2021-01-15T10:57:10","guid":{"rendered":"https:\/\/codengine3.ch\/?product=import-placeholder-for-200405"},"modified":"2021-01-15T10:57:16","modified_gmt":"2021-01-15T10:57:16","slug":"leben-in-den-alpen","status":"publish","type":"product","link":"https:\/\/pizbube.ch\/en\/shop\/leben-in-den-alpen\/","title":{"rendered":"Leben in den Alpen"},"content":{"rendered":"<p>Verst\u00e4dterung, Entsiedlung und neue Aufwertungen<\/p>\n<p>Wie entwickelt sich der Siedlungsraum Alpen? Die Alpenregion ist einer der<br \/>\nfaszinierendsten Lebensr\u00e4ume \u00fcberhaupt: Vielfalt und Gegens\u00e4tze auf engstem<br \/>\nRaum, dynamische (Fehl-)Entwicklungen in Gesellschaft und Natur &#8211; und eine<br \/>\nkontroverse Debatte \u00fcber die k\u00fcnftige politische Entwicklung. Vor diesem<br \/>\nHintergrund beantworten prominente Experten des Alpenraumes aktuell dr\u00e4ngende<br \/>\nFragen: Wie entwickeln sich Alpenregionen im Spannungsfeld von Verst\u00e4dterung<br \/>\nund Entsiedlung? Wie sieht das Verh\u00e4ltnis zwischen Metropolen und Peripherien,<br \/>\nzwischen Wirtschaft und Umweltschutz oder zwischen Tourismus und<br \/>\nNachhaltigkeit aus? Was macht Regionalentwicklung nachhaltig?<\/p>\n<p>Ausgangspunkt der Beitr\u00e4ge ist das Werk des gro\u00dfen Alpenforschers Werner<br \/>\nB\u00e4tzing, der in seinem Bem\u00fchen um \u00abOrte guten Lebens\u00bb in den Alpen (und<br \/>\nanderswo) bedeutende Ma\u00dfst\u00e4be gesetzt hat.<\/p>","protected":false},"excerpt":{"rendered":"<p>Verst\u00e4dterung, Entsiedlung und neue Aufwertungen Wie entwickelt sich der Siedlungsraum Alpen? Die Alpenregion ist einer der faszinierendsten Lebensr\u00e4ume \u00fcberhaupt: Vielfalt und Gegens\u00e4tze auf engstem Raum, dynamische (Fehl-)Entwicklungen in Gesellschaft und Natur &#8211; und eine kontroverse Debatte \u00fcber die k\u00fcnftige politische Entwicklung. Vor diesem Hintergrund beantworten prominente Experten des Alpenraumes aktuell dr\u00e4ngende Fragen: Wie entwickeln sich [&#8230;]\n","protected":false},"featured_media":26803,"template":"","meta":[],"product_brand":[],"product_cat":[21542],"product_tag":[],"class_list":{"0":"post-148365","1":"product","2":"type-product","3":"status-publish","4":"has-post-thumbnail","6":"product_cat-sachbuecher-dokumentationen","7":"pa_autor-chilla","8":"pa_erscheinungsjahr-21550","9":"pa_region-schweiz","10":"pa_sprache-de","12":"first","13":"instock","14":"taxable","15":"shipping-taxable","16":"purchasable","17":"product-type-simple"},"_links":{"self":[{"href":"https:\/\/pizbube.ch\/en\/wp-json\/wp\/v2\/product\/148365","targetHints":{"allow":["GET"]}}],"collection":[{"href":"https:\/\/pizbube.ch\/en\/wp-json\/wp\/v2\/product"}],"about":[{"href":"https:\/\/pizbube.ch\/en\/wp-json\/wp\/v2\/types\/product"}],"wp:featuredmedia":[{"embeddable":true,"href":"https:\/\/pizbube.ch\/en\/wp-json\/wp\/v2\/media\/26803"}],"wp:attachment":[{"href":"https:\/\/pizbube.ch\/en\/wp-json\/wp\/v2\/media?parent=148365"}],"wp:term":[{"taxonomy":"product_brand","embeddable":true,"href":"https:\/\/pizbube.ch\/en\/wp-json\/wp\/v2\/product_brand?post=148365"},{"taxonomy":"product_cat","embeddable":true,"href":"https:\/\/pizbube.ch\/en\/wp-json\/wp\/v2\/product_cat?post=148365"},{"taxonomy":"product_tag","embeddable":true,"href":"https:\/\/pizbube.ch\/en\/wp-json\/wp\/v2\/product_tag?post=148365"}],"curies":[{"name":"wp","href":"https:\/\/api.w.org\/{rel}","templated":true}]}}