{"id":148366,"date":"2021-01-15T10:57:10","date_gmt":"2021-01-15T10:57:10","guid":{"rendered":"https:\/\/codengine3.ch\/?product=import-placeholder-for-203880"},"modified":"2022-03-15T16:43:33","modified_gmt":"2022-03-15T15:43:33","slug":"bergdorf-hinterrhein-buch-und-dvd","status":"publish","type":"product","link":"https:\/\/pizbube.ch\/en\/shop\/bergdorf-hinterrhein-buch-und-dvd\/","title":{"rendered":"Bergdorf Hinterrhein (Buch und DVD)"},"content":{"rendered":"<p>Buch und Film setzen sich mit dem Wandel der Lebensverh\u00e4ltnisse im kleinen<br \/>\nB\u00fcndner Bergdorf Hinterrhein auseinander. Hinterrhein steht exemplarisch f\u00fcr<br \/>\nalpine Bergd\u00f6rfer mit einem starken Agraranteil und wenig Tourismus. Der<br \/>\nStrukturwandel in der Landwirtschaft, die Abwanderung, der Bau der<br \/>\nNationalstrasse und der Panzerwaffenplatz haben das Dorf radikal ver\u00e4ndert.<br \/>\nHinterrhein ist ein Ort der Gegens\u00e4tze.<\/p>\n<p>Die Dorfbewohner befinden sich im<br \/>\nSpannungsfeld von gestern und heute, von Tradition und Moderne. Buch und Film<br \/>\nsind entstanden im Rahmen des Nationalen Forschungsprogramms 48, Landschaften<br \/>\nund Lebensr\u00e4ume.<\/p>\n<p>Inkl. Die DVD zum Buch Hinterrhein; Umbruch im Bergdorf<br \/>\nLisa R\u00f6\u00f6sli; Film von 82 Minuten L\u00e4nge, Booklet, Format 20 x 27,5 cm<\/p>","protected":false},"excerpt":{"rendered":"<p>Buch und Film setzen sich mit dem Wandel der Lebensverh\u00e4ltnisse im kleinen B\u00fcndner Bergdorf Hinterrhein auseinander. Hinterrhein steht exemplarisch f\u00fcr alpine Bergd\u00f6rfer mit einem starken Agraranteil und wenig Tourismus. Der Strukturwandel in der Landwirtschaft, die Abwanderung, der Bau der Nationalstrasse und der Panzerwaffenplatz haben das Dorf radikal ver\u00e4ndert. Hinterrhein ist ein Ort der Gegens\u00e4tze. Die [&#8230;]\n","protected":false},"featured_media":31588,"template":"","meta":[],"product_brand":[],"product_cat":[21542],"product_tag":[],"class_list":{"0":"post-148366","1":"product","2":"type-product","3":"status-publish","4":"has-post-thumbnail","6":"product_cat-sachbuecher-dokumentationen","7":"pa_autor-conzett-lenz","8":"pa_erscheinungsjahr-21776","9":"pa_region-schweiz","10":"pa_sprache-de","12":"first","13":"instock","14":"taxable","15":"shipping-taxable","16":"purchasable","17":"product-type-simple"},"_links":{"self":[{"href":"https:\/\/pizbube.ch\/en\/wp-json\/wp\/v2\/product\/148366","targetHints":{"allow":["GET"]}}],"collection":[{"href":"https:\/\/pizbube.ch\/en\/wp-json\/wp\/v2\/product"}],"about":[{"href":"https:\/\/pizbube.ch\/en\/wp-json\/wp\/v2\/types\/product"}],"wp:featuredmedia":[{"embeddable":true,"href":"https:\/\/pizbube.ch\/en\/wp-json\/wp\/v2\/media\/31588"}],"wp:attachment":[{"href":"https:\/\/pizbube.ch\/en\/wp-json\/wp\/v2\/media?parent=148366"}],"wp:term":[{"taxonomy":"product_brand","embeddable":true,"href":"https:\/\/pizbube.ch\/en\/wp-json\/wp\/v2\/product_brand?post=148366"},{"taxonomy":"product_cat","embeddable":true,"href":"https:\/\/pizbube.ch\/en\/wp-json\/wp\/v2\/product_cat?post=148366"},{"taxonomy":"product_tag","embeddable":true,"href":"https:\/\/pizbube.ch\/en\/wp-json\/wp\/v2\/product_tag?post=148366"}],"curies":[{"name":"wp","href":"https:\/\/api.w.org\/{rel}","templated":true}]}}