{"id":148367,"date":"2021-01-15T10:57:10","date_gmt":"2021-01-15T10:57:10","guid":{"rendered":"https:\/\/codengine3.ch\/?product=import-placeholder-for-201205"},"modified":"2023-05-05T08:41:21","modified_gmt":"2023-05-05T06:41:21","slug":"safiental-kulturlandschaftsfuehrer","status":"publish","type":"product","link":"https:\/\/pizbube.ch\/en\/shop\/safiental-kulturlandschaftsfuehrer\/","title":{"rendered":"Safiental Kulturlandschaftsf\u00fchrer"},"content":{"rendered":"<p>Die Schweiz besitzt einzigartige Kulturlandschaften. Die Reihe der<br \/>\nKulturlandschaftsf\u00fchrer von ViaStoria gew\u00e4hrt vertiefte Einblicke in die<br \/>\nVielfalt der Kulturlandschaften, legt ihre Geschichte frei und l\u00e4dt dazu ein,<br \/>\nsie zu erkunden.<\/p>\n<p>Der erste Band der Reihe entf\u00fchrt Sie in das Safiental im Kanton Graub\u00fcnden.<br \/>\nDas Tal zwischen Vorder- und Hinterrheintal ist trotz seiner landschaftlichen<br \/>\nReize kaum bekannt. Lange Zeit war es nur \u00fcber hohe P\u00e4sse und auf<br \/>\nbeschwerlichen Fuss- und Saumpfaden erreichbar. Erst seit 1885 erschliesst<br \/>\neine Fahrstrasse das Safiental. Die Abgeschiedenheit pr\u00e4gte die Landschaft und<br \/>\ntrug dazu bei, dass die alten Verkehrswege und traditionellen Siedlungsformen<br \/>\nl\u00e4nger erhalten blieben als anderswo. Noch heute sind die Spuren der Walser<br \/>\nKultur und Viehwirtschaft im Safiental allgegenw\u00e4rtig: Bauernh\u00e4user, Scheunen,<br \/>\nSt\u00e4lle und Alph\u00fctten pr\u00e4sentieren sich als attraktive Streusiedlungen,<br \/>\nverbunden durch eine Vielzahl von Fuss- und Wanderwegen.<\/p>\n<p>Im Kulturlandschaftsf\u00fchrer werden die landschaftlichen und<br \/>\nverkehrshistorischen Besonderheiten des Tals gezeigt. Die Beitr\u00e4ge werden<br \/>\nerg\u00e4nzt mit praktischen Hinweisen und Wandervorschl\u00e4gen f\u00fcr Tagesausfl\u00fcge und<br \/>\nf\u00fcr eine viert\u00e4gige Wanderung entlang des Walserwegs Safiental von Versam bis<br \/>\nnach Spl\u00fcgen. Die Mischung aus wissenschaftlich fundierten Erl\u00e4uterungen und<br \/>\npraktischen Reisetipps erm\u00f6glicht es Leserinnen und Lesern, das Safiental<br \/>\ngenussvoll im Geiste kennenzulernen und seine Sch\u00f6nheiten vor Ort gezielt zu<br \/>\nentdecken.<\/p>","protected":false},"excerpt":{"rendered":"<p>Die Schweiz besitzt einzigartige Kulturlandschaften. Die Reihe der Kulturlandschaftsf\u00fchrer von ViaStoria gew\u00e4hrt vertiefte Einblicke in die Vielfalt der Kulturlandschaften, legt ihre Geschichte frei und l\u00e4dt dazu ein, sie zu erkunden. Der erste Band der Reihe entf\u00fchrt Sie in das Safiental im Kanton Graub\u00fcnden. Das Tal zwischen Vorder- und Hinterrheintal ist trotz seiner landschaftlichen Reize kaum [&#8230;]\n","protected":false},"featured_media":28432,"template":"","meta":[],"product_brand":[],"product_cat":[21542],"product_tag":[],"class_list":{"0":"post-148367","1":"product","2":"type-product","3":"status-publish","4":"has-post-thumbnail","6":"product_cat-sachbuecher-dokumentationen","7":"pa_autor-flueckiger-strebel","8":"pa_sprache-de","10":"first","11":"outofstock","12":"taxable","13":"shipping-taxable","14":"purchasable","15":"product-type-simple"},"_links":{"self":[{"href":"https:\/\/pizbube.ch\/en\/wp-json\/wp\/v2\/product\/148367","targetHints":{"allow":["GET"]}}],"collection":[{"href":"https:\/\/pizbube.ch\/en\/wp-json\/wp\/v2\/product"}],"about":[{"href":"https:\/\/pizbube.ch\/en\/wp-json\/wp\/v2\/types\/product"}],"wp:featuredmedia":[{"embeddable":true,"href":"https:\/\/pizbube.ch\/en\/wp-json\/wp\/v2\/media\/28432"}],"wp:attachment":[{"href":"https:\/\/pizbube.ch\/en\/wp-json\/wp\/v2\/media?parent=148367"}],"wp:term":[{"taxonomy":"product_brand","embeddable":true,"href":"https:\/\/pizbube.ch\/en\/wp-json\/wp\/v2\/product_brand?post=148367"},{"taxonomy":"product_cat","embeddable":true,"href":"https:\/\/pizbube.ch\/en\/wp-json\/wp\/v2\/product_cat?post=148367"},{"taxonomy":"product_tag","embeddable":true,"href":"https:\/\/pizbube.ch\/en\/wp-json\/wp\/v2\/product_tag?post=148367"}],"curies":[{"name":"wp","href":"https:\/\/api.w.org\/{rel}","templated":true}]}}