{"id":148368,"date":"2021-01-15T10:57:10","date_gmt":"2021-01-15T10:57:10","guid":{"rendered":"https:\/\/codengine3.ch\/?product=import-placeholder-for-203601"},"modified":"2021-01-15T14:24:48","modified_gmt":"2021-01-15T14:24:48","slug":"tourismus-und-kultureller-wandel","status":"publish","type":"product","link":"https:\/\/pizbube.ch\/en\/shop\/tourismus-und-kultureller-wandel\/","title":{"rendered":"Tourismus und kultureller Wandel"},"content":{"rendered":"<p>Tourisme et changements culturels. Deutsch\/Franz\u00f6sisch. s\/w. Abb., graph.<br \/>\nDarst. 327 S.<br \/>\nIm Vergleich zu seiner Bedeutung in Vergangenheit und Gegenwart ist die<br \/>\nErforschung des alpinen Tourismus wenig fortgeschritten. Was in der<br \/>\nGeschichtswissenschaft vor allem fehlt, sind l\u00e4nder\u00fcbergreifende Ans\u00e4tze. Die<br \/>\nBeitr\u00e4ge in diesem Band beleuchten das touristische Ph\u00e4nomen aus<br \/>\nunterschiedlicher Perspektive, im Mittelpunkt steht seine spannungsgeladene<br \/>\nBeziehung zum kulturellen Wandel.<\/p>","protected":false},"excerpt":{"rendered":"<p>Tourisme et changements culturels. Deutsch\/Franz\u00f6sisch. s\/w. Abb., graph. Darst. 327 S. Im Vergleich zu seiner Bedeutung in Vergangenheit und Gegenwart ist die Erforschung des alpinen Tourismus wenig fortgeschritten. Was in der Geschichtswissenschaft vor allem fehlt, sind l\u00e4nder\u00fcbergreifende Ans\u00e4tze. Die Beitr\u00e4ge in diesem Band beleuchten das touristische Ph\u00e4nomen aus unterschiedlicher Perspektive, im Mittelpunkt steht seine spannungsgeladene [&#8230;]\n","protected":false},"featured_media":31248,"template":"","meta":[],"product_brand":[],"product_cat":[21542],"product_tag":[],"class_list":{"0":"post-148368","1":"product","2":"type-product","3":"status-publish","4":"has-post-thumbnail","6":"product_cat-sachbuecher-dokumentationen","7":"pa_autor-busset-mathieu-lorenzetti","8":"pa_erscheinungsjahr-21920","9":"pa_region-schweiz","10":"pa_sprache-d","11":"pa_sprache-f","13":"first","14":"instock","15":"taxable","16":"shipping-taxable","17":"purchasable","18":"product-type-simple"},"_links":{"self":[{"href":"https:\/\/pizbube.ch\/en\/wp-json\/wp\/v2\/product\/148368","targetHints":{"allow":["GET"]}}],"collection":[{"href":"https:\/\/pizbube.ch\/en\/wp-json\/wp\/v2\/product"}],"about":[{"href":"https:\/\/pizbube.ch\/en\/wp-json\/wp\/v2\/types\/product"}],"wp:featuredmedia":[{"embeddable":true,"href":"https:\/\/pizbube.ch\/en\/wp-json\/wp\/v2\/media\/31248"}],"wp:attachment":[{"href":"https:\/\/pizbube.ch\/en\/wp-json\/wp\/v2\/media?parent=148368"}],"wp:term":[{"taxonomy":"product_brand","embeddable":true,"href":"https:\/\/pizbube.ch\/en\/wp-json\/wp\/v2\/product_brand?post=148368"},{"taxonomy":"product_cat","embeddable":true,"href":"https:\/\/pizbube.ch\/en\/wp-json\/wp\/v2\/product_cat?post=148368"},{"taxonomy":"product_tag","embeddable":true,"href":"https:\/\/pizbube.ch\/en\/wp-json\/wp\/v2\/product_tag?post=148368"}],"curies":[{"name":"wp","href":"https:\/\/api.w.org\/{rel}","templated":true}]}}