{"id":148369,"date":"2021-01-15T10:57:10","date_gmt":"2021-01-15T10:57:10","guid":{"rendered":"https:\/\/codengine3.ch\/?product=import-placeholder-for-207325"},"modified":"2021-01-15T16:02:01","modified_gmt":"2021-01-15T16:02:01","slug":"der-alpentourismus-der-zukunft","status":"publish","type":"product","link":"https:\/\/pizbube.ch\/en\/shop\/der-alpentourismus-der-zukunft\/","title":{"rendered":"Der Alpentourismus der Zukunft"},"content":{"rendered":"<p>Trends &#8211; Ideen &#8211; Chancen  <\/p>\n<p>Alpentourismus im Jahr 2030: die wichtigsten Trends und Zukunftsvisionen.<\/p>\n<p>Der Alpentourismus im Wandel: ein Blick in Vergangenheit und Zukunft<br \/>\nWer morgen zu den Gewinnern im Tourismus z\u00e4hlen m\u00f6chte, muss heute daf\u00fcr die<br \/>\nWeichen stellen. Dieses Buch gibt einen \u00dcberblick \u00fcber die touristische<br \/>\nEntwicklung im Alpenraum und liefert auf Basis einer Studie des renommierten<br \/>\nFraunhofer Instituts aufschlussreiche Einblicke in die Zukunft. Denn der Gast<br \/>\nim Jahr 2030 unterscheidet sich in seinen W\u00fcnschen und Erwartungen deutlich<br \/>\nvon einem Besucher im Jahr 2017.<\/p>\n<p>7 x Zukunft oder: Trends von touristischer Bedeutung<br \/>\nHightech-Erlebniswelten mit au\u00dfergew\u00f6hnlicher Architektur, perfekt<br \/>\nausgestattete Schlafnester hoch oben in den Bergen, Gesundheitsbetreuung in<br \/>\nEchtzeit und die M\u00f6glichkeit, mittels Big Data den G\u00e4sten jeden Wunsch von den<br \/>\nLippen abzulesen: Ausf\u00fchrlich werden die 7 wichtigsten Zukunftsszenarien<br \/>\nvorgestellt und anschlie\u00dfend in praxisnahen Hotelkonzepten pr\u00e4sentiert.  <\/p>\n<p>Das Hotel der Zukunft geht auf jeden Wunsch des Gastes ein<br \/>\nDenn Individualisierung und personalisierte Angebote geh\u00f6ren zum<br \/>\nLebensstandard der Menschen und sind somit auch wesentlicher Bestandteil eines<br \/>\ngelungenen Urlaubs. Dies mag zum Beispiel das Wellnesshotel mit individuell<br \/>\nauf den Gast abgestimmten Superfood und Kraftpl\u00e4tzen sein. Andererseits wird<br \/>\ndas Angebot f\u00fcr junge Menschen gezielt auf Abenteuer und virtuelle Erlebnisse<br \/>\nsetzen. Und immer mehr Menschen kommen in die Berge, um dort Erholung mit<br \/>\nArbeit in einer inspirierenden Umgebung zu verbinden \u2013 alles unter der<br \/>\nVoraussetzung einer hochgradigen Technologisierung.<\/p>\n<p>\u201eDer Alpentourismus der Zukunft\u201c liefert Denkanst\u00f6\u00dfe, Anregungen und Einblicke<br \/>\nin die faszinierende Welt des touristischen Wandels \u2013 wunderbar illustriert<br \/>\nund mit Platz f\u00fcr eigene Notizen!  <\/p>","protected":false},"excerpt":{"rendered":"<p>Trends &#8211; Ideen &#8211; Chancen Alpentourismus im Jahr 2030: die wichtigsten Trends und Zukunftsvisionen. Der Alpentourismus im Wandel: ein Blick in Vergangenheit und Zukunft Wer morgen zu den Gewinnern im Tourismus z\u00e4hlen m\u00f6chte, muss heute daf\u00fcr die Weichen stellen. Dieses Buch gibt einen \u00dcberblick \u00fcber die touristische Entwicklung im Alpenraum und liefert auf Basis einer [&#8230;]\n","protected":false},"featured_media":37128,"template":"","meta":[],"product_brand":[],"product_cat":[21542],"product_tag":[],"class_list":{"0":"post-148369","1":"product","2":"type-product","3":"status-publish","4":"has-post-thumbnail","6":"product_cat-sachbuecher-dokumentationen","7":"pa_autor-borkmann","8":"pa_erscheinungsjahr-21546","9":"pa_region-oesterreich","10":"pa_sprache-de","12":"first","13":"instock","14":"taxable","15":"shipping-taxable","16":"purchasable","17":"product-type-simple"},"_links":{"self":[{"href":"https:\/\/pizbube.ch\/en\/wp-json\/wp\/v2\/product\/148369","targetHints":{"allow":["GET"]}}],"collection":[{"href":"https:\/\/pizbube.ch\/en\/wp-json\/wp\/v2\/product"}],"about":[{"href":"https:\/\/pizbube.ch\/en\/wp-json\/wp\/v2\/types\/product"}],"wp:featuredmedia":[{"embeddable":true,"href":"https:\/\/pizbube.ch\/en\/wp-json\/wp\/v2\/media\/37128"}],"wp:attachment":[{"href":"https:\/\/pizbube.ch\/en\/wp-json\/wp\/v2\/media?parent=148369"}],"wp:term":[{"taxonomy":"product_brand","embeddable":true,"href":"https:\/\/pizbube.ch\/en\/wp-json\/wp\/v2\/product_brand?post=148369"},{"taxonomy":"product_cat","embeddable":true,"href":"https:\/\/pizbube.ch\/en\/wp-json\/wp\/v2\/product_cat?post=148369"},{"taxonomy":"product_tag","embeddable":true,"href":"https:\/\/pizbube.ch\/en\/wp-json\/wp\/v2\/product_tag?post=148369"}],"curies":[{"name":"wp","href":"https:\/\/api.w.org\/{rel}","templated":true}]}}