{"id":148370,"date":"2021-01-15T10:57:10","date_gmt":"2021-01-15T10:57:10","guid":{"rendered":"https:\/\/codengine3.ch\/?product=import-placeholder-for-208644"},"modified":"2023-09-01T10:05:08","modified_gmt":"2023-09-01T08:05:08","slug":"bergsteigerdoerfer-berge-erleben-wo-die-alpen-noch-urspruenglich-sind","status":"publish","type":"product","link":"https:\/\/pizbube.ch\/en\/shop\/bergsteigerdoerfer-berge-erleben-wo-die-alpen-noch-urspruenglich-sind\/","title":{"rendered":"Bergsteigerd\u00f6rfer &#8211; Berge erleben, wo die Alpen noch urspr\u00fcnglich sind"},"content":{"rendered":"<p>Aktivurlaub in heimeligen Bergd\u00f6rfern und urspr\u00fcnglicher Landschaft ohne<br \/>\nschrillen Massentourismus? Immer mehr Menschen aller Altersgruppen legen in<br \/>\nihrer aktiven Freizeit besonderen Wert auf Ruhe und Urspr\u00fcnglichkeit, immer<br \/>\nmehr Orte in den Alpen erkennen hinter vermeintlichen wirtschaftlichen<br \/>\nSchw\u00e4chen ihre eigentlichen Werte und sehen ihre Zukunft nicht im alpinen<br \/>\nBallermann.<\/p>\n<p>Mit dem nach strengen Kriterien vergebenen Label &#171;Bergsteigerdorf&#187; zeichnet<br \/>\nder \u00d6sterreichische Alpenverein seit einigen Jahren Ortschaften in den<br \/>\n\u00f6sterreichischen Alpen aus, die auf eine reiche alpinistische Tradition<br \/>\nzur\u00fcckblicken, ein gro\u00dfes, authentisches Bergtourenpotenzial bieten und sich<br \/>\ndabei seit jeher dem sanften Tourismus verschrieben haben. Vent im \u00d6tztal,<br \/>\nVillgraten in Osttirol und Johnsbach im Ges\u00e4use sind nur drei von insgesamt 20<br \/>\nOrten, die das Label &#171;Bergsteigerdorf&#187; mit Stolz tragen. Und die Initiative<br \/>\nst\u00f6\u00dft auch bei den Nachbarn bereits auf reges Interesse: Mit Ramsau ist j\u00fcngst<br \/>\ndas erste bayerische Bergsteigerdorf ausgerufen worden &#8230;<\/p>\n<p>In diesem gro\u00dfz\u00fcgig illustrierten Bildband werden alle diese Bergsteigerd\u00f6rfer<br \/>\nmit ihren sch\u00f6nsten Tourenm\u00f6glichkeiten f\u00fcr Wanderer und Bergsteiger erstmals<br \/>\nausf\u00fchrlich vorgestellt. Aus authentischem Erleben versteht es der Autor,<br \/>\ndiese &#171;Orte guten Bergsteigens&#187; in all ihrer Unterschiedlichkeit zu<br \/>\ncharakterisieren und erlebbar zu machen.<\/p>\n<p>Ein Bildband zum Tr\u00e4umen und Planen f\u00fcr Wanderer und Bergsteiger, die das<br \/>\nUrspr\u00fcngliche lieben<\/p>\n<p>Die Orte im \u00dcberblick (in alphabetischer Reihenfolge):<\/p>\n<p>Ginzling (Zillertal\/ Tirol)<br \/>\nGro\u00dfes Walsertal (Vorarlberg)<br \/>\nGr\u00fcnau im Almtal (Ober\u00f6sterreich)<br \/>\nH\u00fcttschlag im Gro\u00dfarltal (Salzburg)<br \/>\nJohnsbach im Ges\u00e4use (Steiermark)<br \/>\nLesachtal (K\u00e4rnten)<br \/>\nLunz am See (Nieder\u00f6sterreich)<br \/>\nMallnitz (K\u00e4rnten)<br \/>\nMalta (K\u00e4rnten)<br \/>\nMauthen (K\u00e4rnten)<br \/>\nReichenau an der Rax (Nieder\u00f6sterreich)<br \/>\nSellraintal (Tirol)<br \/>\nSteinbach am Attersee (Ober\u00f6sterreich)<br \/>\nSteirische Krakau (Steiermark)<br \/>\nSt. Jodok, Schmirn- und Valsertal (Tirol)<br \/>\nTiroler Gailtal (Osttirol)<br \/>\nVent im \u00d6tztal (Tirol)<br \/>\nVillgratental (Osttirol)<br \/>\nWei\u00dfbach bei Lofer (Salzburg)<br \/>\nZell-Sele (K\u00e4rnten)<br \/>\nRamsau bei Berchtesgaden (Bayern)<\/p>\n<p>Hardcover 240 Seiten; 266 farb. Abb., 23 sw Zeichnungen und 21<br \/>\n\u00dcbersichtskarten.<\/p>","protected":false},"excerpt":{"rendered":"<p>Aktivurlaub in heimeligen Bergd\u00f6rfern und urspr\u00fcnglicher Landschaft ohne schrillen Massentourismus? Immer mehr Menschen aller Altersgruppen legen in ihrer aktiven Freizeit besonderen Wert auf Ruhe und Urspr\u00fcnglichkeit, immer mehr Orte in den Alpen erkennen hinter vermeintlichen wirtschaftlichen Schw\u00e4chen ihre eigentlichen Werte und sehen ihre Zukunft nicht im alpinen Ballermann. Mit dem nach strengen Kriterien vergebenen Label [&#8230;]\n","protected":false},"featured_media":166053,"template":"","meta":[],"product_brand":[],"product_cat":[21542],"product_tag":[],"class_list":{"0":"post-148370","1":"product","2":"type-product","3":"status-publish","4":"has-post-thumbnail","6":"product_cat-sachbuecher-dokumentationen","7":"pa_autor-zahel","8":"pa_erscheinungsjahr-21574","9":"pa_region-oesterreich","10":"pa_sprache-de","12":"first","13":"onbackorder","14":"taxable","15":"shipping-taxable","16":"purchasable","17":"product-type-simple"},"_links":{"self":[{"href":"https:\/\/pizbube.ch\/en\/wp-json\/wp\/v2\/product\/148370","targetHints":{"allow":["GET"]}}],"collection":[{"href":"https:\/\/pizbube.ch\/en\/wp-json\/wp\/v2\/product"}],"about":[{"href":"https:\/\/pizbube.ch\/en\/wp-json\/wp\/v2\/types\/product"}],"wp:featuredmedia":[{"embeddable":true,"href":"https:\/\/pizbube.ch\/en\/wp-json\/wp\/v2\/media\/166053"}],"wp:attachment":[{"href":"https:\/\/pizbube.ch\/en\/wp-json\/wp\/v2\/media?parent=148370"}],"wp:term":[{"taxonomy":"product_brand","embeddable":true,"href":"https:\/\/pizbube.ch\/en\/wp-json\/wp\/v2\/product_brand?post=148370"},{"taxonomy":"product_cat","embeddable":true,"href":"https:\/\/pizbube.ch\/en\/wp-json\/wp\/v2\/product_cat?post=148370"},{"taxonomy":"product_tag","embeddable":true,"href":"https:\/\/pizbube.ch\/en\/wp-json\/wp\/v2\/product_tag?post=148370"}],"curies":[{"name":"wp","href":"https:\/\/api.w.org\/{rel}","templated":true}]}}