{"id":148372,"date":"2021-01-15T10:57:16","date_gmt":"2021-01-15T10:57:16","guid":{"rendered":"https:\/\/codengine3.ch\/?product=import-placeholder-for-200408"},"modified":"2021-01-15T10:57:20","modified_gmt":"2021-01-15T10:57:20","slug":"menorca-die-schoensten-inselwanderungen","status":"publish","type":"product","link":"https:\/\/pizbube.ch\/en\/shop\/menorca-die-schoensten-inselwanderungen\/","title":{"rendered":"Menorca &#8211; Die sch\u00f6nsten Inselwanderungen"},"content":{"rendered":"<p>35 ausgew\u00e4hlte K\u00fcsten- und Binnenwanderungen durch die herbsch\u00f6nen<br \/>\nLandschaften Menorcas, des urw\u00fcchsigen und stillen Biosph\u00e4renreservats.  <\/p>\n<p>Menorca ist die stille kleine Schwester des majest\u00e4tischen Mallorca. Von<br \/>\nIndustrialisierung und vielen fragw\u00fcrdigen touristischen Entwicklungen nahezu<br \/>\nverschont, hat sich die Insel ihre Nat\u00fcrlichkeit und Unber\u00fchrtheit bewahrt.<br \/>\nIhre Naturbelassenheit macht Menorca zu einer Perle des Aktivurlaubs. Der<br \/>\nRother Wanderf\u00fchrer \u00bbMenorca\u00ab stellt die 35 sch\u00f6nsten Inselwanderungen vor.  <\/p>\n<p>Die Tourenauswahl umfasst leichte bis mittelschwere K\u00fcsten- und<br \/>\nBinnenwanderungen, kurze Spazierg\u00e4nge ebenso wie Tagestouren. Menorca zeigt<br \/>\neine beeindruckende Vielfalt von kargen rau-sch\u00f6nen Landschaftsformen, eine<br \/>\nreiche Flora und Fauna, unbesiedelte einsame Weiten mit urspr\u00fcnglichen Wegen<br \/>\nzwischen Trockensteinmauern, unverbaute Str\u00e4nde mit glasklarem Wasser. Wie<br \/>\nnirgends sonst haben sich auf Menorca auch die dreitausendj\u00e4hrigen Zeugnisse<br \/>\nder talayotischen Kultur aus der Bronzezeit erhalten: gewaltige und<br \/>\nverbl\u00fcffende Steinbauten, Siedlungen und Grabh\u00f6hlen.  <\/p>\n<p>Viele der vorgestellten Touren folgen dem Weitwanderweg GR 223 (\u00bbCami de<br \/>\nCavalls\u00ab). Im Landesinneren erm\u00f6glicht ein weites Netz fantastischer alter<br \/>\nWege \u00fcber karge Weiden, durch W\u00e4lder und Schluchten eine Vielzahl<br \/>\nbeeindruckender Wandererfahrungen.<\/p>\n<p>Jede Tour im Rother Wanderf\u00fchrer \u00bbMenorca\u00ab verf\u00fcgt \u00fcber eine zuverl\u00e4ssige<br \/>\nWegbeschreibung, einen Kartenausschnitt mit eingezeichnetem Wegverlauf und ein<br \/>\naussagekr\u00e4ftiges H\u00f6henprofil. Es gibt zahlreiche Hinweise zu<br \/>\nSehensw\u00fcrdigkeiten und Einkehrm\u00f6glichkeiten unterwegs. Ein \u00fcbersichtlicher<br \/>\nTourensteckbrief informiert \u00fcber Anforderungen, H\u00f6henunterschied und vieles<br \/>\nmehr. GPS-Tracks stehen zum Download bereit.  <\/p>\n<p>2. aktualis. Auflage 2016; 128 Seiten mit 78 Farbabbildungen; 35<br \/>\nH\u00f6henprofile, 35 Wanderk\u00e4rtchen im Ma\u00dfstab 1:25.000 \/ 1:50.000 \/1:75.000; eine<br \/>\n\u00dcbersichtskarte<\/p>","protected":false},"excerpt":{"rendered":"<ul>\n<li><a href=\"https:\/\/pizbube.ch\/wp-content\/uploads\/attachments\/a_003\/272A5DBAA7809E0160961BD3C3556434.pdf\" target=\"_blank\" rel=\"noopener\">PDF: menorca_inhaltsverzeichnis.pdf<\/a><\/li>\n<\/ul>","protected":false},"featured_media":26818,"template":"","meta":[],"product_brand":[],"product_cat":[21605],"product_tag":[],"class_list":{"0":"post-148372","1":"product","2":"type-product","3":"status-publish","4":"has-post-thumbnail","6":"product_cat-wanderfuehrer-trekking","7":"pa_autor-aguilar-redmann","8":"pa_erscheinungsjahr-21571","9":"pa_region-spanien","10":"pa_sprache-de","12":"first","13":"instock","14":"taxable","15":"shipping-taxable","16":"purchasable","17":"product-type-simple"},"_links":{"self":[{"href":"https:\/\/pizbube.ch\/en\/wp-json\/wp\/v2\/product\/148372","targetHints":{"allow":["GET"]}}],"collection":[{"href":"https:\/\/pizbube.ch\/en\/wp-json\/wp\/v2\/product"}],"about":[{"href":"https:\/\/pizbube.ch\/en\/wp-json\/wp\/v2\/types\/product"}],"wp:featuredmedia":[{"embeddable":true,"href":"https:\/\/pizbube.ch\/en\/wp-json\/wp\/v2\/media\/26818"}],"wp:attachment":[{"href":"https:\/\/pizbube.ch\/en\/wp-json\/wp\/v2\/media?parent=148372"}],"wp:term":[{"taxonomy":"product_brand","embeddable":true,"href":"https:\/\/pizbube.ch\/en\/wp-json\/wp\/v2\/product_brand?post=148372"},{"taxonomy":"product_cat","embeddable":true,"href":"https:\/\/pizbube.ch\/en\/wp-json\/wp\/v2\/product_cat?post=148372"},{"taxonomy":"product_tag","embeddable":true,"href":"https:\/\/pizbube.ch\/en\/wp-json\/wp\/v2\/product_tag?post=148372"}],"curies":[{"name":"wp","href":"https:\/\/api.w.org\/{rel}","templated":true}]}}