{"id":148373,"date":"2021-01-15T10:57:16","date_gmt":"2021-01-15T10:57:16","guid":{"rendered":"https:\/\/codengine3.ch\/?product=import-placeholder-for-207968"},"modified":"2023-11-15T17:54:09","modified_gmt":"2023-11-15T16:54:09","slug":"menorca-sport-climbing-guide","status":"publish","type":"product","link":"https:\/\/pizbube.ch\/en\/shop\/menorca-sport-climbing-guide\/","title":{"rendered":"Menorca Sport climbing guide"},"content":{"rendered":"<p>Phototopoguidebook;<br \/>\ndescribed are 7 spots on the island with over 160 routes in perfect rock!<\/p>\n<p>96 pages<\/p>\n<p>&nbsp;<\/p>\n<p>Menorca &#8211; Gu\u00eda de escalada deportiva.<\/p>\n<p>Menorca, el para\u00edso desconocido de la escalada:<br \/>\nLas zonas de escalada se encuentran siempre en la costa, en acantilados de<br \/>\nroca caliza, ya sea en las zonas calcoaren\u00edticas del sur o en las dolom\u00edas del<br \/>\ncabo de cavalleria en el norte. Estas zonas costeras son ricas en endemismos,<br \/>\nespecies vegetales que son \u00fanicas en el mundo y de un elevado valor ecol\u00f3gico.<br \/>\nDentro de estos imponentes paisajes naturales se hallan zonas de nidificaci\u00f3n<br \/>\npreferente, fortaleci\u00e9ndose as\u00ed la paz caracter\u00edstica de la isla.<\/p>","protected":false},"excerpt":{"rendered":"<p>Phototopoguidebook; described are 7 spots on the island with over 160 routes in perfect rock! 96 pages &nbsp; Menorca &#8211; Gu\u00eda de escalada deportiva. Menorca, el para\u00edso desconocido de la escalada: Las zonas de escalada se encuentran siempre en la costa, en acantilados de roca caliza, ya sea en las zonas calcoaren\u00edticas del sur o [&#8230;]\n","protected":false},"featured_media":170398,"template":"","meta":[],"product_brand":[],"product_cat":[21539],"product_tag":[],"class_list":{"0":"post-148373","1":"product","2":"type-product","3":"status-publish","4":"has-post-thumbnail","6":"product_cat-fuehrerliteratur-sportklettern-bouldern","7":"pa_autor-kunusch","8":"pa_erscheinungsjahr-21568","9":"pa_region-spanien","10":"pa_sprache-en-es","12":"first","13":"instock","14":"taxable","15":"shipping-taxable","16":"purchasable","17":"product-type-simple"},"_links":{"self":[{"href":"https:\/\/pizbube.ch\/en\/wp-json\/wp\/v2\/product\/148373","targetHints":{"allow":["GET"]}}],"collection":[{"href":"https:\/\/pizbube.ch\/en\/wp-json\/wp\/v2\/product"}],"about":[{"href":"https:\/\/pizbube.ch\/en\/wp-json\/wp\/v2\/types\/product"}],"wp:featuredmedia":[{"embeddable":true,"href":"https:\/\/pizbube.ch\/en\/wp-json\/wp\/v2\/media\/170398"}],"wp:attachment":[{"href":"https:\/\/pizbube.ch\/en\/wp-json\/wp\/v2\/media?parent=148373"}],"wp:term":[{"taxonomy":"product_brand","embeddable":true,"href":"https:\/\/pizbube.ch\/en\/wp-json\/wp\/v2\/product_brand?post=148373"},{"taxonomy":"product_cat","embeddable":true,"href":"https:\/\/pizbube.ch\/en\/wp-json\/wp\/v2\/product_cat?post=148373"},{"taxonomy":"product_tag","embeddable":true,"href":"https:\/\/pizbube.ch\/en\/wp-json\/wp\/v2\/product_tag?post=148373"}],"curies":[{"name":"wp","href":"https:\/\/api.w.org\/{rel}","templated":true}]}}