{"id":148376,"date":"2021-01-15T10:57:16","date_gmt":"2021-01-15T10:57:16","guid":{"rendered":"https:\/\/codengine3.ch\/?product=import-placeholder-for-207641"},"modified":"2021-01-15T16:05:31","modified_gmt":"2021-01-15T16:05:31","slug":"mallorca-gr-221-auf-der-trockensteinroute-durch-die-tramuntana","status":"publish","type":"product","link":"https:\/\/pizbube.ch\/en\/shop\/mallorca-gr-221-auf-der-trockensteinroute-durch-die-tramuntana\/","title":{"rendered":"Mallorca \u2013 GR 221 &#8211; Auf der Trockensteinroute durch die Tramuntana"},"content":{"rendered":"<p>Alle Etappen und Varianten<\/p>\n<p>Ein au\u00dfergew\u00f6hnlicher Weitwanderweg verl\u00e4uft durch den Nordwesten Mallorcas:<br \/>\nder GR 221. Die sogenannte \u00bbRoute der Trockensteinmauern\u00ab verl\u00e4uft durch das<br \/>\nTramuntana-Gebirge, bietet atemberaubende Meerblicke und l\u00e4sst die<br \/>\nmallorquinische Bergwelt erleben. Je nach Kondition ist man 8 bis 10<br \/>\nTagesetappen unterwegs.  <\/p>\n<p>Dieser Wanderf\u00fchrer stellt den Weitwanderweg detailliert und umfassend vor,<br \/>\nmit allen Varianten und etlichen Gipfelbesuchen. Er liefert zuverl\u00e4ssige<br \/>\nWegbeschreibungen mit aussagekr\u00e4ftigen H\u00f6henprofilen und Wanderk\u00e4rtchen mit<br \/>\neingetragenem Routenverlauf. Au\u00dferdem liefert er detaillierte<br \/>\n\u00dcbernachtungsvorschl\u00e4ge zu Wanderherbergen und anderen Unterk\u00fcnften und viele<br \/>\nextra Tipps zu Sehensw\u00fcrdigkeiten und Einkehrm\u00f6glichkeiten. Hinzu kommen<br \/>\nzahlreiche Infos zur mediterranen Flora.  <\/p>\n<p>1. Auflage 2019<br \/>\n176 Seiten mit 148 Farbabbildungen<br \/>\n19 H\u00f6henprofile, 19 Wanderk\u00e4rtchen im Ma\u00dfstab 1:50.000, zwei \u00dcbersichtskarten,<br \/>\nGPS-Tracks zum Download  <\/p>","protected":false},"excerpt":{"rendered":"<ul>\n<li><a href=\"https:\/\/pizbube.ch\/wp-content\/uploads\/attachments\/a_025\/9CA7863DD02F4062DC99E64A9D474217.pdf\" target=\"_blank\" rel=\"noopener\">PDF: mallorca_gr221_inhaltsverzeichnis<\/a><\/li>\n<\/ul>","protected":false},"featured_media":38018,"template":"","meta":[],"product_brand":[],"product_cat":[21605],"product_tag":[],"class_list":{"0":"post-148376","1":"product","2":"type-product","3":"status-publish","4":"has-post-thumbnail","6":"product_cat-wanderfuehrer-trekking","7":"pa_autor-goetz","8":"pa_erscheinungsjahr-21586","9":"pa_region-spanien","10":"pa_sprache-de","12":"first","13":"instock","14":"taxable","15":"shipping-taxable","16":"purchasable","17":"product-type-simple"},"_links":{"self":[{"href":"https:\/\/pizbube.ch\/en\/wp-json\/wp\/v2\/product\/148376","targetHints":{"allow":["GET"]}}],"collection":[{"href":"https:\/\/pizbube.ch\/en\/wp-json\/wp\/v2\/product"}],"about":[{"href":"https:\/\/pizbube.ch\/en\/wp-json\/wp\/v2\/types\/product"}],"wp:featuredmedia":[{"embeddable":true,"href":"https:\/\/pizbube.ch\/en\/wp-json\/wp\/v2\/media\/38018"}],"wp:attachment":[{"href":"https:\/\/pizbube.ch\/en\/wp-json\/wp\/v2\/media?parent=148376"}],"wp:term":[{"taxonomy":"product_brand","embeddable":true,"href":"https:\/\/pizbube.ch\/en\/wp-json\/wp\/v2\/product_brand?post=148376"},{"taxonomy":"product_cat","embeddable":true,"href":"https:\/\/pizbube.ch\/en\/wp-json\/wp\/v2\/product_cat?post=148376"},{"taxonomy":"product_tag","embeddable":true,"href":"https:\/\/pizbube.ch\/en\/wp-json\/wp\/v2\/product_tag?post=148376"}],"curies":[{"name":"wp","href":"https:\/\/api.w.org\/{rel}","templated":true}]}}