{"id":148381,"date":"2021-01-15T10:57:17","date_gmt":"2021-01-15T10:57:17","guid":{"rendered":"https:\/\/codengine3.ch\/?product=import-placeholder-for-200815"},"modified":"2023-06-08T10:06:34","modified_gmt":"2023-06-08T08:06:34","slug":"kletterfuehrer-zentralschweizer-voralpen-suedwest","status":"publish","type":"product","link":"https:\/\/pizbube.ch\/en\/shop\/kletterfuehrer-zentralschweizer-voralpen-suedwest\/","title":{"rendered":"Kletterf\u00fchrer Zentralschweizer Voralpen S\u00fcdwest"},"content":{"rendered":"<p>Zentralschweizer Voralpen S\u00fcdwest<br \/>\nSeelisberg-Klewen \/ Engelbergertal \/ Melchtal \/ Sarnen-Br\u00fcnig \/ Entlebuch<\/p>\n<p>Die breite Palette von Kletterm\u00f6glichkeiten in der Zentralschweiz reicht von<br \/>\nzahlreichen lieblichen Kletterg\u00e4rten rund um den Vierwaldst\u00e4ttersee \u00fcber die<br \/>\ntraditionsreichen voralpinen Kletterw\u00e4nde im Bockmattli und an den Mythen, den<br \/>\nbeliebten alpinen Sportklettergebieten im Melchtal bis hin zu den hochalpinen<br \/>\nMehrseill\u00e4ngenrouten am Schlossberg und Titlis.<\/p>\n<p>In Band 1 werden die Teilgebiete Seelisberg-Klewen, Engelbergertal, Melchtal,<br \/>\nSarnen-Br\u00fcnig und Entlebuch mit insgesamt ca. 900 Routen von 1-28 Seill\u00e4ngen<br \/>\nin Text und Bild detailliert vorgestellt.<\/p>\n<p>Ca. 280 Seiten, ca. 250 Farbfotos, 55 Kartenskizzen, 100 Topos, 15x21cm,<br \/>\nSoftcover, 2. \u00fcberarbeitete Auflage<\/p>","protected":false},"excerpt":{"rendered":"<ul>\n<li><strong><a href=\"https:\/\/pizbube.ch\/wp-content\/uploads\/attachments\/a_004\/35F1CBFD976EB1F2529CD55864479584.pdf\" target=\"_blank\" rel=\"noopener\">PDF: Leseprobe_Zentralschweizer Voralpen S\u00fcdwest<\/a><\/strong><\/li>\n<\/ul>","protected":false},"featured_media":156397,"template":"","meta":[],"product_brand":[],"product_cat":[21539],"product_tag":[],"class_list":{"0":"post-148381","1":"product","2":"type-product","3":"status-publish","4":"has-post-thumbnail","6":"product_cat-fuehrerliteratur-sportklettern-bouldern","7":"pa_autor-loetscher","8":"pa_erscheinungsjahr-21568","9":"pa_region-schweiz","10":"pa_sprache-de","12":"first","13":"instock","14":"taxable","15":"shipping-taxable","16":"purchasable","17":"product-type-simple"},"_links":{"self":[{"href":"https:\/\/pizbube.ch\/en\/wp-json\/wp\/v2\/product\/148381","targetHints":{"allow":["GET"]}}],"collection":[{"href":"https:\/\/pizbube.ch\/en\/wp-json\/wp\/v2\/product"}],"about":[{"href":"https:\/\/pizbube.ch\/en\/wp-json\/wp\/v2\/types\/product"}],"wp:featuredmedia":[{"embeddable":true,"href":"https:\/\/pizbube.ch\/en\/wp-json\/wp\/v2\/media\/156397"}],"wp:attachment":[{"href":"https:\/\/pizbube.ch\/en\/wp-json\/wp\/v2\/media?parent=148381"}],"wp:term":[{"taxonomy":"product_brand","embeddable":true,"href":"https:\/\/pizbube.ch\/en\/wp-json\/wp\/v2\/product_brand?post=148381"},{"taxonomy":"product_cat","embeddable":true,"href":"https:\/\/pizbube.ch\/en\/wp-json\/wp\/v2\/product_cat?post=148381"},{"taxonomy":"product_tag","embeddable":true,"href":"https:\/\/pizbube.ch\/en\/wp-json\/wp\/v2\/product_tag?post=148381"}],"curies":[{"name":"wp","href":"https:\/\/api.w.org\/{rel}","templated":true}]}}