{"id":148382,"date":"2021-01-15T10:57:17","date_gmt":"2021-01-15T10:57:17","guid":{"rendered":"https:\/\/codengine3.ch\/?product=import-placeholder-for-205538"},"modified":"2026-01-14T16:25:35","modified_gmt":"2026-01-14T15:25:35","slug":"zentralschweiz-53-skitouren-zwischen-rigi-und-gotthard","status":"publish","type":"product","link":"https:\/\/pizbube.ch\/en\/shop\/zentralschweiz-53-skitouren-zwischen-rigi-und-gotthard\/","title":{"rendered":"Zentralschweiz &#8211; 54 Skitouren zwischen Rigi und Gotthard"},"content":{"rendered":"<p><span class=\"value\">Die Berge der Zentralschweiz geh\u00f6ren zu den vom Winter verw\u00f6hnten Gebieten. Die schneereiche Region ist wie gemacht f\u00fcr Skitouren \u2013 nicht nur f\u00fcr die im nahen Luzern und Z\u00fcrich beheimateten Skitourengeher, sondern f\u00fcr Skitouren-Fans weit \u00fcber die Schweiz hinaus. 54 abwechslungsreiche Skitouren zwischen Rigi und Gotthard stellt der Rother Skitourenf\u00fchrer \u00bbZentralschweiz\u00ab vor. Von gem\u00fctlichen Skiwanderungen bis zu Ski-Hochtouren ist f\u00fcr jeden Geschmack und jedes K\u00f6nnen etwas dabei.<\/span><\/p>\n<p>Rund um Andermatt werden zahlreiche schneesichere Skitourenziele vorgestellt. Abenteuerliche Abfahrten finden sich hoch \u00fcber dem Vierwaldst\u00e4ttersee. Maderanertal und Meiental locken mit steilen Pulverschneeabfahrten. Hochalpine Kulissen haben Galenstock, Sustenhorn und Titlis zu bieten. Gem\u00fctlicher l\u00e4sst es sich in Obwalden und in den weitl\u00e4ufigen Landschaften der Schwyzer Voralpen auf Skitour gehen. Und an Gotthardpass, Furkapass und Sustenpass l\u00e4sst sich das Saisonende mit herrlichen Fr\u00fchjahrsabfahrten ausklingen. F\u00fcr Skitouren-Aficionados h\u00e4lt der Skitourenf\u00fchrer die f\u00fcnft\u00e4gige Haute Route von Andermatt nach Engelberg bereit, auf der insgesamt 7.510 H\u00f6henmeter bew\u00e4ltigt werden. Eine Skitourenkombination, die sich \u00fcbrigens nur in dem Rother Skitourenf\u00fchrer Zentralschweiz findet!<\/p>\n<p><span class=\"value\">Jede Skitour im Skitourenf\u00fchrer Zentralschweiz wird mit einer zuverl\u00e4ssigen Routenbeschreibung und einem Skitourenk\u00e4rtchen mit eingetragenem Routenverlauf vorgestellt. \u00dcbersichtlich dargestellt sind alle wichtigen Informationen, wie Hangrichtung, Lawinengef\u00e4hrdung, g\u00fcnstigste Jahreszeit, Anforderungen und vielem mehr. Die farbige Schwierigkeitseinteilung und die Auswahl an Top-Touren erleichtern die Wahl der passenden Skitour. Fast alle Touren sind au\u00dferdem mit Bus und Bahn erreichbar \u2013 das ist nicht nur bequem, sondern auch umweltbewusst.<\/span><\/p>\n<p>Der Rother Skitourenf\u00fchrer Zentralschweiz bietet f\u00fcr die Region im Herzen der Schweiz eine riesige Auswahl an Skitouren \u2013 f\u00fcr jeden Geschmack, jede Konditionsst\u00e4rke, jedes Fahrk\u00f6nnen und jede Lawinengefahrenstufe. Da steht dem Wintervergn\u00fcgen nichts mehr im Wege!<\/p>\n<p>54 Tourenk\u00e4rtchen im Ma\u00dfstab 1:50.000, drei \u00dcbersichtskarten;<br \/>\n168 Seiten<\/p>\n<p>4. aktual. Auflage 2024<\/p>","protected":false},"excerpt":{"rendered":"<p>Die Berge der Zentralschweiz geh\u00f6ren zu den vom Winter verw\u00f6hnten Gebieten. Die schneereiche Region ist wie gemacht f\u00fcr Skitouren \u2013 nicht nur f\u00fcr die im nahen Luzern und Z\u00fcrich beheimateten Skitourengeher, sondern f\u00fcr Skitouren-Fans weit \u00fcber die Schweiz hinaus. 54 abwechslungsreiche Skitouren zwischen Rigi und Gotthard stellt der Rother Skitourenf\u00fchrer \u00bbZentralschweiz\u00ab vor. Von gem\u00fctlichen Skiwanderungen [&#8230;]\n","protected":false},"featured_media":171094,"template":"","meta":[],"product_brand":[],"product_cat":[21540],"product_tag":[],"class_list":{"0":"post-148382","1":"product","2":"type-product","3":"status-publish","4":"has-post-thumbnail","6":"product_cat-fuehrerliteratur-alpin-winter","7":"pa_autor-volken","8":"pa_erscheinungsjahr-27339","9":"pa_region-schweiz","10":"pa_sprache-de","12":"first","13":"instock","14":"taxable","15":"shipping-taxable","16":"purchasable","17":"product-type-simple"},"_links":{"self":[{"href":"https:\/\/pizbube.ch\/en\/wp-json\/wp\/v2\/product\/148382","targetHints":{"allow":["GET"]}}],"collection":[{"href":"https:\/\/pizbube.ch\/en\/wp-json\/wp\/v2\/product"}],"about":[{"href":"https:\/\/pizbube.ch\/en\/wp-json\/wp\/v2\/types\/product"}],"wp:featuredmedia":[{"embeddable":true,"href":"https:\/\/pizbube.ch\/en\/wp-json\/wp\/v2\/media\/171094"}],"wp:attachment":[{"href":"https:\/\/pizbube.ch\/en\/wp-json\/wp\/v2\/media?parent=148382"}],"wp:term":[{"taxonomy":"product_brand","embeddable":true,"href":"https:\/\/pizbube.ch\/en\/wp-json\/wp\/v2\/product_brand?post=148382"},{"taxonomy":"product_cat","embeddable":true,"href":"https:\/\/pizbube.ch\/en\/wp-json\/wp\/v2\/product_cat?post=148382"},{"taxonomy":"product_tag","embeddable":true,"href":"https:\/\/pizbube.ch\/en\/wp-json\/wp\/v2\/product_tag?post=148382"}],"curies":[{"name":"wp","href":"https:\/\/api.w.org\/{rel}","templated":true}]}}