{"id":148385,"date":"2021-01-15T10:57:17","date_gmt":"2021-01-15T10:57:17","guid":{"rendered":"https:\/\/codengine3.ch\/?product=import-placeholder-for-200412"},"modified":"2021-08-28T12:58:52","modified_gmt":"2021-08-28T10:58:52","slug":"berggoettinnen-der-alpen","status":"publish","type":"product","link":"https:\/\/pizbube.ch\/en\/shop\/berggoettinnen-der-alpen\/","title":{"rendered":"Bergg\u00f6ttinnen der Alpen"},"content":{"rendered":"<p>Matriarchale Landschaftsmythologie in vier Alpenl\u00e4ndern<\/p>\n<p>Europas bekannteste Matriarchatsforscherin Heide G\u00f6ttner-Abendroth zeigt eine<br \/>\nunbekannte Seite der Alpen und fasst in diesem Buch ihre<br \/>\nlandschaftsmythologischen Forschungen in der Schweiz, in Deutschland, S\u00fcdtirol<br \/>\nund \u00d6sterreich zusammen.<\/p>\n<p>Dabei betreibt sie Feldforschung und verkn\u00fcpft das Wissen von Mythologie,<br \/>\nVolkskunde, Sprachforschung und Geografie mit den arch\u00e4ologischen Funden aus<br \/>\nden fr\u00fchen Alpenkulturen. Mit ihrem geschulten Blick gelingt es ihr, die alten<br \/>\nGeschichten und Sagen zu erkennen, die in die Landschaft eingeschrieben sind.<br \/>\nGrundlage daf\u00fcr ist die genaue Betrachtung verschiedener Bergformen und ihrer<br \/>\nUmgebung, die sie der Symbolik und der Sichtweise fr\u00fcherer matriarchaler<br \/>\nKulturen zuordnet.<\/p>\n<p>Das ergibt v\u00f6llig neue Einsichten in bekannte und weniger bekannte Alpen-<br \/>\nGegenden, die wegen ihrer Sch\u00f6nheit auch heute noch die Menschen anziehen. Das<br \/>\nBuch macht es uns m\u00f6glich, diese Gegenden mit einem neuen Blick zu erwandern.<br \/>\nEs gibt uns einen versch\u00fctteten Teil unseres kulturellen Erbes zur\u00fcck.<br \/>\nBroschur, 16,5 x 23,5 cm; 416 Seiten; Mit vielen Farbbildern!<\/p>","protected":false},"excerpt":{"rendered":"<p>Matriarchale Landschaftsmythologie in vier Alpenl\u00e4ndern Europas bekannteste Matriarchatsforscherin Heide G\u00f6ttner-Abendroth zeigt eine unbekannte Seite der Alpen und fasst in diesem Buch ihre landschaftsmythologischen Forschungen in der Schweiz, in Deutschland, S\u00fcdtirol und \u00d6sterreich zusammen. Dabei betreibt sie Feldforschung und verkn\u00fcpft das Wissen von Mythologie, Volkskunde, Sprachforschung und Geografie mit den arch\u00e4ologischen Funden aus den fr\u00fchen Alpenkulturen. [&#8230;]\n","protected":false},"featured_media":26826,"template":"","meta":[],"product_brand":[],"product_cat":[21542],"product_tag":[],"class_list":{"0":"post-148385","1":"product","2":"type-product","3":"status-publish","4":"has-post-thumbnail","6":"product_cat-sachbuecher-dokumentationen","7":"pa_autor-goettner-abendroth","8":"pa_erscheinungsjahr-21571","9":"pa_region-italien","10":"pa_sprache-de","12":"first","13":"instock","14":"taxable","15":"shipping-taxable","16":"purchasable","17":"product-type-simple"},"_links":{"self":[{"href":"https:\/\/pizbube.ch\/en\/wp-json\/wp\/v2\/product\/148385","targetHints":{"allow":["GET"]}}],"collection":[{"href":"https:\/\/pizbube.ch\/en\/wp-json\/wp\/v2\/product"}],"about":[{"href":"https:\/\/pizbube.ch\/en\/wp-json\/wp\/v2\/types\/product"}],"wp:featuredmedia":[{"embeddable":true,"href":"https:\/\/pizbube.ch\/en\/wp-json\/wp\/v2\/media\/26826"}],"wp:attachment":[{"href":"https:\/\/pizbube.ch\/en\/wp-json\/wp\/v2\/media?parent=148385"}],"wp:term":[{"taxonomy":"product_brand","embeddable":true,"href":"https:\/\/pizbube.ch\/en\/wp-json\/wp\/v2\/product_brand?post=148385"},{"taxonomy":"product_cat","embeddable":true,"href":"https:\/\/pizbube.ch\/en\/wp-json\/wp\/v2\/product_cat?post=148385"},{"taxonomy":"product_tag","embeddable":true,"href":"https:\/\/pizbube.ch\/en\/wp-json\/wp\/v2\/product_tag?post=148385"}],"curies":[{"name":"wp","href":"https:\/\/api.w.org\/{rel}","templated":true}]}}