{"id":148387,"date":"2021-01-15T10:57:17","date_gmt":"2021-01-15T10:57:17","guid":{"rendered":"https:\/\/codengine3.ch\/?product=import-placeholder-for-201436"},"modified":"2021-01-15T12:01:35","modified_gmt":"2021-01-15T12:01:35","slug":"mythologische-landschaft-schweiz","status":"publish","type":"product","link":"https:\/\/pizbube.ch\/en\/shop\/mythologische-landschaft-schweiz\/","title":{"rendered":"Mythologische Landschaft Schweiz"},"content":{"rendered":"<p>Mythos und Kult im Alpenland  <\/p>\n<p>M\u00e4chtige Berge, zauberhafte Seen und wunderbare Flusst\u00e4ler pr\u00e4gen die<br \/>\nnat\u00fcrliche Landschaft der Schweiz. Ebenso besitzt dieses Land eine sprachliche<br \/>\nund kulturelle Vielfalt, die in jeder Region zu erleben ist. Doch die<br \/>\nLandschaft Schweiz hat auch eine mystische Dimension mit alten Kultpl\u00e4tzen,<br \/>\nmythischen Orten und traditionellen Ritualen im Jahresbrauchtum. Diese reiche<br \/>\nKulturgeschichte der Schweizer Mythologie wird nun in diesem Buch in einem<br \/>\nausf\u00fchrlichen \u00dcberblick dargestellt. Fast in jeder Gegend beschreiben die hier<br \/>\nversammelten Autoren eine besondere Naturst\u00e4tte, sei dies ein mythischer Berg,<br \/>\neine Schlucht, ein H\u00fcgel, eine Quelle, ein Baum oder ein sagenhafter<br \/>\nKultstein.<br \/>\nF\u00fcr Reisende, die eine gehaltvolle Information \u00fcber ein Landschaftsthema der<br \/>\nSchweiz suchen, ist dieses Buch ein wertvoller Reisebegleiter. Den Gemeinden<br \/>\nm\u00f6chte &#8218;Mythologische Landschaft Schweiz&#8216; ein Handbuch sein, um ihre<br \/>\nKultpl\u00e4tze zu pflegen. Und den Einheimischen erm\u00f6glicht der Band, ihre<br \/>\nvertraute Region, die geheimnisvollen Orte und die n\u00e4here Landschaft<br \/>\nmythologisch neu zu entdecken.<br \/>\n3., erweiterte Neuauflage  <\/p>","protected":false},"excerpt":{"rendered":"<p>Mythos und Kult im Alpenland M\u00e4chtige Berge, zauberhafte Seen und wunderbare Flusst\u00e4ler pr\u00e4gen die nat\u00fcrliche Landschaft der Schweiz. Ebenso besitzt dieses Land eine sprachliche und kulturelle Vielfalt, die in jeder Region zu erleben ist. Doch die Landschaft Schweiz hat auch eine mystische Dimension mit alten Kultpl\u00e4tzen, mythischen Orten und traditionellen Ritualen im Jahresbrauchtum. Diese reiche [&#8230;]\n","protected":false},"featured_media":28780,"template":"","meta":[],"product_brand":[],"product_cat":[21542],"product_tag":[],"class_list":{"0":"post-148387","1":"product","2":"type-product","3":"status-publish","4":"has-post-thumbnail","6":"product_cat-sachbuecher-dokumentationen","7":"pa_autor-derungs","8":"pa_erscheinungsjahr-21830","9":"pa_region-schweiz","10":"pa_sprache-de","12":"first","13":"instock","14":"taxable","15":"shipping-taxable","16":"purchasable","17":"product-type-simple"},"_links":{"self":[{"href":"https:\/\/pizbube.ch\/en\/wp-json\/wp\/v2\/product\/148387","targetHints":{"allow":["GET"]}}],"collection":[{"href":"https:\/\/pizbube.ch\/en\/wp-json\/wp\/v2\/product"}],"about":[{"href":"https:\/\/pizbube.ch\/en\/wp-json\/wp\/v2\/types\/product"}],"wp:featuredmedia":[{"embeddable":true,"href":"https:\/\/pizbube.ch\/en\/wp-json\/wp\/v2\/media\/28780"}],"wp:attachment":[{"href":"https:\/\/pizbube.ch\/en\/wp-json\/wp\/v2\/media?parent=148387"}],"wp:term":[{"taxonomy":"product_brand","embeddable":true,"href":"https:\/\/pizbube.ch\/en\/wp-json\/wp\/v2\/product_brand?post=148387"},{"taxonomy":"product_cat","embeddable":true,"href":"https:\/\/pizbube.ch\/en\/wp-json\/wp\/v2\/product_cat?post=148387"},{"taxonomy":"product_tag","embeddable":true,"href":"https:\/\/pizbube.ch\/en\/wp-json\/wp\/v2\/product_tag?post=148387"}],"curies":[{"name":"wp","href":"https:\/\/api.w.org\/{rel}","templated":true}]}}