{"id":148388,"date":"2021-01-15T10:57:17","date_gmt":"2021-01-15T10:57:17","guid":{"rendered":"https:\/\/codengine3.ch\/?product=import-placeholder-for-203276"},"modified":"2021-01-15T14:21:43","modified_gmt":"2021-01-15T14:21:43","slug":"quellen-der-kraft","status":"publish","type":"product","link":"https:\/\/pizbube.ch\/en\/shop\/quellen-der-kraft\/","title":{"rendered":"Quellen der Kraft"},"content":{"rendered":"<p>Beispielhaft werden \u00fcber zwei Dutzend Quellen vorgestellt. Die 22 Wanderungen<br \/>\nund Spazierg\u00e4nge f\u00fchren mit allen praktischen Angaben, Wegbeschreibung und<br \/>\nKartenskizze zu einigen der sch\u00f6nsten und bedeutendsten Quellen der Schweiz<br \/>\ninmitten faszinierender Landschaften. Ihre mythologischen Hintergr\u00fcnde werden<br \/>\nebenso beschrieben wie ihre besonderen Eigenschaften. In einem Verzeichnis<br \/>\nsind au\u00dferdem neben anderen frei flie\u00dfenden Quellen etwa 450 Quellen und<br \/>\nQuellbrunnen mit leicht mineralhaltigem Wasser und etwa 50 Mineralquellen mit<br \/>\nOrtsangabe aufgef\u00fchrt.<br \/>\nFarbfotos, s\/w. Abb. 319 S.<\/p>","protected":false},"excerpt":{"rendered":"<p>Beispielhaft werden \u00fcber zwei Dutzend Quellen vorgestellt. Die 22 Wanderungen und Spazierg\u00e4nge f\u00fchren mit allen praktischen Angaben, Wegbeschreibung und Kartenskizze zu einigen der sch\u00f6nsten und bedeutendsten Quellen der Schweiz inmitten faszinierender Landschaften. Ihre mythologischen Hintergr\u00fcnde werden ebenso beschrieben wie ihre besonderen Eigenschaften. In einem Verzeichnis sind au\u00dferdem neben anderen frei flie\u00dfenden Quellen etwa 450 Quellen [&#8230;]\n","protected":false},"featured_media":30852,"template":"","meta":[],"product_brand":[],"product_cat":[21605],"product_tag":[],"class_list":{"0":"post-148388","1":"product","2":"type-product","3":"status-publish","4":"has-post-thumbnail","6":"product_cat-wanderfuehrer-trekking","7":"pa_autor-haenni","8":"pa_erscheinungsjahr-21920","9":"pa_region-schweiz","10":"pa_sprache-de","12":"first","13":"instock","14":"taxable","15":"shipping-taxable","16":"purchasable","17":"product-type-simple"},"_links":{"self":[{"href":"https:\/\/pizbube.ch\/en\/wp-json\/wp\/v2\/product\/148388","targetHints":{"allow":["GET"]}}],"collection":[{"href":"https:\/\/pizbube.ch\/en\/wp-json\/wp\/v2\/product"}],"about":[{"href":"https:\/\/pizbube.ch\/en\/wp-json\/wp\/v2\/types\/product"}],"wp:featuredmedia":[{"embeddable":true,"href":"https:\/\/pizbube.ch\/en\/wp-json\/wp\/v2\/media\/30852"}],"wp:attachment":[{"href":"https:\/\/pizbube.ch\/en\/wp-json\/wp\/v2\/media?parent=148388"}],"wp:term":[{"taxonomy":"product_brand","embeddable":true,"href":"https:\/\/pizbube.ch\/en\/wp-json\/wp\/v2\/product_brand?post=148388"},{"taxonomy":"product_cat","embeddable":true,"href":"https:\/\/pizbube.ch\/en\/wp-json\/wp\/v2\/product_cat?post=148388"},{"taxonomy":"product_tag","embeddable":true,"href":"https:\/\/pizbube.ch\/en\/wp-json\/wp\/v2\/product_tag?post=148388"}],"curies":[{"name":"wp","href":"https:\/\/api.w.org\/{rel}","templated":true}]}}