{"id":148389,"date":"2021-01-15T10:57:17","date_gmt":"2021-01-15T10:57:17","guid":{"rendered":"https:\/\/codengine3.ch\/?product=import-placeholder-for-203052"},"modified":"2022-08-25T17:01:46","modified_gmt":"2022-08-25T15:01:46","slug":"mythen-der-alpen","status":"publish","type":"product","link":"https:\/\/pizbube.ch\/en\/shop\/mythen-der-alpen\/","title":{"rendered":"Mythen der  Alpen"},"content":{"rendered":"<p>Von Saligen, Wei\u00dfen Frauen und Heiligen Bergen.<\/p>\n<p>Von Frankreich bis Slowenien, \u00fcber die Schweiz nach Italien, Deutschland und<br \/>\n\u00d6sterreich zieht sich eine Welt der bisher kaum bekannten Kultst\u00e4tten und<br \/>\nSagen &#8211; die Alpen. Hans Haid erwandert und erkundet geheimnisvolle<br \/>\nWallfahrtsorte, hoch hinauf zum Rocciamelone auf \u00fcber 3500 m, von Maria Alm<br \/>\n\u00fcber das Steinerne Meer zum K\u00f6nigssee, von Fusch \u00fcber die Hohen Tauern nach<br \/>\nHeiligenblut. Auf seinen Wegen rund um Gro\u00dfglockner, Montblanc, Dachstein,<br \/>\nTriglav oder Similaun trifft er auf die alte `religio`, Kulte, heilsame<br \/>\nQuellen und St\u00e4tten, an denen totgeborene Kinder notgetauft wurden und sich<br \/>\njahrtausendealte Orte der Mutterkulte befanden. Der Alpenmythos begleitet die<br \/>\nl\u00e4ngst vergessenen Totenz\u00fcge, erinnert an die alten Betkugeln und erh\u00e4lt<br \/>\nRituale wie Kreisziehen und Bann am Leben. Die Saligen und Aldeunen, das<br \/>\nVreneli, die Wei\u00dfe Frau am Gletscher und das `rotzige Weibl` (`mumma veglia`)<br \/>\n&#8211; sie alle zeugen von der Vielfalt der alpinen Kultur.<\/p>","protected":false},"excerpt":{"rendered":"<p>Von Saligen, Wei\u00dfen Frauen und Heiligen Bergen. Von Frankreich bis Slowenien, \u00fcber die Schweiz nach Italien, Deutschland und \u00d6sterreich zieht sich eine Welt der bisher kaum bekannten Kultst\u00e4tten und Sagen &#8211; die Alpen. Hans Haid erwandert und erkundet geheimnisvolle Wallfahrtsorte, hoch hinauf zum Rocciamelone auf \u00fcber 3500 m, von Maria Alm \u00fcber das Steinerne Meer [&#8230;]\n","protected":false},"featured_media":30565,"template":"","meta":[],"product_brand":[],"product_cat":[21580],"product_tag":[],"class_list":{"0":"post-148389","1":"product","2":"type-product","3":"status-publish","4":"has-post-thumbnail","6":"product_cat-kunst-kultur","7":"pa_autor-haid","8":"pa_erscheinungsjahr-21842","9":"pa_region-schweiz","10":"pa_sprache-de","12":"first","13":"outofstock","14":"taxable","15":"shipping-taxable","16":"purchasable","17":"product-type-simple"},"_links":{"self":[{"href":"https:\/\/pizbube.ch\/en\/wp-json\/wp\/v2\/product\/148389","targetHints":{"allow":["GET"]}}],"collection":[{"href":"https:\/\/pizbube.ch\/en\/wp-json\/wp\/v2\/product"}],"about":[{"href":"https:\/\/pizbube.ch\/en\/wp-json\/wp\/v2\/types\/product"}],"wp:featuredmedia":[{"embeddable":true,"href":"https:\/\/pizbube.ch\/en\/wp-json\/wp\/v2\/media\/30565"}],"wp:attachment":[{"href":"https:\/\/pizbube.ch\/en\/wp-json\/wp\/v2\/media?parent=148389"}],"wp:term":[{"taxonomy":"product_brand","embeddable":true,"href":"https:\/\/pizbube.ch\/en\/wp-json\/wp\/v2\/product_brand?post=148389"},{"taxonomy":"product_cat","embeddable":true,"href":"https:\/\/pizbube.ch\/en\/wp-json\/wp\/v2\/product_cat?post=148389"},{"taxonomy":"product_tag","embeddable":true,"href":"https:\/\/pizbube.ch\/en\/wp-json\/wp\/v2\/product_tag?post=148389"}],"curies":[{"name":"wp","href":"https:\/\/api.w.org\/{rel}","templated":true}]}}