{"id":148392,"date":"2021-01-15T10:57:17","date_gmt":"2021-01-15T10:57:17","guid":{"rendered":"https:\/\/codengine3.ch\/?product=import-placeholder-for-200414"},"modified":"2022-09-04T14:03:48","modified_gmt":"2022-09-04T12:03:48","slug":"huettenrezepte-zum-nachkochen","status":"publish","type":"product","link":"https:\/\/pizbube.ch\/en\/shop\/huettenrezepte-zum-nachkochen\/","title":{"rendered":"H\u00fcttenrezepte zum Nachkochen"},"content":{"rendered":"<p>Wandern und Geniessen: H\u00fcttenrezepte zum Nachkochen \u2013 Zentralschweiz<\/p>\n<p>In diesem einzigartigen H\u00fcttenkochbuch werden 24 SAC-H\u00fctten aus der<br \/>\nZentralschweiz vorgestellt (Glarus, Obwalden, Schwyz und Uri). Im Mittelpunkt<br \/>\nstehen dabei die engagierten H\u00fcttenwartinnen und H\u00fcttenwarte, welche<br \/>\ntagt\u00e4glich unter nicht immer einfachen Bedingungen feinste Gerichte<br \/>\nzubereiten. Sie alle zeigen ihre pers\u00f6nlichen Rezepte, wie zum Beispiel eine<br \/>\ns\u00fcsse Urner Pastete, eine w\u00e4hrschafte K\u00e4sesuppe nach altem Rezept oder<br \/>\nBrennnesselsp\u00e4tzli. Ein Besuch der H\u00fctten eignet sich auch f\u00fcr Familien mit<br \/>\nKindern, da die beschriebenen H\u00fcttenwege nicht schwerer als T3 sind, was auf<br \/>\nder Berg- und Alpinwanderskala einer anspruchsvollen Bergwanderung entspricht.<br \/>\nNebst dem Beschrieb der H\u00fcttenwege enth\u00e4lt das Buch Informationen zur Anreise<br \/>\nsowie zu den \u00dcbernachtungs- und Bewartungszeiten im Sommer.<\/p>\n<p>Aus dem Inhalt:<br \/>\nAlbert-Heim-H\u00fctte \u2022 Bergseeh\u00fctte \u2022 Brunnih\u00fctte \u2022 Chelenalph\u00fctte \u2022<br \/>\nClaridenh\u00fctte \u2022 Dammah\u00fctte \u2022 Etzlih\u00fctte \u2022 Fridolinsh\u00fctte \u2022 Glattalph\u00fctte \u2022<br \/>\nGl\u00e4rnischh\u00fctte \u2022 H\u00fcfih\u00fctte \u2022 Kr\u00f6ntenh\u00fctte \u2022 Leglerh\u00fctte \u2022 Leutschachh\u00fctte \u2022<br \/>\nLidernenh\u00fctte \u2022 Martinsmadh\u00fctte \u2022 Rotondoh\u00fctte \u2022 Rugghubelh\u00fctte \u2022 Salbith\u00fctte<br \/>\n\u2022 Sewenh\u00fctte \u2022 Spannorth\u00fctte \u2022 Sustlih\u00fctte \u2022 Treschh\u00fctte \u2022 Voralph\u00fctte<\/p>","protected":false},"excerpt":{"rendered":"<p>Wandern und Geniessen: H\u00fcttenrezepte zum Nachkochen \u2013 Zentralschweiz In diesem einzigartigen H\u00fcttenkochbuch werden 24 SAC-H\u00fctten aus der Zentralschweiz vorgestellt (Glarus, Obwalden, Schwyz und Uri). Im Mittelpunkt stehen dabei die engagierten H\u00fcttenwartinnen und H\u00fcttenwarte, welche tagt\u00e4glich unter nicht immer einfachen Bedingungen feinste Gerichte zubereiten. Sie alle zeigen ihre pers\u00f6nlichen Rezepte, wie zum Beispiel eine s\u00fcsse Urner [&#8230;]\n","protected":false},"featured_media":26833,"template":"","meta":[],"product_brand":[],"product_cat":[21542],"product_tag":[],"class_list":{"0":"post-148392","1":"product","2":"type-product","3":"status-publish","4":"has-post-thumbnail","6":"product_cat-sachbuecher-dokumentationen","7":"pa_autor-schulthess-zettel","8":"pa_erscheinungsjahr-21550","9":"pa_region-schweiz","10":"pa_sprache-de","12":"first","13":"outofstock","14":"taxable","15":"shipping-taxable","16":"purchasable","17":"product-type-simple"},"_links":{"self":[{"href":"https:\/\/pizbube.ch\/en\/wp-json\/wp\/v2\/product\/148392","targetHints":{"allow":["GET"]}}],"collection":[{"href":"https:\/\/pizbube.ch\/en\/wp-json\/wp\/v2\/product"}],"about":[{"href":"https:\/\/pizbube.ch\/en\/wp-json\/wp\/v2\/types\/product"}],"wp:featuredmedia":[{"embeddable":true,"href":"https:\/\/pizbube.ch\/en\/wp-json\/wp\/v2\/media\/26833"}],"wp:attachment":[{"href":"https:\/\/pizbube.ch\/en\/wp-json\/wp\/v2\/media?parent=148392"}],"wp:term":[{"taxonomy":"product_brand","embeddable":true,"href":"https:\/\/pizbube.ch\/en\/wp-json\/wp\/v2\/product_brand?post=148392"},{"taxonomy":"product_cat","embeddable":true,"href":"https:\/\/pizbube.ch\/en\/wp-json\/wp\/v2\/product_cat?post=148392"},{"taxonomy":"product_tag","embeddable":true,"href":"https:\/\/pizbube.ch\/en\/wp-json\/wp\/v2\/product_tag?post=148392"}],"curies":[{"name":"wp","href":"https:\/\/api.w.org\/{rel}","templated":true}]}}