{"id":148393,"date":"2021-01-15T10:57:17","date_gmt":"2021-01-15T10:57:17","guid":{"rendered":"https:\/\/codengine3.ch\/?product=import-placeholder-for-203947"},"modified":"2025-03-11T11:17:02","modified_gmt":"2025-03-11T10:17:02","slug":"namaste","status":"publish","type":"product","link":"https:\/\/pizbube.ch\/en\/shop\/namaste\/","title":{"rendered":"Namast\u00e9"},"content":{"rendered":"<p>69 Kochrezepte aus Nepal und Tibet.<\/p>\n<p>Auf einer kulinarischen Reise erhalten Leserinnen und Leser einen Einblick in<br \/>\ndie reichhaltige, gesunde und vielf\u00e4ltige K\u00fcche Nepals. Kurze Erkl\u00e4rungen zu<br \/>\nLand und Leuten, Kultur und Landwirtschaft vermitteln zudem wie die Menschen<br \/>\nleben, arbeiten und kochen.<\/p>\n<p>Die nepalesische K\u00fcche zeichnet sich dadurch aus, dass sie einfach und leicht<br \/>\nzuzubereiten ist und ohne spezielle Ger\u00e4tschaften auskommt. Die urspr\u00fcnglichen<br \/>\nZutaten &#8211; meist Gew\u00fcrze aus der jeweiligen Region &#8211; wurden so<br \/>\nzusammengestellt, dass diese in der Schweiz \u00fcberall erh\u00e4ltlich sind.<\/p>\n<p>4. Auflg. Farb. Fotos. 142 S.<\/p>","protected":false},"excerpt":{"rendered":"<p>69 Kochrezepte aus Nepal und Tibet. Auf einer kulinarischen Reise erhalten Leserinnen und Leser einen Einblick in die reichhaltige, gesunde und vielf\u00e4ltige K\u00fcche Nepals. Kurze Erkl\u00e4rungen zu Land und Leuten, Kultur und Landwirtschaft vermitteln zudem wie die Menschen leben, arbeiten und kochen. Die nepalesische K\u00fcche zeichnet sich dadurch aus, dass sie einfach und leicht zuzubereiten [&#8230;]\n","protected":false},"featured_media":31661,"template":"","meta":[],"product_brand":[],"product_cat":[21542],"product_tag":[],"class_list":{"0":"post-148393","1":"product","2":"type-product","3":"status-publish","4":"has-post-thumbnail","6":"product_cat-sachbuecher-dokumentationen","7":"pa_autor-mueller-steffen","8":"pa_erscheinungsjahr-21693","9":"pa_region-asien","10":"pa_sprache-de","12":"first","13":"outofstock","14":"taxable","15":"shipping-taxable","16":"purchasable","17":"product-type-simple"},"_links":{"self":[{"href":"https:\/\/pizbube.ch\/en\/wp-json\/wp\/v2\/product\/148393","targetHints":{"allow":["GET"]}}],"collection":[{"href":"https:\/\/pizbube.ch\/en\/wp-json\/wp\/v2\/product"}],"about":[{"href":"https:\/\/pizbube.ch\/en\/wp-json\/wp\/v2\/types\/product"}],"wp:featuredmedia":[{"embeddable":true,"href":"https:\/\/pizbube.ch\/en\/wp-json\/wp\/v2\/media\/31661"}],"wp:attachment":[{"href":"https:\/\/pizbube.ch\/en\/wp-json\/wp\/v2\/media?parent=148393"}],"wp:term":[{"taxonomy":"product_brand","embeddable":true,"href":"https:\/\/pizbube.ch\/en\/wp-json\/wp\/v2\/product_brand?post=148393"},{"taxonomy":"product_cat","embeddable":true,"href":"https:\/\/pizbube.ch\/en\/wp-json\/wp\/v2\/product_cat?post=148393"},{"taxonomy":"product_tag","embeddable":true,"href":"https:\/\/pizbube.ch\/en\/wp-json\/wp\/v2\/product_tag?post=148393"}],"curies":[{"name":"wp","href":"https:\/\/api.w.org\/{rel}","templated":true}]}}