{"id":148395,"date":"2021-01-15T10:57:17","date_gmt":"2021-01-15T10:57:17","guid":{"rendered":"https:\/\/codengine3.ch\/?product=import-placeholder-for-204969"},"modified":"2022-08-04T08:38:24","modified_gmt":"2022-08-04T06:38:24","slug":"550-jahre-schabziger-geschichte-und-rezepte","status":"publish","type":"product","link":"https:\/\/pizbube.ch\/en\/shop\/550-jahre-schabziger-geschichte-und-rezepte\/","title":{"rendered":"550 Jahre Schabziger \u2013 Geschichte und Rezepte"},"content":{"rendered":"<p>Eines der \u00e4ltesten Markenprodukte der Welt kommt aus dem Glarnerland und<br \/>\nfeiert Geburtstag. Der w\u00fcrzige, fett- und laktosefreie Schabziger aus Rohmilch<br \/>\nwird seit Jahrhunderten nach demselben Rezept hergestellt. Aber mit 550 Jahren<br \/>\ngibt sich der Glarner innovativer denn je.<\/p>\n<p>Schabziger ist mehr als ein gutgereifter Ziger mit einzigartigem Aroma. Das<br \/>\neher unscheinbar aussehende, aber daf\u00fcr umso intensiver duftende gr\u00fcne St\u00f6ckli<br \/>\naus dem Glarnerland verk\u00f6rpert Schweizer Wirtschaftsgeschichte, und wer sich<br \/>\nin die Historie vertieft, entdeckt, dass unsere Vorfahren schon sehr wohl<br \/>\netwas von Marketing verstanden haben.<\/p>\n<p>Das erste Markenprodukt der Schweiz war einst schweizweit eines der<br \/>\nbegehrtesten Produkte; dies nicht zuletzt dank der Zigermandli, die in ihren<br \/>\nHutten nicht nur den Ziger in die Welt hinaustrugen, sondern auch tr\u00e4fe<br \/>\nSpr\u00fcche und witzige Anekdoten zum Besten gaben.<\/p>\n<p>550 Jahre und unerm\u00fcdlicher denn je: Das zeichnet den Glarner Schabziger heute<br \/>\naus. Nebst St\u00f6ckli und Zigerbutter ist er auch als Frischk\u00e4se aus Bergmilch<br \/>\nunter dem Namen \u00abGlarner Gr\u00fcessli\u00bb erh\u00e4ltlich. Die Fans des Schabzigers sind<br \/>\nzahlreich und \u00fcber den ganzen Erdball verstreut: Er wird nach S\u00fcdafrika, in<br \/>\ndie USA, nach Kanada und sogar nach Australien geliefert.<\/p>\n<p>Das reich bebilderte Buch feiert den Geburtstag des St\u00f6ckli aus dem<br \/>\nZigerschlitz mit der \u00e4usserst informativen Schabziger-Historie und<br \/>\nschauerlichen Sagen sowie einer stimmungsvollen Hommage an die Alpwirtschaft<br \/>\nund die Zigerherstellung \u2013 und nat\u00fcrlich mit einer ganzen Menge neuer Rezepte,<br \/>\nin denen der Schabziger f\u00fcr kulinarische \u00dcberraschungen sorgt.<\/p>","protected":false},"excerpt":{"rendered":"<ul>\n<li><a href=\"https:\/\/pizbube.ch\/wp-content\/uploads\/attachments\/a_014\/4F3C52F1CF8BC4A42CF91B47CFEE5C23.pdf\" target=\"_blank\" rel=\"noopener\">PDF: 550JahreSchabziger_Leseprobe.pdf<\/a><\/li>\n<\/ul>","protected":false},"featured_media":32545,"template":"","meta":[],"product_brand":[],"product_cat":[21580],"product_tag":[],"class_list":{"0":"post-148395","1":"product","2":"type-product","3":"status-publish","4":"has-post-thumbnail","6":"product_cat-kunst-kultur","7":"pa_autor-luescher-frei","8":"pa_erscheinungsjahr-21568","9":"pa_region-schweiz","10":"pa_sprache-de","12":"first","13":"outofstock","14":"taxable","15":"shipping-taxable","16":"purchasable","17":"product-type-simple"},"_links":{"self":[{"href":"https:\/\/pizbube.ch\/en\/wp-json\/wp\/v2\/product\/148395","targetHints":{"allow":["GET"]}}],"collection":[{"href":"https:\/\/pizbube.ch\/en\/wp-json\/wp\/v2\/product"}],"about":[{"href":"https:\/\/pizbube.ch\/en\/wp-json\/wp\/v2\/types\/product"}],"wp:featuredmedia":[{"embeddable":true,"href":"https:\/\/pizbube.ch\/en\/wp-json\/wp\/v2\/media\/32545"}],"wp:attachment":[{"href":"https:\/\/pizbube.ch\/en\/wp-json\/wp\/v2\/media?parent=148395"}],"wp:term":[{"taxonomy":"product_brand","embeddable":true,"href":"https:\/\/pizbube.ch\/en\/wp-json\/wp\/v2\/product_brand?post=148395"},{"taxonomy":"product_cat","embeddable":true,"href":"https:\/\/pizbube.ch\/en\/wp-json\/wp\/v2\/product_cat?post=148395"},{"taxonomy":"product_tag","embeddable":true,"href":"https:\/\/pizbube.ch\/en\/wp-json\/wp\/v2\/product_tag?post=148395"}],"curies":[{"name":"wp","href":"https:\/\/api.w.org\/{rel}","templated":true}]}}