{"id":148397,"date":"2021-01-15T10:57:17","date_gmt":"2021-01-15T10:57:17","guid":{"rendered":"https:\/\/codengine3.ch\/?product=import-placeholder-for-208535"},"modified":"2024-07-12T10:30:31","modified_gmt":"2024-07-12T08:30:31","slug":"die-huetten-des-schweizer-alpen-club-les-cabanes-du-club-alpin-suisse","status":"publish","type":"product","link":"https:\/\/pizbube.ch\/en\/shop\/die-huetten-des-schweizer-alpen-club-les-cabanes-du-club-alpin-suisse\/","title":{"rendered":"Die H\u00fctten des Schweizer Alpen-Club &#8211; Les cabanes du Club Alpin Suisse"},"content":{"rendered":"<p>1863 wurde der Schweizer Alpen-Club SAC in Olten gegr\u00fcndet \u2013 und baute bereits<br \/>\nin seinem ersten Jahr eine alpine Unterkunft, die Gr\u00fcnhornh\u00fctte am Glarner<br \/>\nT\u00f6di. Im Laufe der Zeit kamen zahlreiche weitere H\u00fctten hinzu. Sie dienten<br \/>\nanf\u00e4nglich der geografischen und naturkundlichen Erforschung des Gebirges<br \/>\nsowie dem Alpinismus, sp\u00e4ter auch dem aufkommenden Bergwandern und Skifahren.<br \/>\nL\u00e4ngst geh\u00f6ren sie zum kulturellen Erbe des Alpenraums: Ohne SAC-H\u00fctten w\u00e4ren<br \/>\ndie Schweizer Berge nicht mehr denkbar.<\/p>\n<p>Grund genug, im SAC-Jubil\u00e4umsjahr 2013 s\u00e4mtliche 152 H\u00fctten grossz\u00fcgig<br \/>\nvorzustellen. Dass jede H\u00fctte ihre eigene Geschichte aufweist, l\u00e4sst sich gut<br \/>\nan ihrer Erscheinung, Architektur und Einbettung in die Landschaft ablesen.<br \/>\nDas Spektrum reicht von der familienfreundlichen H\u00fctte in gr\u00fcner Umgebung bis<br \/>\nzum spartanisch eingerichteten Biwak am Felsgrat, vom verzierten,<br \/>\ntraditionellen Steinbau bis zum minimalistischen, metallverkleideten Holzbau,<br \/>\nvom unbewarteten Kab\u00e4uschen mit Plumpsklo bis zum High-Tech-Geb\u00e4ude mit<br \/>\nferngesteuerter Heiztechnik. Um diese H\u00fctten zu erreichen, ben\u00f6tigt man mal<br \/>\nzwei Minuten, mal zwei Stunden und mal zwei volle Tage. Und: Jede H\u00fctte steht<br \/>\nin einer einzigartigen Umgebung \u2013 ob weit oben am Matterhorn oder auf dem<br \/>\nPasso di Cristallina, im hintersten Val Roseg oder hoch \u00fcber dem Glacier<br \/>\nd\u2019Otemma.<\/p>\n<p>Das vorliegende Buch zeigt deshalb \u2013 erstmals in der Clubgeschichte \u2013 in<br \/>\ngrossformatigen Aufnahmen, wie sich die H\u00fctten in die Landschaft einpassen und<br \/>\nvon welchen Bergen sie umgeben sind. Im Anhang finden sich zudem zahlreiche<br \/>\ntechnische und betriebliche Details zu jeder H\u00fctte: Wie viele Personen kann<br \/>\nsie beherbergen, wie wird sie mit Energie versorgt, wann wurde sie gebaut oder<br \/>\nerneuert, wie viele \u00dcbernachtungen weist sie im Jahresdurchschnitt auf?<\/p>\n<p>4-Sprachig **(** deutsch, franz\u00f6sisch, italienisch, englisch)<\/p>\n<p>The history of the Swiss Alpine Club and the alpinists` first mountain huts go<br \/>\nhand in hand &#8211; both first appearing in 1863. In 2013, 150 years later `The<br \/>\nHuts of the Swiss Alpine Club` has been published as a celebration of these<br \/>\nicons of the Swiss mountain landscape.<\/p>\n<p>The huts now belong to the cultural heritage of the Swiss Alps and the<br \/>\nmountains would seem incomplete without them. Today there are 152 SAC huts and<br \/>\nthey can be found high up on the Matterhorn or above the Glacier d`Otemma<br \/>\nwhile others are lower down the mountains in green, grassy areas &#8211; each one<br \/>\nhas its own history. Nowadays they are used by alpinists, mountaineers, skiers<br \/>\nand families.<\/p>\n<p>`The Huts of the Swiss Alpine Club` celebrates the huts` diverse architecture<br \/>\nand jaw dropping locations. This lavish book is a glossy, photographic record<br \/>\nof these buildings. Background information is given for each and is<br \/>\naccompanied by inspiring mountain photography. In addition the authors have<br \/>\nprovided an overview map, a short history, and appendices giving operational<br \/>\ndetails of each hut and statistics and graphs. English, German, French and<br \/>\nItalian languages.<\/p>","protected":false},"excerpt":{"rendered":"<p>1863 wurde der Schweizer Alpen-Club SAC in Olten gegr\u00fcndet \u2013 und baute bereits in seinem ersten Jahr eine alpine Unterkunft, die Gr\u00fcnhornh\u00fctte am Glarner T\u00f6di. Im Laufe der Zeit kamen zahlreiche weitere H\u00fctten hinzu. Sie dienten anf\u00e4nglich der geografischen und naturkundlichen Erforschung des Gebirges sowie dem Alpinismus, sp\u00e4ter auch dem aufkommenden Bergwandern und Skifahren. L\u00e4ngst [&#8230;]\n","protected":false},"featured_media":173915,"template":"","meta":[],"product_brand":[],"product_cat":[21542],"product_tag":[],"class_list":{"0":"post-148397","1":"product","2":"type-product","3":"status-publish","4":"has-post-thumbnail","6":"product_cat-sachbuecher-dokumentationen","7":"pa_autor-volken-kundert","8":"pa_erscheinungsjahr-21568","9":"pa_region-schweiz","10":"pa_sprache-de-fr-it-en","12":"first","13":"onbackorder","14":"taxable","15":"shipping-taxable","16":"purchasable","17":"product-type-simple"},"_links":{"self":[{"href":"https:\/\/pizbube.ch\/en\/wp-json\/wp\/v2\/product\/148397","targetHints":{"allow":["GET"]}}],"collection":[{"href":"https:\/\/pizbube.ch\/en\/wp-json\/wp\/v2\/product"}],"about":[{"href":"https:\/\/pizbube.ch\/en\/wp-json\/wp\/v2\/types\/product"}],"wp:featuredmedia":[{"embeddable":true,"href":"https:\/\/pizbube.ch\/en\/wp-json\/wp\/v2\/media\/173915"}],"wp:attachment":[{"href":"https:\/\/pizbube.ch\/en\/wp-json\/wp\/v2\/media?parent=148397"}],"wp:term":[{"taxonomy":"product_brand","embeddable":true,"href":"https:\/\/pizbube.ch\/en\/wp-json\/wp\/v2\/product_brand?post=148397"},{"taxonomy":"product_cat","embeddable":true,"href":"https:\/\/pizbube.ch\/en\/wp-json\/wp\/v2\/product_cat?post=148397"},{"taxonomy":"product_tag","embeddable":true,"href":"https:\/\/pizbube.ch\/en\/wp-json\/wp\/v2\/product_tag?post=148397"}],"curies":[{"name":"wp","href":"https:\/\/api.w.org\/{rel}","templated":true}]}}