{"id":148398,"date":"2021-01-15T10:57:17","date_gmt":"2021-01-15T10:57:17","guid":{"rendered":"https:\/\/codengine3.ch\/?product=import-placeholder-for-200657"},"modified":"2025-01-04T13:34:17","modified_gmt":"2025-01-04T12:34:17","slug":"das-beste-aus-den-huettenkuechen","status":"publish","type":"product","link":"https:\/\/pizbube.ch\/en\/shop\/das-beste-aus-den-huettenkuechen\/","title":{"rendered":"Das Beste aus den H\u00fcttenk\u00fcchen"},"content":{"rendered":"<p>43 Rezepte und Wanderungen zu SAC-H\u00fctten<\/p>\n<p>In diesem grossz\u00fcgigen Bildband werden 43 SAC-H\u00fctten in den Kantonen Bern,<br \/>\nGlarus, Obwalden, Schwyz, Uri und Wallis vorgestellt. Im Mittelpunkt stehen<br \/>\ndie engagierten H\u00fcttenwartinnen und H\u00fcttenwarte, die jeden Tag unter nicht<br \/>\nimmer einfachen Bedingungen feinste Gerichte zubereiten. Sie zeigen ihre<br \/>\npers\u00f6nlichen Rezepte, die sie den Besuchern bei Mittagessen, Rastpausen oder<br \/>\nAbendessen servieren. So zum Beispiel eine \u00abch\u00fcschtige\u00bb Selleriesuppe, eine<br \/>\n\u00abw\u00e4hrschafte\u00bb Zucchetti-Lasagne oder ein \u00abgluschtiger\u00bb Heidelbeerkuchen.<\/p>\n<p>Ein Besuch der H\u00fctten eignet sich auch f\u00fcr Familien mit Kindern, da die meisten<br \/>\nder beschriebenen H\u00fcttenwege nicht schwerer als T3 sind, was auf der Berg- und<br \/>\nAlpinwanderskala einer anspruchsvollen Bergwanderung entspricht. Einige wenige<br \/>\nH\u00fcttenwege laufen unter Alpinwandern (T4) und setzen Vertrautheit in<br \/>\nexponiertem Gel\u00e4nde und gutes Orientierungsverm\u00f6gen voraus. Nebst dem<br \/>\nBeschrieb der H\u00fcttenwege enth\u00e4lt das Buch Informationen zur Anreise,<br \/>\nBewartungszeit im Sommer, \u00dcbernachtung sowie n\u00fctzliche Kontaktangaben.<\/p>\n<p>Aus dem Inhalt:<br \/>\nAlbert-Heim-H\u00fctte, B\u00e4chlitalh\u00fctte, Balmhornh\u00fctte, Baltschiederklause,<br \/>\nBergseeh\u00fctte, Bl\u00fcmlisalph\u00fctte, Brunnih\u00fctte, Chelenalph\u00fctte, Claridenh\u00fctte,<br \/>\nDammah\u00fctte, Les Diablerets H\u00fctte, Dossenh\u00fctte, Etzlih\u00fctte, Fridolinsh\u00fctte,<br \/>\nGaulih\u00fctte, Gelmerh\u00fctte, Geltenh\u00fctte, Glattalph\u00fctte, Gl\u00e4rnischh\u00fctte,<br \/>\nGlecksteinh\u00fctte, Gspalthornh\u00fctte, H\u00fcfih\u00fctte, Kr\u00f6ntenh\u00fctte, L\u00e4mmerenh\u00fctte,<br \/>\nLauteraarh\u00fctte, Leglerh\u00fctte, Leutschachh\u00fctte, Lidernenh\u00fctte, Martinsmadh\u00fctte,<br \/>\nOberaletschh\u00fctte, Rotondoh\u00fctte, Rugghubelh\u00fctte, Salbith\u00fctte, Sewenh\u00fctte,<br \/>\nSpannorth\u00fctte, Sustlih\u00fctte, Tierberglih\u00fctte, Treschh\u00fctte, Trifth\u00fctte,<br \/>\nVoralph\u00fctte, Wildhornh\u00fctte, Wildstrubelh\u00fctte, Windeggh\u00fctte.<\/p>\n<p>3. komplett \u00fcberarbeitete Auflage 2021;<br \/>\n368 Seiten, 21,8 x 25,9 cm, gebunden; Zahlreiche farbige<br \/>\nAbbildungen.<\/p>","protected":false},"excerpt":{"rendered":"<p>43 Rezepte und Wanderungen zu SAC-H\u00fctten In diesem grossz\u00fcgigen Bildband werden 43 SAC-H\u00fctten in den Kantonen Bern, Glarus, Obwalden, Schwyz, Uri und Wallis vorgestellt. Im Mittelpunkt stehen die engagierten H\u00fcttenwartinnen und H\u00fcttenwarte, die jeden Tag unter nicht immer einfachen Bedingungen feinste Gerichte zubereiten. Sie zeigen ihre pers\u00f6nlichen Rezepte, die sie den Besuchern bei Mittagessen, Rastpausen [&#8230;]\n","protected":false},"featured_media":158104,"template":"","meta":[],"product_brand":[],"product_cat":[21542],"product_tag":[26923],"class_list":{"0":"post-148398","1":"product","2":"type-product","3":"status-publish","4":"has-post-thumbnail","6":"product_cat-sachbuecher-dokumentationen","7":"product_tag-huettenrezepte","8":"pa_autor-schulthess-zettel","9":"pa_erscheinungsjahr-25440","10":"pa_region-schweiz","11":"pa_sprache-de","13":"first","14":"onbackorder","15":"taxable","16":"shipping-taxable","17":"purchasable","18":"product-type-simple"},"_links":{"self":[{"href":"https:\/\/pizbube.ch\/en\/wp-json\/wp\/v2\/product\/148398","targetHints":{"allow":["GET"]}}],"collection":[{"href":"https:\/\/pizbube.ch\/en\/wp-json\/wp\/v2\/product"}],"about":[{"href":"https:\/\/pizbube.ch\/en\/wp-json\/wp\/v2\/types\/product"}],"wp:featuredmedia":[{"embeddable":true,"href":"https:\/\/pizbube.ch\/en\/wp-json\/wp\/v2\/media\/158104"}],"wp:attachment":[{"href":"https:\/\/pizbube.ch\/en\/wp-json\/wp\/v2\/media?parent=148398"}],"wp:term":[{"taxonomy":"product_brand","embeddable":true,"href":"https:\/\/pizbube.ch\/en\/wp-json\/wp\/v2\/product_brand?post=148398"},{"taxonomy":"product_cat","embeddable":true,"href":"https:\/\/pizbube.ch\/en\/wp-json\/wp\/v2\/product_cat?post=148398"},{"taxonomy":"product_tag","embeddable":true,"href":"https:\/\/pizbube.ch\/en\/wp-json\/wp\/v2\/product_tag?post=148398"}],"curies":[{"name":"wp","href":"https:\/\/api.w.org\/{rel}","templated":true}]}}