{"id":148400,"date":"2021-01-15T10:57:17","date_gmt":"2021-01-15T10:57:17","guid":{"rendered":"https:\/\/codengine3.ch\/?product=import-placeholder-for-200415"},"modified":"2021-01-15T10:57:23","modified_gmt":"2021-01-15T10:57:23","slug":"schneeschuhwandern-osttirol-sappada-alta-carnia-comelico","status":"publish","type":"product","link":"https:\/\/pizbube.ch\/en\/shop\/schneeschuhwandern-osttirol-sappada-alta-carnia-comelico\/","title":{"rendered":"Schneeschuhwandern Osttirol &#8211; Sappada-Alta Carnia-Comelico"},"content":{"rendered":"<p>Die sch\u00f6nsten Schneeschuhtouren in den \u00f6stlichen Dolomiten &#8211; 60 Touren.  <\/p>\n<p>In diesem F\u00fchrer werden 60 der sch\u00f6nsten Schneeschuhrouten in Osttirol,<br \/>\nSappada\/Pladen und Comelico mit spektakul\u00e4ren und informativen Luftbildern<br \/>\nvorgestellt. Jede Tour ist versehen mit den wichtigsten technischen Daten wie<br \/>\nAnfahrt, Ausgangspunkt, Parkm\u00f6glichkeiten, Gehzeit, H\u00f6henunterschied,<br \/>\nSchwierigkeit, Kartenmaterial sowie einer detaillierten Wegbeschreibung. Eine<br \/>\nphantastische Luftbildaufnahme mit eingezeichneter Route vervollst\u00e4ndigt die<br \/>\njeweilige Schneeschuhroute.  <\/p>\n<p>Alle Touren werden mit spektatul\u00e4ren und informativen Luftbildaufnahmen<br \/>\nvorgestellt. Jede Tour ist versehen mit den wichtigsten technischen Daten wie<br \/>\nAnfahrt, Ausgangspunkt, Parkm\u00f6glichkeiten, Gehzeit, H\u00f6henunterschied,<br \/>\nSchwierigkeit, Kartenmaterial sowie detallierter Wegbeschreibung.<\/p>","protected":false},"excerpt":{"rendered":"<p>Die sch\u00f6nsten Schneeschuhtouren in den \u00f6stlichen Dolomiten &#8211; 60 Touren. In diesem F\u00fchrer werden 60 der sch\u00f6nsten Schneeschuhrouten in Osttirol, Sappada\/Pladen und Comelico mit spektakul\u00e4ren und informativen Luftbildern vorgestellt. Jede Tour ist versehen mit den wichtigsten technischen Daten wie Anfahrt, Ausgangspunkt, Parkm\u00f6glichkeiten, Gehzeit, H\u00f6henunterschied, Schwierigkeit, Kartenmaterial sowie einer detaillierten Wegbeschreibung. Eine phantastische Luftbildaufnahme mit eingezeichneter [&#8230;]\n","protected":false},"featured_media":26839,"template":"","meta":[],"product_brand":[],"product_cat":[21540],"product_tag":[],"class_list":{"0":"post-148400","1":"product","2":"type-product","3":"status-publish","4":"has-post-thumbnail","6":"product_cat-fuehrerliteratur-alpin-winter","7":"pa_autor-habernig-mariacher-puntil","8":"pa_erscheinungsjahr-21550","9":"pa_region-italien","10":"pa_sprache-de","12":"first","13":"instock","14":"taxable","15":"shipping-taxable","16":"purchasable","17":"product-type-simple"},"_links":{"self":[{"href":"https:\/\/pizbube.ch\/en\/wp-json\/wp\/v2\/product\/148400","targetHints":{"allow":["GET"]}}],"collection":[{"href":"https:\/\/pizbube.ch\/en\/wp-json\/wp\/v2\/product"}],"about":[{"href":"https:\/\/pizbube.ch\/en\/wp-json\/wp\/v2\/types\/product"}],"wp:featuredmedia":[{"embeddable":true,"href":"https:\/\/pizbube.ch\/en\/wp-json\/wp\/v2\/media\/26839"}],"wp:attachment":[{"href":"https:\/\/pizbube.ch\/en\/wp-json\/wp\/v2\/media?parent=148400"}],"wp:term":[{"taxonomy":"product_brand","embeddable":true,"href":"https:\/\/pizbube.ch\/en\/wp-json\/wp\/v2\/product_brand?post=148400"},{"taxonomy":"product_cat","embeddable":true,"href":"https:\/\/pizbube.ch\/en\/wp-json\/wp\/v2\/product_cat?post=148400"},{"taxonomy":"product_tag","embeddable":true,"href":"https:\/\/pizbube.ch\/en\/wp-json\/wp\/v2\/product_tag?post=148400"}],"curies":[{"name":"wp","href":"https:\/\/api.w.org\/{rel}","templated":true}]}}