{"id":148401,"date":"2021-01-15T10:57:17","date_gmt":"2021-01-15T10:57:17","guid":{"rendered":"https:\/\/codengine3.ch\/?product=import-placeholder-for-205969"},"modified":"2021-01-15T14:45:20","modified_gmt":"2021-01-15T14:45:20","slug":"schitouren-in-den-suedalpen-ii","status":"publish","type":"product","link":"https:\/\/pizbube.ch\/en\/shop\/schitouren-in-den-suedalpen-ii\/","title":{"rendered":"Schitouren in den S\u00fcdalpen II"},"content":{"rendered":"<p>80 Traumrouten zwischen Laserzwand und Hochalmspitze.  <\/p>\n<p>Die Seele K\u00e4rntens, die Hohen Tauern, stehen im Mittelpunkt dieses Buches.<br \/>\nNeben Genussklassikern wie dem Gro\u00dfglockner, dem Sonnblick oder der<br \/>\nHochalmspitze locken auch zahlreiche vorwiegend unbekannte Anstiege, etwa in<br \/>\nder Glockner-, Schober- oder Rei\u00dfeckgruppe. Da und dort werden dabei die<br \/>\nK\u00e4rntner Landesgrenzen Richtung Osttirol oder Salzburg \u00fcberschritten.<br \/>\nSchitouren in den Gailtaler Alpen, vor allem den bisher kaum beschriebenen<br \/>\nLienzer Dolomiten, erg\u00e4nzen den zweiten Band der erfahrenen Gebietskenner.<br \/>\nNicht zuletzt prachtvolle Bilder machen Lust auf eigene Spuren im Schnee. . 80<br \/>\nausgew\u00e4hlte Routen aller Schwierigkeitsgrade, mit Varianten . Jede Route mit<br \/>\nKartenausschnitt und technischen Angaben (H\u00f6henmeter, Schwierigkeit,<br \/>\nExposition, Lawinengefahr) . Herausnehmbarer Tourenf\u00fchrer im Taschenformat<br \/>\n176 S.; plus 108 Seiten herausnehmbarer Tourenf\u00fchrer.  <\/p>","protected":false},"excerpt":{"rendered":"<p>80 Traumrouten zwischen Laserzwand und Hochalmspitze. Die Seele K\u00e4rntens, die Hohen Tauern, stehen im Mittelpunkt dieses Buches. Neben Genussklassikern wie dem Gro\u00dfglockner, dem Sonnblick oder der Hochalmspitze locken auch zahlreiche vorwiegend unbekannte Anstiege, etwa in der Glockner-, Schober- oder Rei\u00dfeckgruppe. Da und dort werden dabei die K\u00e4rntner Landesgrenzen Richtung Osttirol oder Salzburg \u00fcberschritten. Schitouren in [&#8230;]\n","protected":false},"featured_media":34834,"template":"","meta":[],"product_brand":[],"product_cat":[21540],"product_tag":[],"class_list":{"0":"post-148401","1":"product","2":"type-product","3":"status-publish","4":"has-post-thumbnail","6":"product_cat-fuehrerliteratur-alpin-winter","7":"pa_autor-zink-assam","8":"pa_erscheinungsjahr-21693","9":"pa_region-oesterreich","10":"pa_sprache-de","12":"first","13":"instock","14":"taxable","15":"shipping-taxable","16":"purchasable","17":"product-type-simple"},"_links":{"self":[{"href":"https:\/\/pizbube.ch\/en\/wp-json\/wp\/v2\/product\/148401","targetHints":{"allow":["GET"]}}],"collection":[{"href":"https:\/\/pizbube.ch\/en\/wp-json\/wp\/v2\/product"}],"about":[{"href":"https:\/\/pizbube.ch\/en\/wp-json\/wp\/v2\/types\/product"}],"wp:featuredmedia":[{"embeddable":true,"href":"https:\/\/pizbube.ch\/en\/wp-json\/wp\/v2\/media\/34834"}],"wp:attachment":[{"href":"https:\/\/pizbube.ch\/en\/wp-json\/wp\/v2\/media?parent=148401"}],"wp:term":[{"taxonomy":"product_brand","embeddable":true,"href":"https:\/\/pizbube.ch\/en\/wp-json\/wp\/v2\/product_brand?post=148401"},{"taxonomy":"product_cat","embeddable":true,"href":"https:\/\/pizbube.ch\/en\/wp-json\/wp\/v2\/product_cat?post=148401"},{"taxonomy":"product_tag","embeddable":true,"href":"https:\/\/pizbube.ch\/en\/wp-json\/wp\/v2\/product_tag?post=148401"}],"curies":[{"name":"wp","href":"https:\/\/api.w.org\/{rel}","templated":true}]}}