{"id":148404,"date":"2021-01-15T10:57:18","date_gmt":"2021-01-15T10:57:18","guid":{"rendered":"https:\/\/codengine3.ch\/?product=import-placeholder-for-200417"},"modified":"2021-01-15T10:57:23","modified_gmt":"2021-01-15T10:57:23","slug":"hundert-tage-tibet","status":"publish","type":"product","link":"https:\/\/pizbube.ch\/en\/shop\/hundert-tage-tibet\/","title":{"rendered":"Hundert Tage Tibet"},"content":{"rendered":"<p>Das Versprechen<\/p>\n<p>Geheimnisvolles Tibet<\/p>\n<p>Im Jahr 2011 begleitete der Fotograf York Hovest den Dalai Lama w\u00e4hrend seines<br \/>\nDeutschlandbesuchs. Bei dieser Begegnung gab er ihm das Versprechen, sein Land<br \/>\nzu portr\u00e4tieren und der Welt zu zeigen, wie es dort heute aussieht. Nach einer<br \/>\neinj\u00e4hrigen Vorbereitung f\u00fcr diese fast unm\u00f6gliche Reise machte sich York<br \/>\nHovest auf eine atemberaubende Expedition: Hundert Tage lang war er in Tibet<br \/>\nunterwegs \u2014 zu Fu\u00df, auf dem Motorrad und mit dem Auto.<\/p>\n<p>Immer wieder wagte er sich in schwer zug\u00e4ngliches und verbotenes Terrain, in<br \/>\ndas Besucher nur selten vordringen. Dieses Unterfangen gelang nur mit der<br \/>\ntatkr\u00e4ftigen Hilfe der Tibeter, die ihn an ihrem Leben teilhaben lie\u00dfen und<br \/>\nihm gro\u00dfes Vertrauen entgegenbrachten. York Hovest begleitete sie zu geheimen<br \/>\nOrten, gelangte bei minus 30 Grad in 6000 Meter H\u00f6he an die Grenzen seiner<br \/>\nphysischen Belastbarkeit und die seiner Kameraausr\u00fcstung. In eindrucksvollen<br \/>\nBildern f\u00e4ngt er nicht nur die erhabene Landschaft ein, sondern mit<br \/>\nergreifenden Portr\u00e4ts tibetischer Nomaden und M\u00f6nche auch die Seele dieses<br \/>\ngeheimnisvollen Landes.<\/p>","protected":false},"excerpt":{"rendered":"<p>Das Versprechen Geheimnisvolles Tibet Im Jahr 2011 begleitete der Fotograf York Hovest den Dalai Lama w\u00e4hrend seines Deutschlandbesuchs. Bei dieser Begegnung gab er ihm das Versprechen, sein Land zu portr\u00e4tieren und der Welt zu zeigen, wie es dort heute aussieht. Nach einer einj\u00e4hrigen Vorbereitung f\u00fcr diese fast unm\u00f6gliche Reise machte sich York Hovest auf eine [&#8230;]\n","protected":false},"featured_media":26829,"template":"","meta":[],"product_brand":[],"product_cat":[21542],"product_tag":[],"class_list":{"0":"post-148404","1":"product","2":"type-product","3":"status-publish","4":"has-post-thumbnail","6":"product_cat-sachbuecher-dokumentationen","7":"pa_autor-hovest","8":"pa_erscheinungsjahr-21550","9":"pa_region-asien","10":"pa_sprache-de","12":"first","13":"instock","14":"taxable","15":"shipping-taxable","16":"purchasable","17":"product-type-simple"},"_links":{"self":[{"href":"https:\/\/pizbube.ch\/en\/wp-json\/wp\/v2\/product\/148404","targetHints":{"allow":["GET"]}}],"collection":[{"href":"https:\/\/pizbube.ch\/en\/wp-json\/wp\/v2\/product"}],"about":[{"href":"https:\/\/pizbube.ch\/en\/wp-json\/wp\/v2\/types\/product"}],"wp:featuredmedia":[{"embeddable":true,"href":"https:\/\/pizbube.ch\/en\/wp-json\/wp\/v2\/media\/26829"}],"wp:attachment":[{"href":"https:\/\/pizbube.ch\/en\/wp-json\/wp\/v2\/media?parent=148404"}],"wp:term":[{"taxonomy":"product_brand","embeddable":true,"href":"https:\/\/pizbube.ch\/en\/wp-json\/wp\/v2\/product_brand?post=148404"},{"taxonomy":"product_cat","embeddable":true,"href":"https:\/\/pizbube.ch\/en\/wp-json\/wp\/v2\/product_cat?post=148404"},{"taxonomy":"product_tag","embeddable":true,"href":"https:\/\/pizbube.ch\/en\/wp-json\/wp\/v2\/product_tag?post=148404"}],"curies":[{"name":"wp","href":"https:\/\/api.w.org\/{rel}","templated":true}]}}