{"id":148405,"date":"2021-01-15T10:57:18","date_gmt":"2021-01-15T10:57:18","guid":{"rendered":"https:\/\/codengine3.ch\/?product=import-placeholder-for-202748"},"modified":"2021-01-15T12:38:58","modified_gmt":"2021-01-15T12:38:58","slug":"everest-versant-tibetain","status":"publish","type":"product","link":"https:\/\/pizbube.ch\/en\/shop\/everest-versant-tibetain\/","title":{"rendered":"Everest versant Tib\u00e9tain"},"content":{"rendered":"<p>Au printemps 2001, une exp\u00e9dition r\u00e9ussit l&#8217;ascension du versant tib\u00e9tain<br \/>\n(nord). Elle ne vise pas l&#8217;exploit &#8211; bien que, pour la premi\u00e8re fois, un des<br \/>\nmembres &#8218; surfe &#8218; l&#8217;Everest et deux redescendent en parapente.<br \/>\nCe livre n&#8217;est pas le journal de bord de cette exp\u00e9dition, mais retrace le<br \/>\nchemin qui, depuis Kathmandou et \u00e0 travers le Tibet, m\u00e8ne les exp\u00e9ditions sur<br \/>\nle sommet de la Terre, longtemps consid\u00e9r\u00e9 comme inaccessible en raison des<br \/>\nconditions extr\u00eames qui y r\u00e8gnent. Cet itin\u00e9raire en compagnie des sherpas<br \/>\nn\u00e9palais et des yackmen tib\u00e9tains, et l&#8216; ascension finale modifient<br \/>\nradicalement la perception de soi et du monde, vu d&#8216; en haut &#8218;. 143 pages.<\/p>","protected":false},"excerpt":{"rendered":"<p>Au printemps 2001, une exp\u00e9dition r\u00e9ussit l&#8217;ascension du versant tib\u00e9tain (nord). Elle ne vise pas l&#8217;exploit &#8211; bien que, pour la premi\u00e8re fois, un des membres &#8218; surfe &#8218; l&#8217;Everest et deux redescendent en parapente. Ce livre n&#8217;est pas le journal de bord de cette exp\u00e9dition, mais retrace le chemin qui, depuis Kathmandou et \u00e0 [&#8230;]\n","protected":false},"featured_media":30191,"template":"","meta":[],"product_brand":[],"product_cat":[21542],"product_tag":[],"class_list":{"0":"post-148405","1":"product","2":"type-product","3":"status-publish","4":"has-post-thumbnail","6":"product_cat-sachbuecher-dokumentationen","7":"pa_autor-porte","8":"pa_erscheinungsjahr-22144","9":"pa_region-asien","10":"pa_sprache-fr","12":"first","13":"instock","14":"taxable","15":"shipping-taxable","16":"purchasable","17":"product-type-simple"},"_links":{"self":[{"href":"https:\/\/pizbube.ch\/en\/wp-json\/wp\/v2\/product\/148405","targetHints":{"allow":["GET"]}}],"collection":[{"href":"https:\/\/pizbube.ch\/en\/wp-json\/wp\/v2\/product"}],"about":[{"href":"https:\/\/pizbube.ch\/en\/wp-json\/wp\/v2\/types\/product"}],"wp:featuredmedia":[{"embeddable":true,"href":"https:\/\/pizbube.ch\/en\/wp-json\/wp\/v2\/media\/30191"}],"wp:attachment":[{"href":"https:\/\/pizbube.ch\/en\/wp-json\/wp\/v2\/media?parent=148405"}],"wp:term":[{"taxonomy":"product_brand","embeddable":true,"href":"https:\/\/pizbube.ch\/en\/wp-json\/wp\/v2\/product_brand?post=148405"},{"taxonomy":"product_cat","embeddable":true,"href":"https:\/\/pizbube.ch\/en\/wp-json\/wp\/v2\/product_cat?post=148405"},{"taxonomy":"product_tag","embeddable":true,"href":"https:\/\/pizbube.ch\/en\/wp-json\/wp\/v2\/product_tag?post=148405"}],"curies":[{"name":"wp","href":"https:\/\/api.w.org\/{rel}","templated":true}]}}