{"id":148410,"date":"2021-01-15T10:57:18","date_gmt":"2021-01-15T10:57:18","guid":{"rendered":"https:\/\/codengine3.ch\/?product=import-placeholder-for-200418"},"modified":"2021-01-15T10:57:24","modified_gmt":"2021-01-15T10:57:24","slug":"tod-an-der-alpspitze-garmisch-krimi","status":"publish","type":"product","link":"https:\/\/pizbube.ch\/en\/shop\/tod-an-der-alpspitze-garmisch-krimi\/","title":{"rendered":"Tod an der Alpspitze &#8211; (Garmisch-Krimi)"},"content":{"rendered":"<p>Kletter-Krimi: Besessenheit und Mord in den bayrischen Alpen<\/p>\n<p>Ihr Leben ist ziemlich perfekt: Seit einem Jahr ist Jana mit Bruno<br \/>\nverheiratet. Durch ihn hat sie die Berge kennengelernt, inzwischen klettert<br \/>\nsie begeistert. Zwar arbeitet sie weiterhin als Grafikerin, doch sein Erfolg<br \/>\nals Gesch\u00e4ftsmann erm\u00f6glicht es ihr, h\u00e4ufig ihrer Leidenschaft nachzugehen. So<br \/>\nauch an ihrem Geburtstag: Bei einer Tour auf die Notkarspitze entdeckt sie am<br \/>\nGipfel einen Strau\u00df roter Rosen. Wie nett von Bruno! Nur, dass der Strau\u00df gar<br \/>\nnicht von ihm stammt &#8230; Die ungewollten Liebesbeweise nehmen zu, es folgen<br \/>\nMails und Anrufe, und schlie\u00dflich muss Jana erkennen: Sie hat einen heimlichen<br \/>\nVerehrer \u2013 der ihr immer n\u00e4her kommt, zur Bedrohung wird.<\/p>\n<p>Wer k\u00f6nnte es sein? In Frage kommen eigentlich nur ihre Kletterfreunde \u2013 aber<br \/>\nwer von ihnen k\u00f6nnte es sein? Bruno wird indessen immer eifers\u00fcchtiger &#8230; Als<br \/>\nsie mit ihm und ihrer Clique die Alpspitz-Ferrata begeht, geschieht etwas<br \/>\nSchreckliches: Bruno st\u00fcrzt t\u00f6dlich ab. Es sieht wie ein Unfall aus, doch der<br \/>\nPolizeibergf\u00fchrer Sebastian hat Zweifel. Mit ihm zusammen sucht Jana in den<br \/>\nBergen um Garmisch-Partenkirchen und im Oberreintal nach Antworten.<br \/>\nSchlie\u00dflich beschlie\u00dfen sie, eine Falle zu stellen: eine Entscheidung, die<br \/>\nJana am Jubil\u00e4umsgrat beinahe mit ihrem Leben bezahlt.  <\/p>","protected":false},"excerpt":{"rendered":"<ul>\n<li><a href=\"https:\/\/pizbube.ch\/wp-content\/uploads\/attachments\/a_003\/27D1F161F9E8CC48887DCA59B67098C5.pdf\" target=\"_blank\" rel=\"noopener\">PDF: tod_an_der_alpspitze_leseprobe.pdf<\/a><\/li>\n<\/ul>","protected":false},"featured_media":26837,"template":"","meta":[],"product_brand":[],"product_cat":[21629],"product_tag":[],"class_list":{"0":"post-148410","1":"product","2":"type-product","3":"status-publish","4":"has-post-thumbnail","6":"product_cat-belletristik","7":"pa_autor-braun","8":"pa_erscheinungsjahr-21546","9":"pa_region-deutschland","10":"pa_sprache-de","12":"first","13":"instock","14":"taxable","15":"shipping-taxable","16":"purchasable","17":"product-type-simple"},"_links":{"self":[{"href":"https:\/\/pizbube.ch\/en\/wp-json\/wp\/v2\/product\/148410","targetHints":{"allow":["GET"]}}],"collection":[{"href":"https:\/\/pizbube.ch\/en\/wp-json\/wp\/v2\/product"}],"about":[{"href":"https:\/\/pizbube.ch\/en\/wp-json\/wp\/v2\/types\/product"}],"wp:featuredmedia":[{"embeddable":true,"href":"https:\/\/pizbube.ch\/en\/wp-json\/wp\/v2\/media\/26837"}],"wp:attachment":[{"href":"https:\/\/pizbube.ch\/en\/wp-json\/wp\/v2\/media?parent=148410"}],"wp:term":[{"taxonomy":"product_brand","embeddable":true,"href":"https:\/\/pizbube.ch\/en\/wp-json\/wp\/v2\/product_brand?post=148410"},{"taxonomy":"product_cat","embeddable":true,"href":"https:\/\/pizbube.ch\/en\/wp-json\/wp\/v2\/product_cat?post=148410"},{"taxonomy":"product_tag","embeddable":true,"href":"https:\/\/pizbube.ch\/en\/wp-json\/wp\/v2\/product_tag?post=148410"}],"curies":[{"name":"wp","href":"https:\/\/api.w.org\/{rel}","templated":true}]}}