{"id":148412,"date":"2021-01-15T10:57:18","date_gmt":"2021-01-15T10:57:18","guid":{"rendered":"https:\/\/codengine3.ch\/?product=import-placeholder-for-206791"},"modified":"2021-01-15T14:52:01","modified_gmt":"2021-01-15T14:52:01","slug":"verraten-monika-trautners-zweiter-fall","status":"publish","type":"product","link":"https:\/\/pizbube.ch\/en\/shop\/verraten-monika-trautners-zweiter-fall\/","title":{"rendered":"Verraten &#8211; Monika Trautners zweiter Fall"},"content":{"rendered":"<p>Ein Fest in einem Wochenendhaus am Tegernsee endet mit einem Mord. Welcher<br \/>\nGast hat mit einem Beil zugeschlagen? Die Privatdetektivin Monika Trautner und<br \/>\nihr Enkel ermitteln am Gardasee, in den Dolomiten und in den bayerischen Alpen<br \/>\n\u2013 bis sie dem T\u00e4ter so nahe kommen, dass er die Initiative ergreift.<\/p>\n<p>Nun muss Oma Trautner um ihr Leben k\u00e4mpfen, und ohne ihre Kletterk\u00fcnste w\u00e4re<br \/>\nsie verloren \u2026<br \/>\nMit der ungew\u00f6hlichen Gro\u00dfmutter Monika Trautner hat Irmgard Braun eine ganz<br \/>\nbesondere Detektiv-Figur geschaffen, die den Leser stets aufs Neue \u00fcberrascht.<br \/>\nMit \u00bbVerraten\u00ab setzt die Autorin diese erfolgreiche Reihe nun fort.<\/p>","protected":false},"excerpt":{"rendered":"<ul>\n<li><a href=\"https:\/\/pizbube.ch\/wp-content\/uploads\/attachments\/a_022\/711418E1B5C7ED27A7EFAF139A76C985.pdf\" target=\"_blank\" rel=\"noopener\">PDF: Leseprobe_Verraten.pdf<\/a><\/li>\n<\/ul>","protected":false},"featured_media":36143,"template":"","meta":[],"product_brand":[],"product_cat":[21629],"product_tag":[],"class_list":{"0":"post-148412","1":"product","2":"type-product","3":"status-publish","4":"has-post-thumbnail","6":"product_cat-belletristik","7":"pa_autor-braun","8":"pa_erscheinungsjahr-21574","9":"pa_region-deutschland","10":"pa_sprache-de","12":"first","13":"instock","14":"taxable","15":"shipping-taxable","16":"purchasable","17":"product-type-simple"},"_links":{"self":[{"href":"https:\/\/pizbube.ch\/en\/wp-json\/wp\/v2\/product\/148412","targetHints":{"allow":["GET"]}}],"collection":[{"href":"https:\/\/pizbube.ch\/en\/wp-json\/wp\/v2\/product"}],"about":[{"href":"https:\/\/pizbube.ch\/en\/wp-json\/wp\/v2\/types\/product"}],"wp:featuredmedia":[{"embeddable":true,"href":"https:\/\/pizbube.ch\/en\/wp-json\/wp\/v2\/media\/36143"}],"wp:attachment":[{"href":"https:\/\/pizbube.ch\/en\/wp-json\/wp\/v2\/media?parent=148412"}],"wp:term":[{"taxonomy":"product_brand","embeddable":true,"href":"https:\/\/pizbube.ch\/en\/wp-json\/wp\/v2\/product_brand?post=148412"},{"taxonomy":"product_cat","embeddable":true,"href":"https:\/\/pizbube.ch\/en\/wp-json\/wp\/v2\/product_cat?post=148412"},{"taxonomy":"product_tag","embeddable":true,"href":"https:\/\/pizbube.ch\/en\/wp-json\/wp\/v2\/product_tag?post=148412"}],"curies":[{"name":"wp","href":"https:\/\/api.w.org\/{rel}","templated":true}]}}