{"id":148414,"date":"2021-01-15T10:57:18","date_gmt":"2021-01-15T10:57:18","guid":{"rendered":"https:\/\/codengine3.ch\/?product=import-placeholder-for-200419"},"modified":"2021-01-15T10:57:24","modified_gmt":"2021-01-15T10:57:24","slug":"powder-die-50-aufregendsten-skiabfahrten-der-welt","status":"publish","type":"product","link":"https:\/\/pizbube.ch\/en\/shop\/powder-die-50-aufregendsten-skiabfahrten-der-welt\/","title":{"rendered":"Powder &#8211; Die 50 aufregendsten Skiabfahrten der Welt"},"content":{"rendered":"<p>Der frische Geruch von kalter Luft, das Knirschen von Schnee, spektakul\u00e4re<br \/>\nAusblicke ins Tal, das Adrenalin, wenn es steil und schnell wird &#8211; Skifahren<br \/>\nist eine Leidenschaft, die einen das ganze Leben nicht mehr los l\u00e4sst. F\u00fcr<br \/>\nalle, denen es genauso geht, gibt es jetzt das passende Buch zum Tr\u00e4umen und<br \/>\nPlanen. Lange Abfahrten, Steilh\u00e4nge und Tiefschnee, dass es staubt: &#171;Powder&#187;<br \/>\nist der ultimative Guide f\u00fcr die aufregendsten Skipisten der Welt.<\/p>\n<p>Neben den Klassikern wie Chamonix, Whistler, Garmisch-Partenkirchen oder<br \/>\nKitzb\u00fchel finden sich exotische Locations im Himalaja, dem Atlasgebirge und<br \/>\nden Anden. Abfahrten von Gletschern, das Meer und Eisschollen vor Augen, oder<br \/>\nvon einem Vulkan, Weltcup-Abfahrten oder freundliche Firnh\u00e4nge: Jede<br \/>\nSkiabfahrt wird genau beschrieben und auf einer Karte verortet.<\/p>","protected":false},"excerpt":{"rendered":"<p>Der frische Geruch von kalter Luft, das Knirschen von Schnee, spektakul\u00e4re Ausblicke ins Tal, das Adrenalin, wenn es steil und schnell wird &#8211; Skifahren ist eine Leidenschaft, die einen das ganze Leben nicht mehr los l\u00e4sst. F\u00fcr alle, denen es genauso geht, gibt es jetzt das passende Buch zum Tr\u00e4umen und Planen. Lange Abfahrten, Steilh\u00e4nge [&#8230;]\n","protected":false},"featured_media":26875,"template":"","meta":[],"product_brand":[],"product_cat":[21540],"product_tag":[],"class_list":{"0":"post-148414","1":"product","2":"type-product","3":"status-publish","4":"has-post-thumbnail","6":"product_cat-fuehrerliteratur-alpin-winter","7":"pa_autor-thorne","8":"pa_erscheinungsjahr-21550","9":"pa_region-uebrigers-europa","10":"pa_sprache-de","12":"first","13":"outofstock","14":"taxable","15":"shipping-taxable","16":"purchasable","17":"product-type-simple"},"_links":{"self":[{"href":"https:\/\/pizbube.ch\/en\/wp-json\/wp\/v2\/product\/148414","targetHints":{"allow":["GET"]}}],"collection":[{"href":"https:\/\/pizbube.ch\/en\/wp-json\/wp\/v2\/product"}],"about":[{"href":"https:\/\/pizbube.ch\/en\/wp-json\/wp\/v2\/types\/product"}],"wp:featuredmedia":[{"embeddable":true,"href":"https:\/\/pizbube.ch\/en\/wp-json\/wp\/v2\/media\/26875"}],"wp:attachment":[{"href":"https:\/\/pizbube.ch\/en\/wp-json\/wp\/v2\/media?parent=148414"}],"wp:term":[{"taxonomy":"product_brand","embeddable":true,"href":"https:\/\/pizbube.ch\/en\/wp-json\/wp\/v2\/product_brand?post=148414"},{"taxonomy":"product_cat","embeddable":true,"href":"https:\/\/pizbube.ch\/en\/wp-json\/wp\/v2\/product_cat?post=148414"},{"taxonomy":"product_tag","embeddable":true,"href":"https:\/\/pizbube.ch\/en\/wp-json\/wp\/v2\/product_tag?post=148414"}],"curies":[{"name":"wp","href":"https:\/\/api.w.org\/{rel}","templated":true}]}}