{"id":148417,"date":"2021-01-15T10:57:18","date_gmt":"2021-01-15T10:57:18","guid":{"rendered":"https:\/\/codengine3.ch\/?product=import-placeholder-for-208683"},"modified":"2021-01-15T17:56:43","modified_gmt":"2021-01-15T17:56:43","slug":"freeriden-einfach","status":"publish","type":"product","link":"https:\/\/pizbube.ch\/en\/shop\/freeriden-einfach\/","title":{"rendered":"Freeriden einfach"},"content":{"rendered":"<p>Erlebnisorientiert. Innovativ. Einfach strukturiert. Praxisgerecht. So<br \/>\npr\u00e4sentiert sich der neue Schneesport-Lehrplan des Deutschen<br \/>\nSkilehrerverbands.<\/p>\n<p>Zielsetzung ist, die einzelnen Bereiche auf die individuelle Betreuung der<br \/>\nLernenden und auf konkrete Probleml\u00f6sungen abzustimmen. Die Lehrpl\u00e4ne sind ein<br \/>\nabsolutes Muss f\u00fcr jeden der rund 15.000 Skilehrer, aber auch kompetente<br \/>\nUnterrichts\u00adbegleiter f\u00fcr die rund 320.000 Skisch\u00fcler pro Saison! Der DSLV-<br \/>\nLehrplan.<\/p>","protected":false},"excerpt":{"rendered":"<p>Erlebnisorientiert. Innovativ. Einfach strukturiert. Praxisgerecht. So pr\u00e4sentiert sich der neue Schneesport-Lehrplan des Deutschen Skilehrerverbands. Zielsetzung ist, die einzelnen Bereiche auf die individuelle Betreuung der Lernenden und auf konkrete Probleml\u00f6sungen abzustimmen. Die Lehrpl\u00e4ne sind ein absolutes Muss f\u00fcr jeden der rund 15.000 Skilehrer, aber auch kompetente Unterrichts\u00adbegleiter f\u00fcr die rund 320.000 Skisch\u00fcler pro Saison! Der DSLV- [&#8230;]\n","protected":false},"featured_media":40942,"template":"","meta":[],"product_brand":[],"product_cat":[21538],"product_tag":[],"class_list":{"0":"post-148417","1":"product","2":"type-product","3":"status-publish","4":"has-post-thumbnail","6":"product_cat-lehrbuecher","7":"pa_autor-pohl-sojer-holzmann","8":"pa_erscheinungsjahr-21621","9":"pa_region-alpin-winter","10":"pa_sprache-de","12":"first","13":"instock","14":"taxable","15":"shipping-taxable","16":"purchasable","17":"product-type-simple"},"_links":{"self":[{"href":"https:\/\/pizbube.ch\/en\/wp-json\/wp\/v2\/product\/148417","targetHints":{"allow":["GET"]}}],"collection":[{"href":"https:\/\/pizbube.ch\/en\/wp-json\/wp\/v2\/product"}],"about":[{"href":"https:\/\/pizbube.ch\/en\/wp-json\/wp\/v2\/types\/product"}],"wp:featuredmedia":[{"embeddable":true,"href":"https:\/\/pizbube.ch\/en\/wp-json\/wp\/v2\/media\/40942"}],"wp:attachment":[{"href":"https:\/\/pizbube.ch\/en\/wp-json\/wp\/v2\/media?parent=148417"}],"wp:term":[{"taxonomy":"product_brand","embeddable":true,"href":"https:\/\/pizbube.ch\/en\/wp-json\/wp\/v2\/product_brand?post=148417"},{"taxonomy":"product_cat","embeddable":true,"href":"https:\/\/pizbube.ch\/en\/wp-json\/wp\/v2\/product_cat?post=148417"},{"taxonomy":"product_tag","embeddable":true,"href":"https:\/\/pizbube.ch\/en\/wp-json\/wp\/v2\/product_tag?post=148417"}],"curies":[{"name":"wp","href":"https:\/\/api.w.org\/{rel}","templated":true}]}}