{"id":148418,"date":"2021-01-15T10:57:18","date_gmt":"2021-01-15T10:57:18","guid":{"rendered":"https:\/\/codengine3.ch\/?product=import-placeholder-for-207363"},"modified":"2023-06-08T10:47:52","modified_gmt":"2023-06-08T08:47:52","slug":"freeride-guide-jungfrau-region","status":"publish","type":"product","link":"https:\/\/pizbube.ch\/en\/shop\/freeride-guide-jungfrau-region\/","title":{"rendered":"freeride guide Jungfrau Region"},"content":{"rendered":"<p>Total 43 Variantenvorschl\u00e4ge aus den Skigebieten Grindelwald-First, Kleine<br \/>\nScheidegg-M\u00e4nnlichen und M\u00fcrren-Schilthorn \u2013 systematisch beschrieben und<br \/>\nbeurteilt nach Kriterien wie Schwierigkeitsgrad, Zeitbedarf, Hangexposition,<br \/>\nSteilheit, H\u00f6henunterschied, Zeitbedarf f\u00fcr all\u00e4llige Aufstiege, Positives,<br \/>\nNegatives, Gefahrenhinweise, Hinweise auf Wildschutzgebiete und Wissenswertes.<br \/>\nDer empfohlene Routenverlauf kann dabei auf topographischen \u00dcbersichtskarten<br \/>\nim Massstab 1:50\u2018000 sowie teilweise auch auf Fotos nachgeschlagen werden.<br \/>\nWeiter beinhaltet das Buch eine Checkliste zur Tourenvorbereitung. Der<br \/>\nFreeride Guide hat 144 Seiten und ist zweisprachig verfasst (Deutsch und<br \/>\nEnglisch).<\/p>\n<p>Described are 43 freeride runs in the Jungfrau Region: Grindelwald-First,<br \/>\nKleine Scheidegg-M\u00e4nnlichen and M\u00fcrren-Schilthorn. The runs are indicated in<br \/>\ntopographical Swissmaps; also you have infos about ascent time, difficulty,<br \/>\nsteepness, dangers&#8230; 144 pages and many inspiring photos!<\/p>","protected":false},"excerpt":{"rendered":"<ul>\n<li><strong><a href=\"https:\/\/pizbube.ch\/wp-content\/uploads\/attachments\/a_024\/8610324E0ED6C841283230B3CAFAB89B.pdf\" target=\"_blank\" rel=\"noopener\">PDF: freeride guide Jungfrau Region Beispieltour<\/a><\/strong><\/li>\n<\/ul>","protected":false},"featured_media":37259,"template":"","meta":[],"product_brand":[],"product_cat":[21540],"product_tag":[],"class_list":{"0":"post-148418","1":"product","2":"type-product","3":"status-publish","4":"has-post-thumbnail","6":"product_cat-fuehrerliteratur-alpin-winter","7":"pa_autor-fischer","8":"pa_erscheinungsjahr-21621","9":"pa_region-schweiz","10":"pa_sprache-de","12":"first","13":"instock","14":"taxable","15":"shipping-taxable","16":"purchasable","17":"product-type-simple"},"_links":{"self":[{"href":"https:\/\/pizbube.ch\/en\/wp-json\/wp\/v2\/product\/148418","targetHints":{"allow":["GET"]}}],"collection":[{"href":"https:\/\/pizbube.ch\/en\/wp-json\/wp\/v2\/product"}],"about":[{"href":"https:\/\/pizbube.ch\/en\/wp-json\/wp\/v2\/types\/product"}],"wp:featuredmedia":[{"embeddable":true,"href":"https:\/\/pizbube.ch\/en\/wp-json\/wp\/v2\/media\/37259"}],"wp:attachment":[{"href":"https:\/\/pizbube.ch\/en\/wp-json\/wp\/v2\/media?parent=148418"}],"wp:term":[{"taxonomy":"product_brand","embeddable":true,"href":"https:\/\/pizbube.ch\/en\/wp-json\/wp\/v2\/product_brand?post=148418"},{"taxonomy":"product_cat","embeddable":true,"href":"https:\/\/pizbube.ch\/en\/wp-json\/wp\/v2\/product_cat?post=148418"},{"taxonomy":"product_tag","embeddable":true,"href":"https:\/\/pizbube.ch\/en\/wp-json\/wp\/v2\/product_tag?post=148418"}],"curies":[{"name":"wp","href":"https:\/\/api.w.org\/{rel}","templated":true}]}}