{"id":148420,"date":"2021-01-15T10:57:18","date_gmt":"2021-01-15T10:57:18","guid":{"rendered":"https:\/\/codengine3.ch\/?product=import-placeholder-for-200420"},"modified":"2022-08-19T15:06:09","modified_gmt":"2022-08-19T13:06:09","slug":"quer-durch-die-julischen-alpen","status":"publish","type":"product","link":"https:\/\/pizbube.ch\/en\/shop\/quer-durch-die-julischen-alpen\/","title":{"rendered":"Quer durch die Julischen Alpen"},"content":{"rendered":"<p>Vom Triglav-Nationalpark Sloweniens in die Voralpen des Friauls &#8211; Die<br \/>\nEntdeckung einer neuen Wanderregion<\/p>\n<p>Schroff und einsam, lieblich und gastfreundlich, steil und farbenreich<br \/>\npr\u00e4sentieren sich die Berge der Su\u0308dostalpen.<br \/>\nDie Julischen Alpen verbinden Slowenien und Italien und sind von jeher ein<br \/>\nbegegnungs- und ereignisreicher Raum. Hier treffen sich drei europ\u00e4ische<br \/>\nSprach- und V\u00f6lkergruppen: die Germanen, Romanen und Slawen.<\/p>\n<p>Dieser Wanderfu\u0308hrer ist eine Einladung, die Region in ihrer ganzen<br \/>\nlandschaftlichen und kulturellen Vielfalt zu erkunden. 10 mehrt\u00e4gige und 12<br \/>\neint\u00e4gige Touren er\u00f6ffnen individuelle Kombinationsm\u00f6glichkeiten. Allesamt<br \/>\nfu\u0308hren sie zu atemberaubend sch\u00f6nen Zielen: der Triglav Nationalpark oder der<br \/>\nParco Naturale Regionale delle Prealpi Giulie, die wilden Nordw\u00e4nde im Savatal<br \/>\noder die tief eingeschnittenen Seitent\u00e4ler der tu\u0308rkisblauen So\u010da.<\/p>\n<p>Bernhard Herold und Dagmar Kop\u0161e erz\u00e4hlen unterwegs auch von turbulenten<br \/>\nhistorischen Momenten: \u00d6sterreich-Ungarn ging hier unter, Mussolini besetzte<br \/>\ndas So\u010datal bis zum Triglav, und Jugoslawien grenzte da an den Westen.<br \/>\nKulinarische K\u00f6stlichkeiten und die aufmerksame, herzliche Gastfreundschaft<br \/>\nbelohnen nach einer eindrucksvollen Tour. Und \u2013 die Julischen Alpen liegen<br \/>\nn\u00e4her, als man denkt: nur die Dauer einer Reise in einem der letzten<br \/>\nNachtzu\u0308ge Mitteleuropas entfernt.<\/p>\n<p>1. Auflage Mai 2014<br \/>\n304 Seiten, Farbfotos und Routenskizzen \u00dcbersichtskarte und Serviceteil<\/p>","protected":false},"excerpt":{"rendered":"<ul>\n<li><a href=\"https:\/\/pizbube.ch\/wp-content\/uploads\/attachments\/a_025\/9D44852394C76CD616E6B31DDB3E22BC.pdf\" target=\"_blank\" rel=\"noopener\">PDF: quer durch die julische alpen-probekapitel.pdf<\/a><\/li>\n<\/ul>","protected":false},"featured_media":163253,"template":"","meta":[],"product_brand":[],"product_cat":[21605],"product_tag":[],"class_list":{"0":"post-148420","1":"product","2":"type-product","3":"status-publish","4":"has-post-thumbnail","6":"product_cat-wanderfuehrer-trekking","7":"pa_autor-herold-kopse","8":"pa_erscheinungsjahr-21550","9":"pa_region-osteuropa","10":"pa_sprache-de","12":"first","13":"instock","14":"taxable","15":"shipping-taxable","16":"purchasable","17":"product-type-simple"},"_links":{"self":[{"href":"https:\/\/pizbube.ch\/en\/wp-json\/wp\/v2\/product\/148420","targetHints":{"allow":["GET"]}}],"collection":[{"href":"https:\/\/pizbube.ch\/en\/wp-json\/wp\/v2\/product"}],"about":[{"href":"https:\/\/pizbube.ch\/en\/wp-json\/wp\/v2\/types\/product"}],"wp:featuredmedia":[{"embeddable":true,"href":"https:\/\/pizbube.ch\/en\/wp-json\/wp\/v2\/media\/163253"}],"wp:attachment":[{"href":"https:\/\/pizbube.ch\/en\/wp-json\/wp\/v2\/media?parent=148420"}],"wp:term":[{"taxonomy":"product_brand","embeddable":true,"href":"https:\/\/pizbube.ch\/en\/wp-json\/wp\/v2\/product_brand?post=148420"},{"taxonomy":"product_cat","embeddable":true,"href":"https:\/\/pizbube.ch\/en\/wp-json\/wp\/v2\/product_cat?post=148420"},{"taxonomy":"product_tag","embeddable":true,"href":"https:\/\/pizbube.ch\/en\/wp-json\/wp\/v2\/product_tag?post=148420"}],"curies":[{"name":"wp","href":"https:\/\/api.w.org\/{rel}","templated":true}]}}