{"id":148422,"date":"2021-01-15T10:57:18","date_gmt":"2021-01-15T10:57:18","guid":{"rendered":"https:\/\/codengine3.ch\/?product=import-placeholder-for-201506"},"modified":"2024-05-25T09:21:18","modified_gmt":"2024-05-25T07:21:18","slug":"julische-alpen-1-50-000","status":"publish","type":"product","link":"https:\/\/pizbube.ch\/en\/shop\/julische-alpen-1-50-000\/","title":{"rendered":"Julische Alpen 1: 50 000"},"content":{"rendered":"<p>Wanderkarte vom Triglav Nationalpark, Wander-, Rad- und Freizeitkarte.<\/p>\n<p>Mit Freizeitf\u00fchrer, 31 S. und Ortsregister. WK 141<\/p>\n<p>freytag &amp; berndt Wanderkarten sind dank der detaillierten digitalen<br \/>\nKartographie und der genauen Ma\u00dfst\u00e4be ideale Begleiter beim Wandern,<br \/>\nBergsteigen und auf Skitouren. Die WK 141 &#171;Julische Alpen, Wanderkarte<br \/>\n1:50.000&#187; wird regelm\u00e4\u00dfig \u00fcberarbeitet und enth\u00e4lt aktualisierte<br \/>\nInformationen zu Wanderwegen, Rad- und Mountainbikestrecken, H\u00fctten,<br \/>\nNaturdenkm\u00e4lern, kulturellen Sehensw\u00fcrdigkeiten und Freizeiteinrichtungen.<\/p>\n<p>Das beiliegende Informationsheft enth\u00e4lt eine Auswahl der besten Wanderwege,<br \/>\nRadwege und Mountainbikestrecken sowie eine kurze Beschreibung der einzelnen<br \/>\nGemeinden mit ihrem Freizeitangebot. (Sprache: Deutsch)Details:<br \/>\nFreizeitinformationen, Wander- und Weitwanderwege, Mountainbike- und<br \/>\nRadtouren, Ortsregister mit Postleitzahlen, Klettersteig<\/p>","protected":false},"excerpt":{"rendered":"<p>Wanderkarte vom Triglav Nationalpark, Wander-, Rad- und Freizeitkarte. Mit Freizeitf\u00fchrer, 31 S. und Ortsregister. WK 141 freytag &amp; berndt Wanderkarten sind dank der detaillierten digitalen Kartographie und der genauen Ma\u00dfst\u00e4be ideale Begleiter beim Wandern, Bergsteigen und auf Skitouren. Die WK 141 &#171;Julische Alpen, Wanderkarte 1:50.000&#187; wird regelm\u00e4\u00dfig \u00fcberarbeitet und enth\u00e4lt aktualisierte Informationen zu Wanderwegen, Rad- [&#8230;]\n","protected":false},"featured_media":39916,"template":"","meta":[],"product_brand":[],"product_cat":[21543],"product_tag":[],"class_list":{"0":"post-148422","1":"product","2":"type-product","3":"status-publish","4":"has-post-thumbnail","6":"product_cat-landkarten","7":"pa_autor-freytag-berndt","8":"pa_erscheinungsjahr-21546","9":"pa_region-osteuropa","10":"pa_sprache-de","12":"first","13":"instock","14":"taxable","15":"shipping-taxable","16":"purchasable","17":"product-type-simple"},"_links":{"self":[{"href":"https:\/\/pizbube.ch\/en\/wp-json\/wp\/v2\/product\/148422","targetHints":{"allow":["GET"]}}],"collection":[{"href":"https:\/\/pizbube.ch\/en\/wp-json\/wp\/v2\/product"}],"about":[{"href":"https:\/\/pizbube.ch\/en\/wp-json\/wp\/v2\/types\/product"}],"wp:featuredmedia":[{"embeddable":true,"href":"https:\/\/pizbube.ch\/en\/wp-json\/wp\/v2\/media\/39916"}],"wp:attachment":[{"href":"https:\/\/pizbube.ch\/en\/wp-json\/wp\/v2\/media?parent=148422"}],"wp:term":[{"taxonomy":"product_brand","embeddable":true,"href":"https:\/\/pizbube.ch\/en\/wp-json\/wp\/v2\/product_brand?post=148422"},{"taxonomy":"product_cat","embeddable":true,"href":"https:\/\/pizbube.ch\/en\/wp-json\/wp\/v2\/product_cat?post=148422"},{"taxonomy":"product_tag","embeddable":true,"href":"https:\/\/pizbube.ch\/en\/wp-json\/wp\/v2\/product_tag?post=148422"}],"curies":[{"name":"wp","href":"https:\/\/api.w.org\/{rel}","templated":true}]}}